{"id":30655,"date":"2023-09-07T14:43:08","date_gmt":"2023-09-07T11:43:08","guid":{"rendered":"https:\/\/www.inspark.com\/isleri-degistirmek-mumkun-2-2\/"},"modified":"2023-09-09T17:12:00","modified_gmt":"2023-09-09T14:12:00","slug":"isleri-degistirmek-mumkun-2-2","status":"publish","type":"page","link":"https:\/\/www.inspark.com\/en\/journey_of_progress","title":{"rendered":"Journey of Progress"},"content":{"rendered":"[vc_row rt_row_background_width=&#8221;fullwidth&#8221; rt_row_content_width=&#8221;fullwidth&#8221; rt_row_style=&#8221;default-style&#8221; rt_column_placement=&#8221;middle&#8221; rt_row_borders=&#8221;&#8221; rt_row_paddings=&#8221;false&#8221; rt_bg_image=&#8221;22493&#8243; rt_bg_effect=&#8221;classic&#8221; rt_bg_image_repeat=&#8221;repeat&#8221; rt_bg_size=&#8221;cover&#8221; rt_bg_position=&#8221;right top&#8221; rt_bg_attachment=&#8221;scroll&#8221; rt_bg_video_format=&#8221;youtube&#8221; margin_top=&#8221;0px&#8221; full_width=&#8221;&#8221; padding_left=&#8221;0&#8243; padding_right=&#8221;0&#8243; bg_position=&#8221;top&#8221; bg_repeat=&#8221;no-repeat&#8221; bg_cover=&#8221;false&#8221; bg_attachment=&#8221;false&#8221; padding_top=&#8221;0&#8243; padding_bottom=&#8221;0&#8243; enable_parallax=&#8221;&#8221; parallax_speed=&#8221;0.1&#8243; min_height=&#8221;300px&#8221; rt_bg_video_youtube=&#8221;https:\/\/www.youtube.com\/watch?v=sj1wOnelTNk&amp;feature=youtu.be&#8221; rt_row_height=&#8221;300px&#8221; rt_bg_overlay_color=&#8221;rgba(1,69,130,0.7)&#8221;][vc_column rt_wrp_col_paddings=&#8221;false&#8221; rt_border_top=&#8221;&#8221; rt_border_bottom=&#8221;&#8221; rt_border_left=&#8221;&#8221; rt_border_right=&#8221;&#8221; rt_border_top_mobile=&#8221;&#8221; rt_border_bottom_mobile=&#8221;&#8221; rt_border_left_mobile=&#8221;&#8221; rt_border_right_mobile=&#8221;&#8221; rt_bg_image_repeat=&#8221;repeat&#8221; rt_bg_size=&#8221;auto auto&#8221; rt_bg_position=&#8221;right top&#8221; rt_bg_attachment=&#8221;scroll&#8221; animation=&#8221;&#8221; css=&#8221;.vc_custom_1522501066821{margin: 0px !important;border-width: 0px !important;padding: 0px !important;}&#8221;][\/vc_column][\/vc_row][vc_row rt_row_background_width=&#8221;fullwidth&#8221; rt_row_content_width=&#8221;fullwidth&#8221; rt_row_style=&#8221;default-style&#8221; rt_column_placement=&#8221;middle&#8221; rt_row_borders=&#8221;&#8221; rt_overlap=&#8221;true&#8221; rt_row_paddings=&#8221;false&#8221; rt_bg_image=&#8221;22581&#8243; rt_bg_effect=&#8221;classic&#8221; rt_bg_image_repeat=&#8221;no-repeat&#8221; rt_bg_size=&#8221;cover&#8221; rt_bg_position=&#8221;right top&#8221; rt_bg_attachment=&#8221;scroll&#8221; rt_bg_video_format=&#8221;youtube&#8221; margin_top=&#8221;0px&#8221; full_width=&#8221;&#8221; padding_left=&#8221;0&#8243; padding_right=&#8221;0&#8243; bg_position=&#8221;top&#8221; bg_repeat=&#8221;no-repeat&#8221; bg_cover=&#8221;false&#8221; bg_attachment=&#8221;false&#8221; padding_top=&#8221;0&#8243; padding_bottom=&#8221;0&#8243; enable_parallax=&#8221;&#8221; parallax_speed=&#8221;0.1&#8243; min_height=&#8221;300px&#8221; class=&#8221;divoverlap&#8221;][vc_column rt_wrp_col_paddings=&#8221;false&#8221; rt_border_top=&#8221;&#8221; rt_border_bottom=&#8221;&#8221; rt_border_left=&#8221;&#8221; rt_border_right=&#8221;&#8221; rt_border_top_mobile=&#8221;&#8221; rt_border_bottom_mobile=&#8221;&#8221; rt_border_left_mobile=&#8221;&#8221; rt_border_right_mobile=&#8221;&#8221; rt_bg_image_repeat=&#8221;repeat&#8221; rt_bg_size=&#8221;auto auto&#8221; rt_bg_position=&#8221;right top&#8221; rt_bg_attachment=&#8221;scroll&#8221; animation=&#8221;&#8221; css=&#8221;.vc_custom_1522501066821{margin: 0px !important;border-width: 0px !important;padding: 0px !important;}&#8221;][vc_row_inner rt_row_style=&#8221;global-style&#8221; rt_row_borders=&#8221;&#8221; rt_equal_heights=&#8221;true&#8221; rt_row_paddings=&#8221;true&#8221; rt_bg_effect=&#8221;classic&#8221; rt_bg_image_repeat=&#8221;repeat&#8221; rt_bg_size=&#8221;cover&#8221; rt_bg_position=&#8221;right top&#8221; rt_bg_attachment=&#8221;scroll&#8221; rt_bg_video_format=&#8221;self-hosted&#8221;][vc_column_inner width=&#8221;1\/12&#8243; rt_wrp_col_paddings=&#8221;false&#8221; rt_border_top=&#8221;&#8221; rt_border_bottom=&#8221;&#8221; rt_border_left=&#8221;&#8221; rt_border_right=&#8221;&#8221; rt_border_top_mobile=&#8221;&#8221; rt_border_bottom_mobile=&#8221;&#8221; rt_border_left_mobile=&#8221;&#8221; rt_border_right_mobile=&#8221;&#8221; rt_bg_image_repeat=&#8221;repeat&#8221; rt_bg_size=&#8221;auto auto&#8221; rt_bg_position=&#8221;right top&#8221; rt_bg_attachment=&#8221;scroll&#8221;][\/vc_column_inner][vc_column_inner width=&#8221;5\/12&#8243; rt_wrp_col_paddings=&#8221;false&#8221; rt_border_top=&#8221;&#8221; rt_border_bottom=&#8221;&#8221; rt_border_left=&#8221;&#8221; rt_border_right=&#8221;&#8221; rt_border_top_mobile=&#8221;&#8221; rt_border_bottom_mobile=&#8221;&#8221; rt_border_left_mobile=&#8221;&#8221; rt_border_right_mobile=&#8221;&#8221; rt_bg_image_repeat=&#8221;repeat&#8221; rt_bg_size=&#8221;auto auto&#8221; rt_bg_position=&#8221;right top&#8221; rt_bg_attachment=&#8221;scroll&#8221; css=&#8221;.vc_custom_1524002032316{background-color: #ffffff !important;}&#8221; class=&#8221;sol-kolon&#8221;][vc_custom_heading text=&#8221;Progress&#8221; font_container=&#8221;tag:h1|text_align:left|color:%23000000&#8243; use_theme_fonts=&#8221;yes&#8221;][vc_separator style=&#8221;style-2&#8243; border_width=&#8221;3&#8243; color=&#8221;#000000&#8243;][vc_empty_space][vc_column_text]The emergence of new ideas, discovering new opportunities, creating solutions to new problems, and testing new methods are essential for reaching your goals. Overcoming the limitations of old ways, updating knowledge and skills, and adapting to changing conditions are necessary for successful development. Were you talking about success in a situation where there is no progress? Not possible.<\/p>\n<p><strong>Journey to a new experience.<\/strong><\/p>\n<p>We will take our business partners on a journey that adds value to their businesses, offering new and enriched experiences towards development and progress. This journey will symbolize the values, dynamism, and growth we carry in our genes. We call this the Journey of Progress.<\/p>\n<p><strong>Enrich your experience.<\/strong><\/p>\n<p>Our journey promises brands a transformative experience centered around an inspiring story of change aimed at enriching their overall experience.<\/p>\n<p><strong>We are constantly improving and moving forward.<\/strong><\/p>\n<p>Each year, our team grows more substantial with the addition of new members and the contributions of our existing team. We look forward to future updates, advancements in technology, and changes in the market that will set us apart from the competition.[\/vc_column_text][\/vc_column_inner][vc_column_inner width=&#8221;5\/12&#8243; rt_wrp_col_paddings=&#8221;false&#8221; rt_border_top=&#8221;&#8221; rt_border_bottom=&#8221;&#8221; rt_border_left=&#8221;&#8221; rt_border_right=&#8221;&#8221; rt_border_top_mobile=&#8221;&#8221; rt_border_bottom_mobile=&#8221;&#8221; rt_border_left_mobile=&#8221;&#8221; rt_border_right_mobile=&#8221;&#8221; rt_bg_image_repeat=&#8221;repeat&#8221; rt_bg_size=&#8221;auto auto&#8221; rt_bg_position=&#8221;right top&#8221; rt_bg_attachment=&#8221;scroll&#8221; css=&#8221;.vc_custom_1524013155522{background-color: #ffffff !important;}&#8221; class=&#8221;sag-kolon&#8221;][vc_single_image image=&#8221;30126&#8243; img_size=&#8221;full&#8221; alignment=&#8221;center&#8221; onclick=&#8221;custom_link&#8221; css_animation=&#8221;none&#8221;][\/vc_column_inner][vc_column_inner width=&#8221;1\/12&#8243; rt_wrp_col_paddings=&#8221;false&#8221; rt_border_top=&#8221;&#8221; rt_border_bottom=&#8221;&#8221; rt_border_left=&#8221;&#8221; rt_border_right=&#8221;&#8221; rt_border_top_mobile=&#8221;&#8221; rt_border_bottom_mobile=&#8221;&#8221; rt_border_left_mobile=&#8221;&#8221; rt_border_right_mobile=&#8221;&#8221; rt_bg_image_repeat=&#8221;repeat&#8221; rt_bg_size=&#8221;auto auto&#8221; rt_bg_position=&#8221;right top&#8221; rt_bg_attachment=&#8221;scroll&#8221;][\/vc_column_inner][\/vc_row_inner][vc_empty_space height=&#8221;100px&#8221;][\/vc_column][\/vc_row]\n","protected":false},"excerpt":{"rendered":"<p>[vc_row rt_row_background_width=&#8221;fullwidth&#8221; rt_row_content_width=&#8221;fullwidth&#8221; rt_row_style=&#8221;default-style&#8221; rt_column_placement=&#8221;middle&#8221; rt_row_borders=&#8221;&#8221; rt_row_paddings=&#8221;false&#8221; rt_bg_image=&#8221;22493&#8243; rt_bg_effect=&#8221;classic&#8221; rt_bg_image_repeat=&#8221;repeat&#8221; rt_bg_size=&#8221;cover&#8221; rt_bg_position=&#8221;right top&#8221; rt_bg_attachment=&#8221;scroll&#8221; rt_bg_video_format=&#8221;youtube&#8221; margin_top=&#8221;0px&#8221; full_width=&#8221;&#8221; padding_left=&#8221;0&#8243; padding_right=&#8221;0&#8243; bg_position=&#8221;top&#8221; [&hellip;]<\/p>\n","protected":false},"author":11,"featured_media":0,"parent":0,"menu_order":0,"comment_status":"closed","ping_status":"closed","template":"","meta":{"footnotes":""},"class_list":["post-30655","page","type-page","status-publish","hentry"],"yoast_head":"<!-- This site is optimized with the Yoast SEO Premium plugin v20.9 (Yoast SEO v26.0) - https:\/\/yoast.com\/wordpress\/plugins\/seo\/ -->\n<title>Journey of Progress<\/title>\n<meta name=\"robots\" content=\"index, follow, max-snippet:-1, max-image-preview:large, max-video-preview:-1\" \/>\n<link rel=\"canonical\" href=\"https:\/\/www.inspark.com\/en\/journey_of_progress\/\" \/>\n<meta property=\"og:locale\" content=\"en_US\" \/>\n<meta property=\"og:type\" content=\"article\" \/>\n<meta property=\"og:title\" content=\"Journey of Progress\" \/>\n<meta property=\"og:description\" content=\"[vc_row rt_row_background_width=&#8221;fullwidth&#8221; rt_row_content_width=&#8221;fullwidth&#8221; rt_row_style=&#8221;default-style&#8221; rt_column_placement=&#8221;middle&#8221; rt_row_borders=&#8221;&#8221; rt_row_paddings=&#8221;false&#8221; rt_bg_image=&#8221;22493&#8243; rt_bg_effect=&#8221;classic&#8221; rt_bg_image_repeat=&#8221;repeat&#8221; rt_bg_size=&#8221;cover&#8221; rt_bg_position=&#8221;right top&#8221; rt_bg_attachment=&#8221;scroll&#8221; rt_bg_video_format=&#8221;youtube&#8221; margin_top=&#8221;0px&#8221; full_width=&#8221;&#8221; padding_left=&#8221;0&#8243; padding_right=&#8221;0&#8243; bg_position=&#8221;top&#8221; [&hellip;]\" \/>\n<meta property=\"og:url\" content=\"https:\/\/www.inspark.com\/en\/journey_of_progress\" \/>\n<meta property=\"og:site_name\" content=\"Salesforce T\u00fcrkiye Yetkili Sat\u0131c\u0131s\u0131 ve \u0130\u015f Orta\u011f\u0131\" \/>\n<meta property=\"article:modified_time\" content=\"2023-09-09T14:12:00+00:00\" \/>\n<meta name=\"twitter:card\" content=\"summary_large_image\" \/>\n<meta name=\"twitter:label1\" content=\"Est. reading time\" \/>\n\t<meta name=\"twitter:data1\" content=\"3 minutes\" \/>\n<script type=\"application\/ld+json\" class=\"yoast-schema-graph\">{\"@context\":\"https:\/\/schema.org\",\"@graph\":[{\"@type\":\"WebPage\",\"@id\":\"https:\/\/www.inspark.com\/en\/journey_of_progress\",\"url\":\"https:\/\/www.inspark.com\/en\/journey_of_progress\",\"name\":\"Journey of Progress\",\"isPartOf\":{\"@id\":\"https:\/\/www.inspark.com\/en\/#website\"},\"datePublished\":\"2023-09-07T11:43:08+00:00\",\"dateModified\":\"2023-09-09T14:12:00+00:00\",\"breadcrumb\":{\"@id\":\"https:\/\/www.inspark.com\/en\/journey_of_progress#breadcrumb\"},\"inLanguage\":\"en-US\",\"potentialAction\":[{\"@type\":\"ReadAction\",\"target\":[\"https:\/\/www.inspark.com\/en\/journey_of_progress\"]}]},{\"@type\":\"BreadcrumbList\",\"@id\":\"https:\/\/www.inspark.com\/en\/journey_of_progress#breadcrumb\",\"itemListElement\":[{\"@type\":\"ListItem\",\"position\":1,\"name\":\"Ana sayfa\",\"item\":\"https:\/\/www.inspark.com\/en\/\"},{\"@type\":\"ListItem\",\"position\":2,\"name\":\"Journey of Progress\"}]},{\"@type\":\"WebSite\",\"@id\":\"https:\/\/www.inspark.com\/en\/#website\",\"url\":\"https:\/\/www.inspark.com\/en\/\",\"name\":\"Salesforce T\u00fcrkiye Yetkili Sat\u0131c\u0131s\u0131 ve \u0130\u015f Orta\u011f\u0131\",\"description\":\"&quot;Your Intelligent Partner&quot;\",\"potentialAction\":[{\"@type\":\"SearchAction\",\"target\":{\"@type\":\"EntryPoint\",\"urlTemplate\":\"https:\/\/www.inspark.com\/en\/?s={search_term_string}\"},\"query-input\":{\"@type\":\"PropertyValueSpecification\",\"valueRequired\":true,\"valueName\":\"search_term_string\"}}],\"inLanguage\":\"en-US\"}]}<\/script>\n<!-- \/ Yoast SEO Premium plugin. -->","yoast_head_json":{"title":"Journey of Progress","robots":{"index":"index","follow":"follow","max-snippet":"max-snippet:-1","max-image-preview":"max-image-preview:large","max-video-preview":"max-video-preview:-1"},"canonical":"https:\/\/www.inspark.com\/en\/journey_of_progress\/","og_locale":"en_US","og_type":"article","og_title":"Journey of Progress","og_description":"[vc_row rt_row_background_width=&#8221;fullwidth&#8221; rt_row_content_width=&#8221;fullwidth&#8221; rt_row_style=&#8221;default-style&#8221; rt_column_placement=&#8221;middle&#8221; rt_row_borders=&#8221;&#8221; rt_row_paddings=&#8221;false&#8221; rt_bg_image=&#8221;22493&#8243; rt_bg_effect=&#8221;classic&#8221; rt_bg_image_repeat=&#8221;repeat&#8221; rt_bg_size=&#8221;cover&#8221; rt_bg_position=&#8221;right top&#8221; rt_bg_attachment=&#8221;scroll&#8221; rt_bg_video_format=&#8221;youtube&#8221; margin_top=&#8221;0px&#8221; full_width=&#8221;&#8221; padding_left=&#8221;0&#8243; padding_right=&#8221;0&#8243; bg_position=&#8221;top&#8221; [&hellip;]","og_url":"https:\/\/www.inspark.com\/en\/journey_of_progress","og_site_name":"Salesforce T\u00fcrkiye Yetkili Sat\u0131c\u0131s\u0131 ve \u0130\u015f Orta\u011f\u0131","article_modified_time":"2023-09-09T14:12:00+00:00","twitter_card":"summary_large_image","twitter_misc":{"Est. reading time":"3 minutes"},"schema":{"@context":"https:\/\/schema.org","@graph":[{"@type":"WebPage","@id":"https:\/\/www.inspark.com\/en\/journey_of_progress","url":"https:\/\/www.inspark.com\/en\/journey_of_progress","name":"Journey of Progress","isPartOf":{"@id":"https:\/\/www.inspark.com\/en\/#website"},"datePublished":"2023-09-07T11:43:08+00:00","dateModified":"2023-09-09T14:12:00+00:00","breadcrumb":{"@id":"https:\/\/www.inspark.com\/en\/journey_of_progress#breadcrumb"},"inLanguage":"en-US","potentialAction":[{"@type":"ReadAction","target":["https:\/\/www.inspark.com\/en\/journey_of_progress"]}]},{"@type":"BreadcrumbList","@id":"https:\/\/www.inspark.com\/en\/journey_of_progress#breadcrumb","itemListElement":[{"@type":"ListItem","position":1,"name":"Ana sayfa","item":"https:\/\/www.inspark.com\/en\/"},{"@type":"ListItem","position":2,"name":"Journey of Progress"}]},{"@type":"WebSite","@id":"https:\/\/www.inspark.com\/en\/#website","url":"https:\/\/www.inspark.com\/en\/","name":"Salesforce T\u00fcrkiye Yetkili Sat\u0131c\u0131s\u0131 ve \u0130\u015f Orta\u011f\u0131","description":"&quot;Your Intelligent Partner&quot;","potentialAction":[{"@type":"SearchAction","target":{"@type":"EntryPoint","urlTemplate":"https:\/\/www.inspark.com\/en\/?s={search_term_string}"},"query-input":{"@type":"PropertyValueSpecification","valueRequired":true,"valueName":"search_term_string"}}],"inLanguage":"en-US"}]}},"_links":{"self":[{"href":"https:\/\/www.inspark.com\/en\/wp-json\/wp\/v2\/pages\/30655","targetHints":{"allow":["GET"]}}],"collection":[{"href":"https:\/\/www.inspark.com\/en\/wp-json\/wp\/v2\/pages"}],"about":[{"href":"https:\/\/www.inspark.com\/en\/wp-json\/wp\/v2\/types\/page"}],"author":[{"embeddable":true,"href":"https:\/\/www.inspark.com\/en\/wp-json\/wp\/v2\/users\/11"}],"replies":[{"embeddable":true,"href":"https:\/\/www.inspark.com\/en\/wp-json\/wp\/v2\/comments?post=30655"}],"version-history":[{"count":6,"href":"https:\/\/www.inspark.com\/en\/wp-json\/wp\/v2\/pages\/30655\/revisions"}],"predecessor-version":[{"id":30799,"href":"https:\/\/www.inspark.com\/en\/wp-json\/wp\/v2\/pages\/30655\/revisions\/30799"}],"wp:attachment":[{"href":"https:\/\/www.inspark.com\/en\/wp-json\/wp\/v2\/media?parent=30655"}],"curies":[{"name":"wp","href":"https:\/\/api.w.org\/{rel}","templated":true}]}}