{"id":30648,"date":"2023-09-07T14:40:32","date_gmt":"2023-09-07T11:40:32","guid":{"rendered":"https:\/\/www.inspark.com\/isleri-degistirmek-mumkun-2\/"},"modified":"2023-09-09T16:16:42","modified_gmt":"2023-09-09T13:16:42","slug":"isleri-degistirmek-mumkun-2","status":"publish","type":"page","link":"https:\/\/www.inspark.com\/en\/we-offer-special-solutions-for-your-industry","title":{"rendered":"We offer special solutions for your industry"},"content":{"rendered":"[vc_row rt_row_background_width=&#8221;fullwidth&#8221; rt_row_content_width=&#8221;fullwidth&#8221; rt_row_style=&#8221;default-style&#8221; rt_column_placement=&#8221;middle&#8221; rt_row_borders=&#8221;&#8221; rt_row_paddings=&#8221;false&#8221; rt_bg_image=&#8221;22493&#8243; rt_bg_effect=&#8221;classic&#8221; rt_bg_image_repeat=&#8221;repeat&#8221; rt_bg_size=&#8221;cover&#8221; rt_bg_position=&#8221;right top&#8221; rt_bg_attachment=&#8221;scroll&#8221; rt_bg_video_format=&#8221;youtube&#8221; margin_top=&#8221;0px&#8221; full_width=&#8221;&#8221; padding_left=&#8221;0&#8243; padding_right=&#8221;0&#8243; bg_position=&#8221;top&#8221; bg_repeat=&#8221;no-repeat&#8221; bg_cover=&#8221;false&#8221; bg_attachment=&#8221;false&#8221; padding_top=&#8221;0&#8243; padding_bottom=&#8221;0&#8243; enable_parallax=&#8221;&#8221; parallax_speed=&#8221;0.1&#8243; min_height=&#8221;300px&#8221; rt_bg_video_youtube=&#8221;https:\/\/www.youtube.com\/watch?v=sj1wOnelTNk&amp;feature=youtu.be&#8221; rt_row_height=&#8221;300px&#8221; rt_bg_overlay_color=&#8221;rgba(1,69,130,0.7)&#8221;][vc_column rt_wrp_col_paddings=&#8221;false&#8221; rt_border_top=&#8221;&#8221; rt_border_bottom=&#8221;&#8221; rt_border_left=&#8221;&#8221; rt_border_right=&#8221;&#8221; rt_border_top_mobile=&#8221;&#8221; rt_border_bottom_mobile=&#8221;&#8221; rt_border_left_mobile=&#8221;&#8221; rt_border_right_mobile=&#8221;&#8221; rt_bg_image_repeat=&#8221;repeat&#8221; rt_bg_size=&#8221;auto auto&#8221; rt_bg_position=&#8221;right top&#8221; rt_bg_attachment=&#8221;scroll&#8221; animation=&#8221;&#8221; css=&#8221;.vc_custom_1522501066821{margin: 0px !important;border-width: 0px !important;padding: 0px !important;}&#8221;][\/vc_column][\/vc_row][vc_row rt_row_background_width=&#8221;fullwidth&#8221; rt_row_content_width=&#8221;fullwidth&#8221; rt_row_style=&#8221;default-style&#8221; rt_column_placement=&#8221;middle&#8221; rt_row_borders=&#8221;&#8221; rt_overlap=&#8221;true&#8221; rt_row_paddings=&#8221;false&#8221; rt_bg_image=&#8221;22581&#8243; rt_bg_effect=&#8221;classic&#8221; rt_bg_image_repeat=&#8221;no-repeat&#8221; rt_bg_size=&#8221;cover&#8221; rt_bg_position=&#8221;right top&#8221; rt_bg_attachment=&#8221;scroll&#8221; rt_bg_video_format=&#8221;youtube&#8221; margin_top=&#8221;0px&#8221; full_width=&#8221;&#8221; padding_left=&#8221;0&#8243; padding_right=&#8221;0&#8243; bg_position=&#8221;top&#8221; bg_repeat=&#8221;no-repeat&#8221; bg_cover=&#8221;false&#8221; bg_attachment=&#8221;false&#8221; padding_top=&#8221;0&#8243; padding_bottom=&#8221;0&#8243; enable_parallax=&#8221;&#8221; parallax_speed=&#8221;0.1&#8243; min_height=&#8221;300px&#8221; class=&#8221;divoverlap&#8221;][vc_column rt_wrp_col_paddings=&#8221;false&#8221; rt_border_top=&#8221;&#8221; rt_border_bottom=&#8221;&#8221; rt_border_left=&#8221;&#8221; rt_border_right=&#8221;&#8221; rt_border_top_mobile=&#8221;&#8221; rt_border_bottom_mobile=&#8221;&#8221; rt_border_left_mobile=&#8221;&#8221; rt_border_right_mobile=&#8221;&#8221; rt_bg_image_repeat=&#8221;repeat&#8221; rt_bg_size=&#8221;auto auto&#8221; rt_bg_position=&#8221;right top&#8221; rt_bg_attachment=&#8221;scroll&#8221; animation=&#8221;&#8221; css=&#8221;.vc_custom_1522501066821{margin: 0px !important;border-width: 0px !important;padding: 0px !important;}&#8221;][vc_row_inner rt_row_style=&#8221;global-style&#8221; rt_row_borders=&#8221;&#8221; rt_equal_heights=&#8221;true&#8221; rt_row_paddings=&#8221;true&#8221; rt_bg_effect=&#8221;classic&#8221; rt_bg_image_repeat=&#8221;repeat&#8221; rt_bg_size=&#8221;cover&#8221; rt_bg_position=&#8221;right top&#8221; rt_bg_attachment=&#8221;scroll&#8221; rt_bg_video_format=&#8221;self-hosted&#8221;][vc_column_inner width=&#8221;1\/12&#8243; rt_wrp_col_paddings=&#8221;false&#8221; rt_border_top=&#8221;&#8221; rt_border_bottom=&#8221;&#8221; rt_border_left=&#8221;&#8221; rt_border_right=&#8221;&#8221; rt_border_top_mobile=&#8221;&#8221; rt_border_bottom_mobile=&#8221;&#8221; rt_border_left_mobile=&#8221;&#8221; rt_border_right_mobile=&#8221;&#8221; rt_bg_image_repeat=&#8221;repeat&#8221; rt_bg_size=&#8221;auto auto&#8221; rt_bg_position=&#8221;right top&#8221; rt_bg_attachment=&#8221;scroll&#8221;][\/vc_column_inner][vc_column_inner width=&#8221;5\/12&#8243; rt_wrp_col_paddings=&#8221;false&#8221; rt_border_top=&#8221;&#8221; rt_border_bottom=&#8221;&#8221; rt_border_left=&#8221;&#8221; rt_border_right=&#8221;&#8221; rt_border_top_mobile=&#8221;&#8221; rt_border_bottom_mobile=&#8221;&#8221; rt_border_left_mobile=&#8221;&#8221; rt_border_right_mobile=&#8221;&#8221; rt_bg_image_repeat=&#8221;repeat&#8221; rt_bg_size=&#8221;auto auto&#8221; rt_bg_position=&#8221;right top&#8221; rt_bg_attachment=&#8221;scroll&#8221; css=&#8221;.vc_custom_1524002032316{background-color: #ffffff !important;}&#8221; class=&#8221;sol-kolon&#8221;][vc_custom_heading text=&#8221;We offer special solutions for your industry&#8221; font_container=&#8221;tag:h1|text_align:left|color:%23000000&#8243; use_theme_fonts=&#8221;yes&#8221;][vc_separator style=&#8221;style-2&#8243; border_width=&#8221;3&#8243; color=&#8221;#000000&#8243;][vc_empty_space][vc_column_text]We pride ourselves on understanding our business partners deeply.<br \/>\nBy listening closely to their concerns and recognizing their unique needs, we\u2019re able to offer the most effective solutions quickly and accurately. Our flexible approach allows us to create tailored road maps for the future, based on each partner\u2019s specific requirements.[\/vc_column_text][vc_column_text]\n<blockquote><p>&#8220;Our role is to create unique experiences and foster innovation through technology for stronger customer relationships.&#8221;<\/p><\/blockquote>\n[\/vc_column_text][vc_column_text]<strong>Ahead of the times, your place is ready.<\/strong><\/p>\n<p>We offer enterprise CRM solutions and technology services that assist businesses in optimizing their operations, increasing efficiency, and achieving their business goals to stay competitive across dozens of different sectors. Additionally, we focus on keeping businesses at the forefront of technology and industry practices, supporting innovation, and continuous product development. We provide comprehensive support and services to help customers maximize their investments in products and services.<\/p>\n<p><strong>Expert, confident, Effective.<\/strong><\/p>\n<p><strong>Just like you.<\/strong><\/p>\n<p>By utilizing Salesforce, you can consolidate scattered data into one channel and have Inspark as you manage your business from one location. Gain clarity on your business&#8217;s future and confidently make informed decisions. You are always in control and have peace of mind.[\/vc_column_text][\/vc_column_inner][vc_column_inner width=&#8221;5\/12&#8243; rt_wrp_col_paddings=&#8221;false&#8221; rt_border_top=&#8221;&#8221; rt_border_bottom=&#8221;&#8221; rt_border_left=&#8221;&#8221; rt_border_right=&#8221;&#8221; rt_border_top_mobile=&#8221;&#8221; rt_border_bottom_mobile=&#8221;&#8221; rt_border_left_mobile=&#8221;&#8221; rt_border_right_mobile=&#8221;&#8221; rt_bg_image_repeat=&#8221;repeat&#8221; rt_bg_size=&#8221;auto auto&#8221; rt_bg_position=&#8221;right top&#8221; rt_bg_attachment=&#8221;scroll&#8221; css=&#8221;.vc_custom_1524013155522{background-color: #ffffff !important;}&#8221; class=&#8221;sag-kolon&#8221;][vc_single_image image=&#8221;30027&#8243; img_size=&#8221;full&#8221; alignment=&#8221;center&#8221; css_animation=&#8221;none&#8221;][\/vc_column_inner][vc_column_inner width=&#8221;1\/12&#8243; rt_wrp_col_paddings=&#8221;false&#8221; rt_border_top=&#8221;&#8221; rt_border_bottom=&#8221;&#8221; rt_border_left=&#8221;&#8221; rt_border_right=&#8221;&#8221; rt_border_top_mobile=&#8221;&#8221; rt_border_bottom_mobile=&#8221;&#8221; rt_border_left_mobile=&#8221;&#8221; rt_border_right_mobile=&#8221;&#8221; rt_bg_image_repeat=&#8221;repeat&#8221; rt_bg_size=&#8221;auto auto&#8221; rt_bg_position=&#8221;right top&#8221; rt_bg_attachment=&#8221;scroll&#8221;][\/vc_column_inner][\/vc_row_inner][vc_empty_space height=&#8221;100px&#8221;][\/vc_column][\/vc_row]\n","protected":false},"excerpt":{"rendered":"<p>[vc_row rt_row_background_width=&#8221;fullwidth&#8221; rt_row_content_width=&#8221;fullwidth&#8221; rt_row_style=&#8221;default-style&#8221; rt_column_placement=&#8221;middle&#8221; rt_row_borders=&#8221;&#8221; rt_row_paddings=&#8221;false&#8221; rt_bg_image=&#8221;22493&#8243; rt_bg_effect=&#8221;classic&#8221; rt_bg_image_repeat=&#8221;repeat&#8221; rt_bg_size=&#8221;cover&#8221; rt_bg_position=&#8221;right top&#8221; rt_bg_attachment=&#8221;scroll&#8221; rt_bg_video_format=&#8221;youtube&#8221; margin_top=&#8221;0px&#8221; full_width=&#8221;&#8221; padding_left=&#8221;0&#8243; padding_right=&#8221;0&#8243; bg_position=&#8221;top&#8221; [&hellip;]<\/p>\n","protected":false},"author":11,"featured_media":0,"parent":0,"menu_order":0,"comment_status":"closed","ping_status":"closed","template":"","meta":{"footnotes":""},"class_list":["post-30648","page","type-page","status-publish","hentry"],"yoast_head":"<!-- This site is optimized with the Yoast SEO Premium plugin v20.9 (Yoast SEO v26.0) - https:\/\/yoast.com\/wordpress\/plugins\/seo\/ -->\n<title>We offer special solutions for your industry<\/title>\n<meta name=\"robots\" content=\"index, follow, max-snippet:-1, max-image-preview:large, max-video-preview:-1\" \/>\n<link rel=\"canonical\" href=\"https:\/\/www.inspark.com\/en\/we-offer-special-solutions-for-your-industry\/\" \/>\n<meta property=\"og:locale\" content=\"en_US\" \/>\n<meta property=\"og:type\" content=\"article\" \/>\n<meta property=\"og:title\" content=\"We offer special solutions for your industry\" \/>\n<meta property=\"og:description\" content=\"[vc_row rt_row_background_width=&#8221;fullwidth&#8221; rt_row_content_width=&#8221;fullwidth&#8221; rt_row_style=&#8221;default-style&#8221; rt_column_placement=&#8221;middle&#8221; rt_row_borders=&#8221;&#8221; rt_row_paddings=&#8221;false&#8221; rt_bg_image=&#8221;22493&#8243; rt_bg_effect=&#8221;classic&#8221; rt_bg_image_repeat=&#8221;repeat&#8221; rt_bg_size=&#8221;cover&#8221; rt_bg_position=&#8221;right top&#8221; rt_bg_attachment=&#8221;scroll&#8221; rt_bg_video_format=&#8221;youtube&#8221; margin_top=&#8221;0px&#8221; full_width=&#8221;&#8221; padding_left=&#8221;0&#8243; padding_right=&#8221;0&#8243; bg_position=&#8221;top&#8221; [&hellip;]\" \/>\n<meta property=\"og:url\" content=\"https:\/\/www.inspark.com\/en\/we-offer-special-solutions-for-your-industry\" \/>\n<meta property=\"og:site_name\" content=\"Salesforce T\u00fcrkiye Yetkili Sat\u0131c\u0131s\u0131 ve \u0130\u015f Orta\u011f\u0131\" \/>\n<meta property=\"article:modified_time\" content=\"2023-09-09T13:16:42+00:00\" \/>\n<meta name=\"twitter:card\" content=\"summary_large_image\" \/>\n<meta name=\"twitter:label1\" content=\"Est. reading time\" \/>\n\t<meta name=\"twitter:data1\" content=\"3 minutes\" \/>\n<script type=\"application\/ld+json\" class=\"yoast-schema-graph\">{\"@context\":\"https:\/\/schema.org\",\"@graph\":[{\"@type\":\"WebPage\",\"@id\":\"https:\/\/www.inspark.com\/en\/we-offer-special-solutions-for-your-industry\",\"url\":\"https:\/\/www.inspark.com\/en\/we-offer-special-solutions-for-your-industry\",\"name\":\"We offer special solutions for your industry\",\"isPartOf\":{\"@id\":\"https:\/\/www.inspark.com\/en\/#website\"},\"datePublished\":\"2023-09-07T11:40:32+00:00\",\"dateModified\":\"2023-09-09T13:16:42+00:00\",\"breadcrumb\":{\"@id\":\"https:\/\/www.inspark.com\/en\/we-offer-special-solutions-for-your-industry#breadcrumb\"},\"inLanguage\":\"en-US\",\"potentialAction\":[{\"@type\":\"ReadAction\",\"target\":[\"https:\/\/www.inspark.com\/en\/we-offer-special-solutions-for-your-industry\"]}]},{\"@type\":\"BreadcrumbList\",\"@id\":\"https:\/\/www.inspark.com\/en\/we-offer-special-solutions-for-your-industry#breadcrumb\",\"itemListElement\":[{\"@type\":\"ListItem\",\"position\":1,\"name\":\"Ana sayfa\",\"item\":\"https:\/\/www.inspark.com\/en\/\"},{\"@type\":\"ListItem\",\"position\":2,\"name\":\"We offer special solutions for your industry\"}]},{\"@type\":\"WebSite\",\"@id\":\"https:\/\/www.inspark.com\/en\/#website\",\"url\":\"https:\/\/www.inspark.com\/en\/\",\"name\":\"Salesforce T\u00fcrkiye Yetkili Sat\u0131c\u0131s\u0131 ve \u0130\u015f Orta\u011f\u0131\",\"description\":\"&quot;Your Intelligent Partner&quot;\",\"potentialAction\":[{\"@type\":\"SearchAction\",\"target\":{\"@type\":\"EntryPoint\",\"urlTemplate\":\"https:\/\/www.inspark.com\/en\/?s={search_term_string}\"},\"query-input\":{\"@type\":\"PropertyValueSpecification\",\"valueRequired\":true,\"valueName\":\"search_term_string\"}}],\"inLanguage\":\"en-US\"}]}<\/script>\n<!-- \/ Yoast SEO Premium plugin. -->","yoast_head_json":{"title":"We offer special solutions for your industry","robots":{"index":"index","follow":"follow","max-snippet":"max-snippet:-1","max-image-preview":"max-image-preview:large","max-video-preview":"max-video-preview:-1"},"canonical":"https:\/\/www.inspark.com\/en\/we-offer-special-solutions-for-your-industry\/","og_locale":"en_US","og_type":"article","og_title":"We offer special solutions for your industry","og_description":"[vc_row rt_row_background_width=&#8221;fullwidth&#8221; rt_row_content_width=&#8221;fullwidth&#8221; rt_row_style=&#8221;default-style&#8221; rt_column_placement=&#8221;middle&#8221; rt_row_borders=&#8221;&#8221; rt_row_paddings=&#8221;false&#8221; rt_bg_image=&#8221;22493&#8243; rt_bg_effect=&#8221;classic&#8221; rt_bg_image_repeat=&#8221;repeat&#8221; rt_bg_size=&#8221;cover&#8221; rt_bg_position=&#8221;right top&#8221; rt_bg_attachment=&#8221;scroll&#8221; rt_bg_video_format=&#8221;youtube&#8221; margin_top=&#8221;0px&#8221; full_width=&#8221;&#8221; padding_left=&#8221;0&#8243; padding_right=&#8221;0&#8243; bg_position=&#8221;top&#8221; [&hellip;]","og_url":"https:\/\/www.inspark.com\/en\/we-offer-special-solutions-for-your-industry","og_site_name":"Salesforce T\u00fcrkiye Yetkili Sat\u0131c\u0131s\u0131 ve \u0130\u015f Orta\u011f\u0131","article_modified_time":"2023-09-09T13:16:42+00:00","twitter_card":"summary_large_image","twitter_misc":{"Est. reading time":"3 minutes"},"schema":{"@context":"https:\/\/schema.org","@graph":[{"@type":"WebPage","@id":"https:\/\/www.inspark.com\/en\/we-offer-special-solutions-for-your-industry","url":"https:\/\/www.inspark.com\/en\/we-offer-special-solutions-for-your-industry","name":"We offer special solutions for your industry","isPartOf":{"@id":"https:\/\/www.inspark.com\/en\/#website"},"datePublished":"2023-09-07T11:40:32+00:00","dateModified":"2023-09-09T13:16:42+00:00","breadcrumb":{"@id":"https:\/\/www.inspark.com\/en\/we-offer-special-solutions-for-your-industry#breadcrumb"},"inLanguage":"en-US","potentialAction":[{"@type":"ReadAction","target":["https:\/\/www.inspark.com\/en\/we-offer-special-solutions-for-your-industry"]}]},{"@type":"BreadcrumbList","@id":"https:\/\/www.inspark.com\/en\/we-offer-special-solutions-for-your-industry#breadcrumb","itemListElement":[{"@type":"ListItem","position":1,"name":"Ana sayfa","item":"https:\/\/www.inspark.com\/en\/"},{"@type":"ListItem","position":2,"name":"We offer special solutions for your industry"}]},{"@type":"WebSite","@id":"https:\/\/www.inspark.com\/en\/#website","url":"https:\/\/www.inspark.com\/en\/","name":"Salesforce T\u00fcrkiye Yetkili Sat\u0131c\u0131s\u0131 ve \u0130\u015f Orta\u011f\u0131","description":"&quot;Your Intelligent Partner&quot;","potentialAction":[{"@type":"SearchAction","target":{"@type":"EntryPoint","urlTemplate":"https:\/\/www.inspark.com\/en\/?s={search_term_string}"},"query-input":{"@type":"PropertyValueSpecification","valueRequired":true,"valueName":"search_term_string"}}],"inLanguage":"en-US"}]}},"_links":{"self":[{"href":"https:\/\/www.inspark.com\/en\/wp-json\/wp\/v2\/pages\/30648","targetHints":{"allow":["GET"]}}],"collection":[{"href":"https:\/\/www.inspark.com\/en\/wp-json\/wp\/v2\/pages"}],"about":[{"href":"https:\/\/www.inspark.com\/en\/wp-json\/wp\/v2\/types\/page"}],"author":[{"embeddable":true,"href":"https:\/\/www.inspark.com\/en\/wp-json\/wp\/v2\/users\/11"}],"replies":[{"embeddable":true,"href":"https:\/\/www.inspark.com\/en\/wp-json\/wp\/v2\/comments?post=30648"}],"version-history":[{"count":8,"href":"https:\/\/www.inspark.com\/en\/wp-json\/wp\/v2\/pages\/30648\/revisions"}],"predecessor-version":[{"id":30788,"href":"https:\/\/www.inspark.com\/en\/wp-json\/wp\/v2\/pages\/30648\/revisions\/30788"}],"wp:attachment":[{"href":"https:\/\/www.inspark.com\/en\/wp-json\/wp\/v2\/media?parent=30648"}],"curies":[{"name":"wp","href":"https:\/\/api.w.org\/{rel}","templated":true}]}}