{"id":29745,"date":"2023-04-10T02:30:21","date_gmt":"2023-04-09T23:30:21","guid":{"rendered":"https:\/\/www.inspark.com\/?page_id=29745"},"modified":"2023-09-07T12:34:35","modified_gmt":"2023-09-07T09:34:35","slug":"landing-page-test","status":"publish","type":"page","link":"https:\/\/www.inspark.com\/en\/are-you-looking-to-take-your-business-to-the-next-level","title":{"rendered":"Are you looking to take your business to the next level?"},"content":{"rendered":"[vc_row rt_row_background_width=&#8221;default&#8221; rt_row_style=&#8221;default-style&#8221; rt_row_borders=&#8221;&#8221; rt_row_paddings=&#8221;false&#8221; rt_bg_effect=&#8221;classic&#8221; rt_bg_image_repeat=&#8221;repeat&#8221; rt_bg_size=&#8221;cover&#8221; rt_bg_position=&#8221;right top&#8221; rt_bg_attachment=&#8221;scroll&#8221; rt_bg_video_format=&#8221;self-hosted&#8221;][vc_column width=&#8221;1\/2&#8243; rt_wrp_col_paddings=&#8221;false&#8221; rt_border_top=&#8221;&#8221; rt_border_bottom=&#8221;&#8221; rt_border_left=&#8221;&#8221; rt_border_right=&#8221;&#8221; rt_border_top_mobile=&#8221;&#8221; rt_border_bottom_mobile=&#8221;&#8221; rt_border_left_mobile=&#8221;&#8221; rt_border_right_mobile=&#8221;&#8221; rt_bg_image_repeat=&#8221;repeat&#8221; rt_bg_size=&#8221;auto auto&#8221; rt_bg_position=&#8221;right top&#8221; rt_bg_attachment=&#8221;scroll&#8221;][vc_custom_heading source=&#8221;post_title&#8221; font_container=&#8221;tag:h1|text_align:left&#8221; use_theme_fonts=&#8221;yes&#8221; el_class=&#8221;entry-title&#8221;][vc_raw_html css=&#8221;.vc_custom_1681084064843{padding-bottom: 20px !important;}&#8221;]JTNDZGl2JTIwY2xhc3MlM0QlMjJydF9kaXZpZGVyJTIwc3R5bGUtMiUyMCUyMiUyMHN0eWxlJTNEJTIyYm9yZGVyLWNvbG9yJTNBJTIzMDAwJTNCYm9yZGVyLXdpZHRoJTNBM3B4JTNCJTIyJTNFJTNDJTJGZGl2JTNF[\/vc_raw_html][vc_column_text]\n<div style=\"width: 1060px;\" class=\"wp-video\"><!--[if lt IE 9]><script>document.createElement('video');<\/script><![endif]-->\n<video class=\"wp-video-shortcode\" id=\"video-29745-1\" width=\"1060\" height=\"848\" preload=\"metadata\" controls=\"controls\"><source type=\"video\/mp4\" src=\"https:\/\/www.inspark.com\/wp-content\/uploads\/Inspark_Tanitim_ENG_1280x1024_re.mp4?_=1\" \/><a href=\"https:\/\/www.inspark.com\/wp-content\/uploads\/Inspark_Tanitim_ENG_1280x1024_re.mp4\">https:\/\/www.inspark.com\/wp-content\/uploads\/Inspark_Tanitim_ENG_1280x1024_re.mp4<\/a><\/video><\/div>\n[\/vc_column_text]<div class=\"ult-spacer spacer-69e36fe7d85e9\" data-id=\"69e36fe7d85e9\" data-height=\"20\" data-height-mobile=\"20\" data-height-tab=\"20\" data-height-tab-portrait=\"\" data-height-mobile-landscape=\"\" style=\"clear:both;display:block;\"><\/div>[vc_column_text]<span style=\"font-weight: 400;\">Look no further than Inspark, your trusted digital transformation partner. Our team specializes in Salesforce implementation, ensuring a seamless and successful integration of the platform into your business operations. We are dedicated to providing expert guidance and support throughout the implementation process to maximize the benefits of Salesforce for your organization.<\/span><\/p>\n<p><span style=\"font-weight: 400;\">At Inspark, we understand that digital transformation is critical for businesses to stay competitive and succeed in today\u2019s fast-paced environment. That\u2019s why we\u2019re dedicated to helping our clients transform their businesses through Salesforce, the world\u2019s leading CRM platform.<\/span><\/p>\n<p><span style=\"font-weight: 400;\">As a strategic consulting partner and reseller of Salesforce, we have worked with some of the largest and highest-profile customers in Europe and the Middle East.<\/span>[\/vc_column_text][\/vc_column][vc_column width=&#8221;1\/2&#8243; rt_wrp_col_paddings=&#8221;false&#8221; rt_border_top=&#8221;&#8221; rt_border_bottom=&#8221;&#8221; rt_border_left=&#8221;&#8221; rt_border_right=&#8221;&#8221; rt_border_top_mobile=&#8221;&#8221; rt_border_bottom_mobile=&#8221;&#8221; rt_border_left_mobile=&#8221;&#8221; rt_border_right_mobile=&#8221;&#8221; rt_bg_image_repeat=&#8221;repeat&#8221; rt_bg_size=&#8221;auto auto&#8221; rt_bg_position=&#8221;right top&#8221; rt_bg_attachment=&#8221;scroll&#8221; rt_padding_top=&#8221;30px&#8221; rt_padding_bottom=&#8221;30px&#8221; rt_padding_left=&#8221;30px&#8221; rt_padding_right=&#8221;30px&#8221; rt_bg_color=&#8221;#0099df&#8221;][vc_column_text]\n<h4 style=\"color: #ffffff; text-align: left;\">Lets Chat<\/h4>\n[\/vc_column_text][vc_column_text]<iframe loading=\"lazy\" id=\"sizetracker\" style=\"border: 0;\" src=\"https:\/\/www2.inspark.com\/l\/342241\/2023-04-11\/57czh5\" width=\"100%\" height=\"900px\" frameborder=\"0\"><\/iframe><\/p>\n<p><script>\/\/ <![CDATA[ iFrameResize({log:false}) \/\/ ]]><\/script>[\/vc_column_text][\/vc_column][\/vc_row]\n","protected":false},"excerpt":{"rendered":"<p>[vc_row rt_row_background_width=&#8221;default&#8221; rt_row_style=&#8221;default-style&#8221; rt_row_borders=&#8221;&#8221; rt_row_paddings=&#8221;false&#8221; rt_bg_effect=&#8221;classic&#8221; rt_bg_image_repeat=&#8221;repeat&#8221; rt_bg_size=&#8221;cover&#8221; rt_bg_position=&#8221;right top&#8221; rt_bg_attachment=&#8221;scroll&#8221; rt_bg_video_format=&#8221;self-hosted&#8221;][vc_column width=&#8221;1\/2&#8243; rt_wrp_col_paddings=&#8221;false&#8221; rt_border_top=&#8221;&#8221; rt_border_bottom=&#8221;&#8221; rt_border_left=&#8221;&#8221; rt_border_right=&#8221;&#8221; rt_border_top_mobile=&#8221;&#8221; rt_border_bottom_mobile=&#8221;&#8221; [&hellip;]<\/p>\n","protected":false},"author":11,"featured_media":0,"parent":0,"menu_order":0,"comment_status":"closed","ping_status":"closed","template":"template-without-footer.php","meta":{"footnotes":""},"class_list":["post-29745","page","type-page","status-publish","hentry"],"yoast_head":"<!-- This site is optimized with the Yoast SEO Premium plugin v20.9 (Yoast SEO v26.0) - https:\/\/yoast.com\/wordpress\/plugins\/seo\/ -->\n<title>Are you looking to take your business to the next level?<\/title>\n<meta name=\"robots\" content=\"index, follow, max-snippet:-1, max-image-preview:large, max-video-preview:-1\" \/>\n<link rel=\"canonical\" href=\"https:\/\/www.inspark.com\/en\/are-you-looking-to-take-your-business-to-the-next-level\/\" \/>\n<meta property=\"og:locale\" content=\"en_US\" \/>\n<meta property=\"og:type\" content=\"article\" \/>\n<meta property=\"og:title\" content=\"Are you looking to take your business to the next level?\" \/>\n<meta property=\"og:description\" content=\"[vc_row rt_row_background_width=&#8221;default&#8221; rt_row_style=&#8221;default-style&#8221; rt_row_borders=&#8221;&#8221; rt_row_paddings=&#8221;false&#8221; rt_bg_effect=&#8221;classic&#8221; rt_bg_image_repeat=&#8221;repeat&#8221; rt_bg_size=&#8221;cover&#8221; rt_bg_position=&#8221;right top&#8221; rt_bg_attachment=&#8221;scroll&#8221; rt_bg_video_format=&#8221;self-hosted&#8221;][vc_column width=&#8221;1\/2&#8243; rt_wrp_col_paddings=&#8221;false&#8221; rt_border_top=&#8221;&#8221; rt_border_bottom=&#8221;&#8221; rt_border_left=&#8221;&#8221; rt_border_right=&#8221;&#8221; rt_border_top_mobile=&#8221;&#8221; rt_border_bottom_mobile=&#8221;&#8221; [&hellip;]\" \/>\n<meta property=\"og:url\" content=\"https:\/\/www.inspark.com\/en\/are-you-looking-to-take-your-business-to-the-next-level\" \/>\n<meta property=\"og:site_name\" content=\"Salesforce T\u00fcrkiye Yetkili Sat\u0131c\u0131s\u0131 ve \u0130\u015f Orta\u011f\u0131\" \/>\n<meta property=\"article:modified_time\" content=\"2023-09-07T09:34:35+00:00\" \/>\n<meta name=\"twitter:card\" content=\"summary_large_image\" \/>\n<meta name=\"twitter:label1\" content=\"Est. reading time\" \/>\n\t<meta name=\"twitter:data1\" content=\"2 minutes\" \/>\n<script type=\"application\/ld+json\" class=\"yoast-schema-graph\">{\"@context\":\"https:\/\/schema.org\",\"@graph\":[{\"@type\":\"WebPage\",\"@id\":\"https:\/\/www.inspark.com\/en\/are-you-looking-to-take-your-business-to-the-next-level\",\"url\":\"https:\/\/www.inspark.com\/en\/are-you-looking-to-take-your-business-to-the-next-level\",\"name\":\"Are you looking to take your business to the next level?\",\"isPartOf\":{\"@id\":\"https:\/\/www.inspark.com\/en\/#website\"},\"datePublished\":\"2023-04-09T23:30:21+00:00\",\"dateModified\":\"2023-09-07T09:34:35+00:00\",\"breadcrumb\":{\"@id\":\"https:\/\/www.inspark.com\/en\/are-you-looking-to-take-your-business-to-the-next-level#breadcrumb\"},\"inLanguage\":\"en-US\",\"potentialAction\":[{\"@type\":\"ReadAction\",\"target\":[\"https:\/\/www.inspark.com\/en\/are-you-looking-to-take-your-business-to-the-next-level\"]}]},{\"@type\":\"BreadcrumbList\",\"@id\":\"https:\/\/www.inspark.com\/en\/are-you-looking-to-take-your-business-to-the-next-level#breadcrumb\",\"itemListElement\":[{\"@type\":\"ListItem\",\"position\":1,\"name\":\"Ana sayfa\",\"item\":\"https:\/\/www.inspark.com\/en\/\"},{\"@type\":\"ListItem\",\"position\":2,\"name\":\"Are you looking to take your business to the next level?\"}]},{\"@type\":\"WebSite\",\"@id\":\"https:\/\/www.inspark.com\/en\/#website\",\"url\":\"https:\/\/www.inspark.com\/en\/\",\"name\":\"Salesforce T\u00fcrkiye Yetkili Sat\u0131c\u0131s\u0131 ve \u0130\u015f Orta\u011f\u0131\",\"description\":\"&quot;Your Intelligent Partner&quot;\",\"potentialAction\":[{\"@type\":\"SearchAction\",\"target\":{\"@type\":\"EntryPoint\",\"urlTemplate\":\"https:\/\/www.inspark.com\/en\/?s={search_term_string}\"},\"query-input\":{\"@type\":\"PropertyValueSpecification\",\"valueRequired\":true,\"valueName\":\"search_term_string\"}}],\"inLanguage\":\"en-US\"}]}<\/script>\n<!-- \/ Yoast SEO Premium plugin. -->","yoast_head_json":{"title":"Are you looking to take your business to the next level?","robots":{"index":"index","follow":"follow","max-snippet":"max-snippet:-1","max-image-preview":"max-image-preview:large","max-video-preview":"max-video-preview:-1"},"canonical":"https:\/\/www.inspark.com\/en\/are-you-looking-to-take-your-business-to-the-next-level\/","og_locale":"en_US","og_type":"article","og_title":"Are you looking to take your business to the next level?","og_description":"[vc_row rt_row_background_width=&#8221;default&#8221; rt_row_style=&#8221;default-style&#8221; rt_row_borders=&#8221;&#8221; rt_row_paddings=&#8221;false&#8221; rt_bg_effect=&#8221;classic&#8221; rt_bg_image_repeat=&#8221;repeat&#8221; rt_bg_size=&#8221;cover&#8221; rt_bg_position=&#8221;right top&#8221; rt_bg_attachment=&#8221;scroll&#8221; rt_bg_video_format=&#8221;self-hosted&#8221;][vc_column width=&#8221;1\/2&#8243; rt_wrp_col_paddings=&#8221;false&#8221; rt_border_top=&#8221;&#8221; rt_border_bottom=&#8221;&#8221; rt_border_left=&#8221;&#8221; rt_border_right=&#8221;&#8221; rt_border_top_mobile=&#8221;&#8221; rt_border_bottom_mobile=&#8221;&#8221; [&hellip;]","og_url":"https:\/\/www.inspark.com\/en\/are-you-looking-to-take-your-business-to-the-next-level","og_site_name":"Salesforce T\u00fcrkiye Yetkili Sat\u0131c\u0131s\u0131 ve \u0130\u015f Orta\u011f\u0131","article_modified_time":"2023-09-07T09:34:35+00:00","twitter_card":"summary_large_image","twitter_misc":{"Est. reading time":"2 minutes"},"schema":{"@context":"https:\/\/schema.org","@graph":[{"@type":"WebPage","@id":"https:\/\/www.inspark.com\/en\/are-you-looking-to-take-your-business-to-the-next-level","url":"https:\/\/www.inspark.com\/en\/are-you-looking-to-take-your-business-to-the-next-level","name":"Are you looking to take your business to the next level?","isPartOf":{"@id":"https:\/\/www.inspark.com\/en\/#website"},"datePublished":"2023-04-09T23:30:21+00:00","dateModified":"2023-09-07T09:34:35+00:00","breadcrumb":{"@id":"https:\/\/www.inspark.com\/en\/are-you-looking-to-take-your-business-to-the-next-level#breadcrumb"},"inLanguage":"en-US","potentialAction":[{"@type":"ReadAction","target":["https:\/\/www.inspark.com\/en\/are-you-looking-to-take-your-business-to-the-next-level"]}]},{"@type":"BreadcrumbList","@id":"https:\/\/www.inspark.com\/en\/are-you-looking-to-take-your-business-to-the-next-level#breadcrumb","itemListElement":[{"@type":"ListItem","position":1,"name":"Ana sayfa","item":"https:\/\/www.inspark.com\/en\/"},{"@type":"ListItem","position":2,"name":"Are you looking to take your business to the next level?"}]},{"@type":"WebSite","@id":"https:\/\/www.inspark.com\/en\/#website","url":"https:\/\/www.inspark.com\/en\/","name":"Salesforce T\u00fcrkiye Yetkili Sat\u0131c\u0131s\u0131 ve \u0130\u015f Orta\u011f\u0131","description":"&quot;Your Intelligent Partner&quot;","potentialAction":[{"@type":"SearchAction","target":{"@type":"EntryPoint","urlTemplate":"https:\/\/www.inspark.com\/en\/?s={search_term_string}"},"query-input":{"@type":"PropertyValueSpecification","valueRequired":true,"valueName":"search_term_string"}}],"inLanguage":"en-US"}]}},"_links":{"self":[{"href":"https:\/\/www.inspark.com\/en\/wp-json\/wp\/v2\/pages\/29745","targetHints":{"allow":["GET"]}}],"collection":[{"href":"https:\/\/www.inspark.com\/en\/wp-json\/wp\/v2\/pages"}],"about":[{"href":"https:\/\/www.inspark.com\/en\/wp-json\/wp\/v2\/types\/page"}],"author":[{"embeddable":true,"href":"https:\/\/www.inspark.com\/en\/wp-json\/wp\/v2\/users\/11"}],"replies":[{"embeddable":true,"href":"https:\/\/www.inspark.com\/en\/wp-json\/wp\/v2\/comments?post=29745"}],"version-history":[{"count":32,"href":"https:\/\/www.inspark.com\/en\/wp-json\/wp\/v2\/pages\/29745\/revisions"}],"predecessor-version":[{"id":30549,"href":"https:\/\/www.inspark.com\/en\/wp-json\/wp\/v2\/pages\/29745\/revisions\/30549"}],"wp:attachment":[{"href":"https:\/\/www.inspark.com\/en\/wp-json\/wp\/v2\/media?parent=29745"}],"curies":[{"name":"wp","href":"https:\/\/api.w.org\/{rel}","templated":true}]}}