{"id":29261,"date":"2022-07-25T15:21:49","date_gmt":"2022-07-25T12:21:49","guid":{"rendered":"https:\/\/www.inspark.com\/?page_id=29261"},"modified":"2022-07-26T16:01:30","modified_gmt":"2022-07-26T13:01:30","slug":"fransanin-koklu-sirketi-dad-groupun-inspark-ile-avrupayi-saran-salesforce-yolculugu","status":"publish","type":"page","link":"https:\/\/www.inspark.com\/en\/the-leading-european-manufacturer-dad-groups-salesforce-journey-with-inspark","title":{"rendered":"The Leading European Manufacturer DAD GROUP&#8217;s Salesforce Journey with INSPARK"},"content":{"rendered":"[vc_row rt_row_background_width=&#8221;default&#8221; rt_row_style=&#8221;default-style&#8221; rt_row_borders=&#8221;&#8221; rt_row_paddings=&#8221;true&#8221; rt_bg_effect=&#8221;classic&#8221; rt_bg_image_repeat=&#8221;repeat&#8221; rt_bg_size=&#8221;cover&#8221; rt_bg_position=&#8221;right top&#8221; rt_bg_attachment=&#8221;scroll&#8221; rt_bg_video_format=&#8221;self-hosted&#8221;][vc_column rt_wrp_col_paddings=&#8221;false&#8221; rt_border_top=&#8221;&#8221; rt_border_bottom=&#8221;&#8221; rt_border_left=&#8221;&#8221; rt_border_right=&#8221;&#8221; rt_border_top_mobile=&#8221;&#8221; rt_border_bottom_mobile=&#8221;&#8221; rt_border_left_mobile=&#8221;&#8221; rt_border_right_mobile=&#8221;&#8221; rt_bg_image_repeat=&#8221;repeat&#8221; rt_bg_size=&#8221;auto auto&#8221; rt_bg_position=&#8221;right top&#8221; rt_bg_attachment=&#8221;scroll&#8221;][vc_custom_heading text=&#8221;The Leading European Manufacturer DAD GROUP&#8217;s Salesforce Journey with INSPARK&#8221; font_container=&#8221;tag:h1|text_align:center|color:%23049fe1&#8243; use_theme_fonts=&#8221;yes&#8221; el_class=&#8221;custom-h1&#8243; css=&#8221;.vc_custom_1658752191073{padding-bottom: 20px !important;}&#8221;][vc_column_text]\n<p style=\"text-align: center;\"><em style=\"font-size: 32px; font-family: 'Futura Light';\">\u201cOur customers were impressed by the way we were working, and the staff also enjoy working with Salesforce software because it&#8217;s quite user friendly. It was a win-win situation for us, for our customers and also for the whole company.\u201d<\/em><\/p>\n[\/vc_column_text][vc_column_text]\n<p style=\"text-align: center;\"><em style=\"font-size: 32px; font-family: 'Futura Light';\"><strong style=\"font-family: 'Futura Demi';\">Emmanuel Charbonnel<\/strong> \u2013 UK Sales &amp; Managing Director<\/em><\/p>\n[\/vc_column_text][vc_single_image image=&#8221;29275&#8243; img_size=&#8221;full&#8221; alignment=&#8221;center&#8221; css=&#8221;.vc_custom_1658753217366{padding-top: 20px !important;}&#8221;][\/vc_column][\/vc_row][vc_row rt_row_background_width=&#8221;default&#8221; rt_row_style=&#8221;default-style&#8221; rt_row_borders=&#8221;&#8221; rt_row_paddings=&#8221;true&#8221; rt_bg_effect=&#8221;classic&#8221; rt_bg_image_repeat=&#8221;repeat&#8221; rt_bg_size=&#8221;cover&#8221; rt_bg_position=&#8221;right top&#8221; rt_bg_attachment=&#8221;scroll&#8221; rt_bg_video_format=&#8221;self-hosted&#8221;][vc_column width=&#8221;4\/12&#8243; rt_wrp_col_paddings=&#8221;false&#8221; rt_border_top=&#8221;&#8221; rt_border_bottom=&#8221;&#8221; rt_border_left=&#8221;&#8221; rt_border_right=&#8221;&#8221; rt_border_top_mobile=&#8221;&#8221; rt_border_bottom_mobile=&#8221;&#8221; rt_border_left_mobile=&#8221;&#8221; rt_border_right_mobile=&#8221;&#8221; rt_bg_image_repeat=&#8221;repeat&#8221; rt_bg_size=&#8221;auto auto&#8221; rt_bg_position=&#8221;right top&#8221; rt_bg_attachment=&#8221;scroll&#8221; css=&#8221;.vc_custom_1648417015561{border-top-width: 3px !important;border-top-color: #049fe1 !important;border-top-style: solid !important;}&#8221;][vc_single_image image=&#8221;29310&#8243; img_size=&#8221;200&#215;131&#8243; alignment=&#8221;center&#8221;][vc_column_text]\n<p style=\"text-align: center; margin-bottom: 3px;\"><strong style=\"color: #049fe1;\">Client: <\/strong><\/p>\n<p style=\"text-align: center;\">DAD GROUP<\/p>\n<p style=\"text-align: center; margin-bottom: 3px;\"><strong style=\"color: #049fe1;\">Product: <\/strong><\/p>\n<p style=\"text-align: center;\">Salesforce Sales Cloud<\/p>\n<p style=\"text-align: center; margin-bottom: 3px;\"><strong style=\"color: #049fe1;\">What were our objectives? <\/strong><\/p>\n<p style=\"text-align: center;\">Our objective was to expand DAD UK Salesforce Sales Cloud for 3 other countries.<\/p>\n<p style=\"text-align: center; margin-bottom: 3px;\"><strong style=\"color: #049fe1;\">What did we achieve with the project? <\/strong><\/p>\n<p style=\"text-align: center;\">We enabled the adaptation of Salesforce for Dad UK to 3 other countries (Belgium, Germany and France)<\/p>\n<p style=\"text-align: center;\">For other countries, we created Record Types &amp; Page Layout on Lead &amp; Account &amp; Opportunity objects.<\/p>\n<p style=\"text-align: center;\">We created Reports and Dashboards for new countries.<\/p>\n<p style=\"text-align: center;\">We provided training to new users for Salesforce adaptation.<\/p>\n<p style=\"text-align: center; margin-bottom: 3px;\"><strong style=\"color: #049fe1;\">Were there any challenges? <\/strong><\/p>\n<p style=\"text-align: center;\">There were some challenges as Visibility &amp; Sharing Rules, Page Layouts, Custom Fields, Reports &amp; Dashboards differed between the 4 countries.<\/p>\n<p style=\"text-align: center; margin-bottom: 3px;\"><strong style=\"color: #049fe1;\">Are there any statistical data? <\/strong><\/p>\n<p style=\"text-align: center;\">Increased adaptation of Salesforce within Dad UK. Their license numbers increased by 150%.<\/p>\n[\/vc_column_text][\/vc_column][vc_column width=&#8221;8\/12&#8243; rt_wrp_col_paddings=&#8221;false&#8221; rt_border_top=&#8221;&#8221; rt_border_bottom=&#8221;&#8221; rt_border_left=&#8221;&#8221; rt_border_right=&#8221;&#8221; rt_border_top_mobile=&#8221;&#8221; rt_border_bottom_mobile=&#8221;&#8221; rt_border_left_mobile=&#8221;&#8221; rt_border_right_mobile=&#8221;&#8221; rt_bg_image_repeat=&#8221;repeat&#8221; rt_bg_size=&#8221;auto auto&#8221; rt_bg_position=&#8221;right top&#8221; rt_bg_attachment=&#8221;scroll&#8221;][vc_column_text]<strong style=\"color: #049fe1;\">Europe&#8217;s largest mailbox manufacturer, DAD GROUP, has completed its Salesforce transformation with INSPARK. They accelerated their customer communication processes and achieved a more efficient and up-to-date flow.<\/strong>[\/vc_column_text][vc_single_image image=&#8221;29272&#8243; img_size=&#8221;full&#8221;][vc_column_text]Founded in 1872, Decayeux Group decided to improve the customer experience by adding innovation and technology to its knowledge. Europe&#8217;s leading mailbox manufacturer has empowered its workflow processes with Salesforce, the world&#8217;s #1 CRM solution. They optimized their customer management and customer experience service with the Salesforce Sales Cloud solution.[\/vc_column_text][vc_column_text]<em><strong>&#8220;We talked to Salesforce and they gave us the tool to be faster, more efficient, and more current. And as a result, what we notice is an increase in sales, but we didn&#8217;t miss any opportunities.&#8221;<\/strong><\/em><br \/>\nEmmanuel Charbonnel[\/vc_column_text][\/vc_column][\/vc_row][vc_row rt_row_background_width=&#8221;default&#8221; rt_row_style=&#8221;default-style&#8221; rt_row_borders=&#8221;&#8221; rt_row_paddings=&#8221;true&#8221; rt_bg_effect=&#8221;classic&#8221; rt_bg_image_repeat=&#8221;repeat&#8221; rt_bg_size=&#8221;cover&#8221; rt_bg_position=&#8221;right top&#8221; rt_bg_attachment=&#8221;scroll&#8221; rt_bg_video_format=&#8221;self-hosted&#8221;][vc_column width=&#8221;4\/12&#8243; rt_wrp_col_paddings=&#8221;false&#8221; rt_border_top=&#8221;&#8221; rt_border_bottom=&#8221;&#8221; rt_border_left=&#8221;&#8221; rt_border_right=&#8221;&#8221; rt_border_top_mobile=&#8221;&#8221; rt_border_bottom_mobile=&#8221;&#8221; rt_border_left_mobile=&#8221;&#8221; rt_border_right_mobile=&#8221;&#8221; rt_bg_image_repeat=&#8221;repeat&#8221; rt_bg_size=&#8221;auto auto&#8221; rt_bg_position=&#8221;right top&#8221; rt_bg_attachment=&#8221;scroll&#8221;][vc_single_image image=&#8221;29269&#8243; img_size=&#8221;full&#8221; alignment=&#8221;center&#8221;][\/vc_column][vc_column width=&#8221;8\/12&#8243; rt_wrp_col_paddings=&#8221;false&#8221; rt_border_top=&#8221;&#8221; rt_border_bottom=&#8221;&#8221; rt_border_left=&#8221;&#8221; rt_border_right=&#8221;&#8221; rt_border_top_mobile=&#8221;&#8221; rt_border_bottom_mobile=&#8221;&#8221; rt_border_left_mobile=&#8221;&#8221; rt_border_right_mobile=&#8221;&#8221; rt_bg_image_repeat=&#8221;repeat&#8221; rt_bg_size=&#8221;auto auto&#8221; rt_bg_position=&#8221;right top&#8221; rt_bg_attachment=&#8221;scroll&#8221;][vc_column_text]\n<h2 style=\"color: #01ab42;\">DAD GROUP&#8217;s Journey to Salesforce<\/h2>\n<p>Founded as a family company in France in 1872, DAD GROUP has faced many renewal processes throughout its 150-year history. With each innovation comes challenging compliance processes and new workflows. The biggest challenge faced by DAD GROUP was not having an up-to-date system in today&#8217;s rapidly developing technology. To keep up with the technology, it was necessary to renew not only the production department, but also the way of working. When dated and complex workflows directly affected customer interaction, they realized they needed a new, solution-oriented system. They looked for a system to control their workflow and improve the customer experience, and they finally met with Salesforce.<\/p>\n<p><em><strong>\u201cWe realized that we were not as fast as we should. Our customers were disappointed because we were not reacting fast enough to the inquiries.\u201d<\/strong><\/em><br \/>\nEmmanuel Charbonnel<\/p>\n<p>DAD GROUP accelerated their customer communication with the Salesforce Sales Cloud solution. Customers want their requests to be always prioritized. For this reason, being fast and solution-oriented in customer communication is one of the main goals of all companies.<\/p>\n<p>DAD GROUP received positive feedback from its customers for the fast and efficient processes it achieved thanks to Salesforce. The positive feedback rapidly provided a rising chart in sales.[\/vc_column_text][\/vc_column][\/vc_row][vc_row rt_row_background_width=&#8221;default&#8221; rt_row_style=&#8221;default-style&#8221; rt_row_borders=&#8221;&#8221; rt_row_paddings=&#8221;true&#8221; rt_bg_effect=&#8221;classic&#8221; rt_bg_image_repeat=&#8221;repeat&#8221; rt_bg_size=&#8221;cover&#8221; rt_bg_position=&#8221;right top&#8221; rt_bg_attachment=&#8221;scroll&#8221; rt_bg_video_format=&#8221;self-hosted&#8221;][vc_column width=&#8221;8\/12&#8243; rt_wrp_col_paddings=&#8221;false&#8221; rt_border_top=&#8221;&#8221; rt_border_bottom=&#8221;&#8221; rt_border_left=&#8221;&#8221; rt_border_right=&#8221;&#8221; rt_border_top_mobile=&#8221;&#8221; rt_border_bottom_mobile=&#8221;&#8221; rt_border_left_mobile=&#8221;&#8221; rt_border_right_mobile=&#8221;&#8221; rt_bg_image_repeat=&#8221;repeat&#8221; rt_bg_size=&#8221;auto auto&#8221; rt_bg_position=&#8221;right top&#8221; rt_bg_attachment=&#8221;scroll&#8221;][vc_column_text]\n<h2 style=\"color: #01ab42;\">Transformation of European Offices with INSPARK<\/h2>\n<p>DAD GROUP, which first worked with Salesforce in the UK and was successful, also wanted to work with Salesforce in other European offices such as France, Germany and Belgium. The consultant they needed to manage this comprehensive transformation operation was INSPARK. The most challenging and extensive process in the operation began at this stage. The solution used; it differed in each country in terms of visibility, sharing rules, page layouts, custom fields, reports and dashboards. Therefore, the analysis and personalization processes in each country were planned separately. Simultaneously, we increased the Salesforce implementation for DAD GROUP UK and the number of licenses increased by 150%.<\/p>\n<p>For DAD GROUP regional managers who did not have sufficient knowledge in terms of IT, the solution to be implemented had to be explained to them simply and quickly. As INSPARK, we focus on listening and identifying their needs before offering solutions to our customers. First, we completed our analyzes and told them how the solution would benefit.<\/p>\n<p><em><strong>&#8220;We are not into IT. You know we are a manufacturer here, and these guys made it very easy for us to understand what was needed. They knew what they were talking about always on time. The meeting was always precise and efficient. They were very friendly and very good people to work with.&#8221;<\/strong><\/em><br \/>\nEmmanuel Charbonnel[\/vc_column_text][\/vc_column][vc_column width=&#8221;4\/12&#8243; rt_wrp_col_paddings=&#8221;false&#8221; rt_border_top=&#8221;&#8221; rt_border_bottom=&#8221;&#8221; rt_border_left=&#8221;&#8221; rt_border_right=&#8221;&#8221; rt_border_top_mobile=&#8221;&#8221; rt_border_bottom_mobile=&#8221;&#8221; rt_border_left_mobile=&#8221;&#8221; rt_border_right_mobile=&#8221;&#8221; rt_bg_image_repeat=&#8221;repeat&#8221; rt_bg_size=&#8221;auto auto&#8221; rt_bg_position=&#8221;right top&#8221; rt_bg_attachment=&#8221;scroll&#8221;][vc_single_image image=&#8221;29278&#8243; img_size=&#8221;full&#8221; alignment=&#8221;center&#8221;][\/vc_column][\/vc_row][vc_row rt_row_background_width=&#8221;default&#8221; rt_row_style=&#8221;default-style&#8221; rt_row_borders=&#8221;&#8221; rt_row_paddings=&#8221;true&#8221; rt_bg_effect=&#8221;classic&#8221; rt_bg_image_repeat=&#8221;repeat&#8221; rt_bg_size=&#8221;cover&#8221; rt_bg_position=&#8221;right top&#8221; rt_bg_attachment=&#8221;scroll&#8221; rt_bg_video_format=&#8221;self-hosted&#8221;][vc_column rt_wrp_col_paddings=&#8221;false&#8221; rt_border_top=&#8221;&#8221; rt_border_bottom=&#8221;&#8221; rt_border_left=&#8221;&#8221; rt_border_right=&#8221;&#8221; rt_border_top_mobile=&#8221;&#8221; rt_border_bottom_mobile=&#8221;&#8221; rt_border_left_mobile=&#8221;&#8221; rt_border_right_mobile=&#8221;&#8221; rt_bg_image_repeat=&#8221;repeat&#8221; rt_bg_size=&#8221;auto auto&#8221; rt_bg_position=&#8221;right top&#8221; rt_bg_attachment=&#8221;scroll&#8221;][vc_column_text]We have successfully completed the digital transformation journey of DAD GROUP, a well-established and leader company. In addition to having pleasant and unforgettable moments, we have seen once again how Salesforce improves the customer experience.[\/vc_column_text][vc_column_text]Watch the details of INSPARK and DAD GROUP&#8217;s pleasant journey in the Success Story video.[\/vc_column_text][vc_video link=&#8221;https:\/\/youtu.be\/ZSG9DVCLHC4&#8243; align=&#8221;center&#8221; css=&#8221;.vc_custom_1658753423972{padding-top: 60px !important;padding-right: 60px !important;padding-bottom: 60px !important;padding-left: 60px !important;}&#8221;][\/vc_column][\/vc_row]\n","protected":false},"excerpt":{"rendered":"<p>[vc_row rt_row_background_width=&#8221;default&#8221; rt_row_style=&#8221;default-style&#8221; rt_row_borders=&#8221;&#8221; rt_row_paddings=&#8221;true&#8221; rt_bg_effect=&#8221;classic&#8221; rt_bg_image_repeat=&#8221;repeat&#8221; rt_bg_size=&#8221;cover&#8221; rt_bg_position=&#8221;right top&#8221; rt_bg_attachment=&#8221;scroll&#8221; rt_bg_video_format=&#8221;self-hosted&#8221;][vc_column rt_wrp_col_paddings=&#8221;false&#8221; rt_border_top=&#8221;&#8221; rt_border_bottom=&#8221;&#8221; rt_border_left=&#8221;&#8221; rt_border_right=&#8221;&#8221; rt_border_top_mobile=&#8221;&#8221; rt_border_bottom_mobile=&#8221;&#8221; rt_border_left_mobile=&#8221;&#8221; [&hellip;]<\/p>\n","protected":false},"author":11,"featured_media":0,"parent":0,"menu_order":0,"comment_status":"closed","ping_status":"closed","template":"","meta":{"footnotes":""},"class_list":["post-29261","page","type-page","status-publish","hentry"],"yoast_head":"<!-- This site is optimized with the Yoast SEO Premium plugin v20.9 (Yoast SEO v26.0) - https:\/\/yoast.com\/wordpress\/plugins\/seo\/ -->\n<title>The Leading European Manufacturer DAD GROUP&#039;s Salesforce Journey with INSPARK<\/title>\n<meta name=\"robots\" content=\"index, follow, max-snippet:-1, max-image-preview:large, max-video-preview:-1\" \/>\n<link rel=\"canonical\" href=\"https:\/\/www.inspark.com\/en\/the-leading-european-manufacturer-dad-groups-salesforce-journey-with-inspark\/\" \/>\n<meta property=\"og:locale\" content=\"en_US\" \/>\n<meta property=\"og:type\" content=\"article\" \/>\n<meta property=\"og:title\" content=\"The Leading European Manufacturer DAD GROUP&#039;s Salesforce Journey with INSPARK\" \/>\n<meta property=\"og:description\" content=\"[vc_row rt_row_background_width=&#8221;default&#8221; rt_row_style=&#8221;default-style&#8221; rt_row_borders=&#8221;&#8221; rt_row_paddings=&#8221;true&#8221; rt_bg_effect=&#8221;classic&#8221; rt_bg_image_repeat=&#8221;repeat&#8221; rt_bg_size=&#8221;cover&#8221; rt_bg_position=&#8221;right top&#8221; rt_bg_attachment=&#8221;scroll&#8221; rt_bg_video_format=&#8221;self-hosted&#8221;][vc_column rt_wrp_col_paddings=&#8221;false&#8221; rt_border_top=&#8221;&#8221; rt_border_bottom=&#8221;&#8221; rt_border_left=&#8221;&#8221; rt_border_right=&#8221;&#8221; rt_border_top_mobile=&#8221;&#8221; rt_border_bottom_mobile=&#8221;&#8221; rt_border_left_mobile=&#8221;&#8221; [&hellip;]\" \/>\n<meta property=\"og:url\" content=\"https:\/\/www.inspark.com\/en\/the-leading-european-manufacturer-dad-groups-salesforce-journey-with-inspark\" \/>\n<meta property=\"og:site_name\" content=\"Salesforce T\u00fcrkiye Yetkili Sat\u0131c\u0131s\u0131 ve \u0130\u015f Orta\u011f\u0131\" \/>\n<meta property=\"article:modified_time\" content=\"2022-07-26T13:01:30+00:00\" \/>\n<meta name=\"twitter:card\" content=\"summary_large_image\" \/>\n<meta name=\"twitter:label1\" content=\"Est. reading time\" \/>\n\t<meta name=\"twitter:data1\" content=\"7 minutes\" \/>\n<script type=\"application\/ld+json\" class=\"yoast-schema-graph\">{\"@context\":\"https:\/\/schema.org\",\"@graph\":[{\"@type\":\"WebPage\",\"@id\":\"https:\/\/www.inspark.com\/en\/the-leading-european-manufacturer-dad-groups-salesforce-journey-with-inspark\",\"url\":\"https:\/\/www.inspark.com\/en\/the-leading-european-manufacturer-dad-groups-salesforce-journey-with-inspark\",\"name\":\"The Leading European Manufacturer DAD GROUP's Salesforce Journey with INSPARK\",\"isPartOf\":{\"@id\":\"https:\/\/www.inspark.com\/en\/#website\"},\"datePublished\":\"2022-07-25T12:21:49+00:00\",\"dateModified\":\"2022-07-26T13:01:30+00:00\",\"breadcrumb\":{\"@id\":\"https:\/\/www.inspark.com\/en\/the-leading-european-manufacturer-dad-groups-salesforce-journey-with-inspark#breadcrumb\"},\"inLanguage\":\"en-US\",\"potentialAction\":[{\"@type\":\"ReadAction\",\"target\":[\"https:\/\/www.inspark.com\/en\/the-leading-european-manufacturer-dad-groups-salesforce-journey-with-inspark\"]}]},{\"@type\":\"BreadcrumbList\",\"@id\":\"https:\/\/www.inspark.com\/en\/the-leading-european-manufacturer-dad-groups-salesforce-journey-with-inspark#breadcrumb\",\"itemListElement\":[{\"@type\":\"ListItem\",\"position\":1,\"name\":\"Ana sayfa\",\"item\":\"https:\/\/www.inspark.com\/en\/\"},{\"@type\":\"ListItem\",\"position\":2,\"name\":\"The Leading European Manufacturer DAD GROUP&#8217;s Salesforce Journey with INSPARK\"}]},{\"@type\":\"WebSite\",\"@id\":\"https:\/\/www.inspark.com\/en\/#website\",\"url\":\"https:\/\/www.inspark.com\/en\/\",\"name\":\"Salesforce T\u00fcrkiye Yetkili Sat\u0131c\u0131s\u0131 ve \u0130\u015f Orta\u011f\u0131\",\"description\":\"&quot;Your Intelligent Partner&quot;\",\"potentialAction\":[{\"@type\":\"SearchAction\",\"target\":{\"@type\":\"EntryPoint\",\"urlTemplate\":\"https:\/\/www.inspark.com\/en\/?s={search_term_string}\"},\"query-input\":{\"@type\":\"PropertyValueSpecification\",\"valueRequired\":true,\"valueName\":\"search_term_string\"}}],\"inLanguage\":\"en-US\"}]}<\/script>\n<!-- \/ Yoast SEO Premium plugin. -->","yoast_head_json":{"title":"The Leading European Manufacturer DAD GROUP's Salesforce Journey with INSPARK","robots":{"index":"index","follow":"follow","max-snippet":"max-snippet:-1","max-image-preview":"max-image-preview:large","max-video-preview":"max-video-preview:-1"},"canonical":"https:\/\/www.inspark.com\/en\/the-leading-european-manufacturer-dad-groups-salesforce-journey-with-inspark\/","og_locale":"en_US","og_type":"article","og_title":"The Leading European Manufacturer DAD GROUP's Salesforce Journey with INSPARK","og_description":"[vc_row rt_row_background_width=&#8221;default&#8221; rt_row_style=&#8221;default-style&#8221; rt_row_borders=&#8221;&#8221; rt_row_paddings=&#8221;true&#8221; rt_bg_effect=&#8221;classic&#8221; rt_bg_image_repeat=&#8221;repeat&#8221; rt_bg_size=&#8221;cover&#8221; rt_bg_position=&#8221;right top&#8221; rt_bg_attachment=&#8221;scroll&#8221; rt_bg_video_format=&#8221;self-hosted&#8221;][vc_column rt_wrp_col_paddings=&#8221;false&#8221; rt_border_top=&#8221;&#8221; rt_border_bottom=&#8221;&#8221; rt_border_left=&#8221;&#8221; rt_border_right=&#8221;&#8221; rt_border_top_mobile=&#8221;&#8221; rt_border_bottom_mobile=&#8221;&#8221; rt_border_left_mobile=&#8221;&#8221; [&hellip;]","og_url":"https:\/\/www.inspark.com\/en\/the-leading-european-manufacturer-dad-groups-salesforce-journey-with-inspark","og_site_name":"Salesforce T\u00fcrkiye Yetkili Sat\u0131c\u0131s\u0131 ve \u0130\u015f Orta\u011f\u0131","article_modified_time":"2022-07-26T13:01:30+00:00","twitter_card":"summary_large_image","twitter_misc":{"Est. reading time":"7 minutes"},"schema":{"@context":"https:\/\/schema.org","@graph":[{"@type":"WebPage","@id":"https:\/\/www.inspark.com\/en\/the-leading-european-manufacturer-dad-groups-salesforce-journey-with-inspark","url":"https:\/\/www.inspark.com\/en\/the-leading-european-manufacturer-dad-groups-salesforce-journey-with-inspark","name":"The Leading European Manufacturer DAD GROUP's Salesforce Journey with INSPARK","isPartOf":{"@id":"https:\/\/www.inspark.com\/en\/#website"},"datePublished":"2022-07-25T12:21:49+00:00","dateModified":"2022-07-26T13:01:30+00:00","breadcrumb":{"@id":"https:\/\/www.inspark.com\/en\/the-leading-european-manufacturer-dad-groups-salesforce-journey-with-inspark#breadcrumb"},"inLanguage":"en-US","potentialAction":[{"@type":"ReadAction","target":["https:\/\/www.inspark.com\/en\/the-leading-european-manufacturer-dad-groups-salesforce-journey-with-inspark"]}]},{"@type":"BreadcrumbList","@id":"https:\/\/www.inspark.com\/en\/the-leading-european-manufacturer-dad-groups-salesforce-journey-with-inspark#breadcrumb","itemListElement":[{"@type":"ListItem","position":1,"name":"Ana sayfa","item":"https:\/\/www.inspark.com\/en\/"},{"@type":"ListItem","position":2,"name":"The Leading European Manufacturer DAD GROUP&#8217;s Salesforce Journey with INSPARK"}]},{"@type":"WebSite","@id":"https:\/\/www.inspark.com\/en\/#website","url":"https:\/\/www.inspark.com\/en\/","name":"Salesforce T\u00fcrkiye Yetkili Sat\u0131c\u0131s\u0131 ve \u0130\u015f Orta\u011f\u0131","description":"&quot;Your Intelligent Partner&quot;","potentialAction":[{"@type":"SearchAction","target":{"@type":"EntryPoint","urlTemplate":"https:\/\/www.inspark.com\/en\/?s={search_term_string}"},"query-input":{"@type":"PropertyValueSpecification","valueRequired":true,"valueName":"search_term_string"}}],"inLanguage":"en-US"}]}},"_links":{"self":[{"href":"https:\/\/www.inspark.com\/en\/wp-json\/wp\/v2\/pages\/29261","targetHints":{"allow":["GET"]}}],"collection":[{"href":"https:\/\/www.inspark.com\/en\/wp-json\/wp\/v2\/pages"}],"about":[{"href":"https:\/\/www.inspark.com\/en\/wp-json\/wp\/v2\/types\/page"}],"author":[{"embeddable":true,"href":"https:\/\/www.inspark.com\/en\/wp-json\/wp\/v2\/users\/11"}],"replies":[{"embeddable":true,"href":"https:\/\/www.inspark.com\/en\/wp-json\/wp\/v2\/comments?post=29261"}],"version-history":[{"count":11,"href":"https:\/\/www.inspark.com\/en\/wp-json\/wp\/v2\/pages\/29261\/revisions"}],"predecessor-version":[{"id":29312,"href":"https:\/\/www.inspark.com\/en\/wp-json\/wp\/v2\/pages\/29261\/revisions\/29312"}],"wp:attachment":[{"href":"https:\/\/www.inspark.com\/en\/wp-json\/wp\/v2\/media?parent=29261"}],"curies":[{"name":"wp","href":"https:\/\/api.w.org\/{rel}","templated":true}]}}