{"id":27650,"date":"2020-08-28T18:00:47","date_gmt":"2020-08-28T15:00:47","guid":{"rendered":"https:\/\/www.inspark.com\/?page_id=27650"},"modified":"2020-08-28T18:03:30","modified_gmt":"2020-08-28T15:03:30","slug":"is-ortaklarimiz","status":"publish","type":"page","link":"https:\/\/www.inspark.com\/en\/is-ortaklarimiz\/","title":{"rendered":"\u0130\u015f Ortaklar\u0131m\u0131z"},"content":{"rendered":"[vc_row rt_row_background_width=&#8221;fullwidth&#8221; rt_row_content_width=&#8221;fullwidth&#8221; rt_row_style=&#8221;default-style&#8221; rt_column_placement=&#8221;middle&#8221; rt_row_borders=&#8221;&#8221; rt_row_paddings=&#8221;false&#8221; rt_bg_image=&#8221;22620&#8243; rt_bg_effect=&#8221;classic&#8221; rt_bg_image_repeat=&#8221;no-repeat&#8221; rt_bg_size=&#8221;cover&#8221; rt_bg_position=&#8221;center center&#8221; rt_bg_attachment=&#8221;scroll&#8221; rt_bg_video_format=&#8221;self-hosted&#8221; margin_top=&#8221;0px&#8221; full_width=&#8221;&#8221; padding_left=&#8221;0&#8243; padding_right=&#8221;0&#8243; bg_position=&#8221;top&#8221; bg_repeat=&#8221;no-repeat&#8221; bg_cover=&#8221;false&#8221; bg_attachment=&#8221;false&#8221; padding_top=&#8221;0&#8243; padding_bottom=&#8221;0&#8243; enable_parallax=&#8221;&#8221; parallax_speed=&#8221;0.1&#8243; min_height=&#8221;300px&#8221; rt_row_height=&#8221;300px&#8221; rt_bg_overlay_color=&#8221;rgba(1,83,137,0.7)&#8221;][vc_column rt_wrp_col_paddings=&#8221;false&#8221; rt_border_top=&#8221;&#8221; rt_border_bottom=&#8221;&#8221; rt_border_left=&#8221;&#8221; rt_border_right=&#8221;&#8221; rt_border_top_mobile=&#8221;&#8221; rt_border_bottom_mobile=&#8221;&#8221; rt_border_left_mobile=&#8221;&#8221; rt_border_right_mobile=&#8221;&#8221; rt_bg_image_repeat=&#8221;repeat&#8221; rt_bg_size=&#8221;auto auto&#8221; rt_bg_position=&#8221;right top&#8221; rt_bg_attachment=&#8221;scroll&#8221; animation=&#8221;&#8221; css=&#8221;.vc_custom_1522501066821{margin: 0px !important;border-width: 0px !important;padding: 0px !important;}&#8221;][\/vc_column][\/vc_row][vc_row rt_row_background_width=&#8221;fullwidth&#8221; rt_row_content_width=&#8221;fullwidth&#8221; rt_row_style=&#8221;default-style&#8221; rt_column_placement=&#8221;middle&#8221; rt_row_borders=&#8221;&#8221; rt_overlap=&#8221;true&#8221; rt_row_paddings=&#8221;false&#8221; rt_bg_image=&#8221;22581&#8243; rt_bg_effect=&#8221;classic&#8221; rt_bg_image_repeat=&#8221;no-repeat&#8221; rt_bg_size=&#8221;cover&#8221; rt_bg_position=&#8221;center center&#8221; rt_bg_attachment=&#8221;scroll&#8221; rt_bg_video_format=&#8221;self-hosted&#8221; margin_top=&#8221;0px&#8221; full_width=&#8221;&#8221; padding_left=&#8221;0&#8243; padding_right=&#8221;0&#8243; bg_position=&#8221;top&#8221; bg_repeat=&#8221;no-repeat&#8221; bg_cover=&#8221;false&#8221; bg_attachment=&#8221;false&#8221; padding_top=&#8221;0&#8243; padding_bottom=&#8221;0&#8243; enable_parallax=&#8221;&#8221; parallax_speed=&#8221;0.1&#8243; min_height=&#8221;300px&#8221; class=&#8221;divoverlap&#8221;][vc_column rt_wrp_col_paddings=&#8221;false&#8221; rt_border_top=&#8221;&#8221; rt_border_bottom=&#8221;&#8221; rt_border_left=&#8221;&#8221; rt_border_right=&#8221;&#8221; rt_border_top_mobile=&#8221;&#8221; rt_border_bottom_mobile=&#8221;&#8221; rt_border_left_mobile=&#8221;&#8221; rt_border_right_mobile=&#8221;&#8221; rt_bg_image_repeat=&#8221;repeat&#8221; rt_bg_size=&#8221;auto auto&#8221; rt_bg_position=&#8221;right top&#8221; rt_bg_attachment=&#8221;scroll&#8221; animation=&#8221;&#8221; css=&#8221;.vc_custom_1522501066821{margin: 0px !important;border-width: 0px !important;padding: 0px !important;}&#8221;][vc_row_inner rt_row_style=&#8221;global-style&#8221; rt_row_borders=&#8221;&#8221; rt_equal_heights=&#8221;true&#8221; rt_row_paddings=&#8221;true&#8221; rt_bg_effect=&#8221;classic&#8221; rt_bg_image_repeat=&#8221;no-repeat&#8221; rt_bg_size=&#8221;cover&#8221; rt_bg_position=&#8221;right top&#8221; rt_bg_attachment=&#8221;scroll&#8221; rt_bg_video_format=&#8221;self-hosted&#8221;][vc_column_inner width=&#8221;1\/12&#8243; rt_wrp_col_paddings=&#8221;false&#8221; rt_border_top=&#8221;&#8221; rt_border_bottom=&#8221;&#8221; rt_border_left=&#8221;&#8221; rt_border_right=&#8221;&#8221; rt_border_top_mobile=&#8221;&#8221; rt_border_bottom_mobile=&#8221;&#8221; rt_border_left_mobile=&#8221;&#8221; rt_border_right_mobile=&#8221;&#8221; rt_bg_image_repeat=&#8221;repeat&#8221; rt_bg_size=&#8221;auto auto&#8221; rt_bg_position=&#8221;right top&#8221; rt_bg_attachment=&#8221;scroll&#8221;][\/vc_column_inner][vc_column_inner width=&#8221;5\/12&#8243; rt_wrp_col_paddings=&#8221;false&#8221; rt_border_top=&#8221;&#8221; rt_border_bottom=&#8221;&#8221; rt_border_left=&#8221;&#8221; rt_border_right=&#8221;&#8221; rt_border_top_mobile=&#8221;&#8221; rt_border_bottom_mobile=&#8221;&#8221; rt_border_left_mobile=&#8221;&#8221; rt_border_right_mobile=&#8221;&#8221; rt_bg_image_repeat=&#8221;repeat&#8221; rt_bg_size=&#8221;auto auto&#8221; rt_bg_position=&#8221;right top&#8221; rt_bg_attachment=&#8221;scroll&#8221; css=&#8221;.vc_custom_1524087341227{background-color: #ffffff !important;}&#8221; class=&#8221;sol-kolon&#8221;][vc_single_image image=&#8221;22898&#8243; img_size=&#8221;full&#8221; alignment=&#8221;center&#8221; css=&#8221;.vc_custom_1522849608759{margin-top: 15px !important;margin-bottom: 15px !important;}&#8221;][vc_empty_space][vc_custom_heading text=&#8221;Salesforce&#8221; font_container=&#8221;tag:h4|text_align:left&#8221;][vc_separator style=&#8221;style-2&#8243; color=&#8221;#000000&#8243; border_width=&#8221;3&#8243;][vc_column_text]\n<p style=\"text-align: left;\"><strong>Salesforce.com<\/strong>\u00a0d\u00fcnyan\u0131n lider kurumsal bulut bili\u015fim \u015firketidir. Salesforce taraf\u0131ndan geli\u015ftirilen bulut tabanl\u0131 CRM \u00e7\u00f6z\u00fcmleri (<a href=\"https:\/\/www.inspark.com\/sales-cloud-satis-bulutu\">Sat\u0131\u015f<\/a>, <a href=\"https:\/\/www.inspark.com\/marketing-cloud-pazarlama-bulutu\">Pazarlama<\/a>, <a href=\"https:\/\/www.inspark.com\/service-cloud-servis-bulutu\">\u00c7a\u011fr\u0131 Merkezi<\/a>) m\u00fc\u015fteri ili\u015fkileri y\u00f6netimi alan\u0131nda devrim yaratm\u0131\u015ft\u0131r.<\/p>\n<p style=\"text-align: left;\">\u015eirketin sundu\u011fu bulut tabal\u0131 platform uygulamalar, kullan\u0131c\u0131lar\u0131n ve \u015firketin ihtiya\u00e7lar\u0131na g\u00f6re h\u0131zl\u0131 bir \u015fekilde \u00f6zelle\u015ftirilebilir. \u015eirketler donan\u0131m, yaz\u0131l\u0131m ve kurulum gibi y\u00fcksek maliyetli yat\u0131r\u0131m yapmak zorunda kalmadan kulland\u0131klar\u0131 kadar \u00f6deyerek Salesforce \u00e7\u00f6z\u00fcmlerine sahip olabilirler.<\/p>\n<p style=\"text-align: left;\"><a href=\"https:\/\/www.inspark.com\/kurumsal\/salesforce-turkiye-partner-inspark\">Devam\u0131 i\u00e7in&#8230;<\/a><\/p>\n[\/vc_column_text][vc_separator style=&#8221;style-4&#8243;][vc_single_image image=&#8221;22887&#8243; img_size=&#8221;full&#8221; alignment=&#8221;center&#8221; css=&#8221;.vc_custom_1522849495664{margin-top: 15px !important;margin-bottom: 15px !important;}&#8221;][vc_empty_space][vc_custom_heading text=&#8221;Blackline&#8221; font_container=&#8221;tag:h4|text_align:left&#8221;][vc_separator style=&#8221;style-2&#8243; color=&#8221;#000000&#8243; border_width=&#8221;3&#8243;][vc_column_text]\n<p style=\"text-align: left;\">INSPARK, Finansal Kontrol ve Otomasyon \u00c7\u00f6z\u00fcm\u00fc sunan <strong>Blackline Systems<\/strong>\u2019\u0131n T\u00fcrkiye\u2019deki tek i\u015f orta\u011f\u0131 oldu. Blackline Systems Software as a Service modeliyle kurumlar\u0131n finansal s\u00fcre\u00e7lerini d\u00f6nem kapan\u0131\u015f\u0131 s\u0131ras\u0131ndaki otomatik kontrolleriyle daha etkin, g\u00f6r\u00fcn\u00fcr ve kontroll\u00fc hale getirmektedir.<\/p>\n<p style=\"text-align: left;\">D\u00fcnya\u2019daki kullan\u0131c\u0131lar\u0131 aras\u0131nda Boeing, Chrysler, Community Trust Bank, Baxter, AT&amp;T, Sprint, Lafarge, Westinghouse, Nasdaq, Mastercard, Pepsi, Alliance, Hyatt, Kempinsky, AIG, Z\u00fcrich Sigorta, Tyco, Hertz, DHL, Citrix, eBay, Groupon, Alcan, Greif, Tesco, BP, ThyssenKrupp, The New York Times gibi kurumlar bulunmaktad\u0131r.<\/p>\n[\/vc_column_text][vc_separator style=&#8221;style-4&#8243;][vc_single_image image=&#8221;22894&#8243; img_size=&#8221;full&#8221; alignment=&#8221;center&#8221; css=&#8221;.vc_custom_1522849479026{margin-top: 15px !important;margin-bottom: 15px !important;}&#8221;][vc_empty_space][vc_custom_heading text=&#8221;Informatica&#8221; font_container=&#8221;tag:h4|text_align:left&#8221;][vc_separator style=&#8221;style-2&#8243; color=&#8221;#000000&#8243; border_width=&#8221;3&#8243;][vc_column_text]\n<p style=\"text-align: justify;\"><strong>Informatica<\/strong> g\u00fcn\u00fcm\u00fcz\u00fcn k\u00fcresel ekonomisinde \u015firketlerin sahip olduklar\u0131 t\u00fcm bilgi varl\u0131klar\u0131na eri\u015fmelerini, onlar\u0131 entegre etmelerini ve onlara g\u00fcvenmelerini sa\u011flayarak BT harcamalar\u0131n\u0131 azaltmalar\u0131 ve rekabet \u00fcst\u00fcnl\u00fc\u011f\u00fc elde etmelerini m\u00fcmk\u00fcn k\u0131lar.<\/p>\n<p style=\"text-align: justify;\">Informatica\u00ae Corporation d\u00fcnyan\u0131n bir numaral\u0131 ba\u011f\u0131ms\u0131z veri entegrasyonu yaz\u0131l\u0131m\u0131 sa\u011flay\u0131c\u0131s\u0131d\u0131r.<\/p>\n[\/vc_column_text][\/vc_column_inner][vc_column_inner width=&#8221;5\/12&#8243; rt_wrp_col_paddings=&#8221;false&#8221; rt_border_top=&#8221;&#8221; rt_border_bottom=&#8221;&#8221; rt_border_left=&#8221;&#8221; rt_border_right=&#8221;&#8221; rt_border_top_mobile=&#8221;&#8221; rt_border_bottom_mobile=&#8221;&#8221; rt_border_left_mobile=&#8221;&#8221; rt_border_right_mobile=&#8221;&#8221; rt_bg_image_repeat=&#8221;repeat&#8221; rt_bg_size=&#8221;auto auto&#8221; rt_bg_position=&#8221;right top&#8221; rt_bg_attachment=&#8221;scroll&#8221; css=&#8221;.vc_custom_1524087351877{background-color: #ffffff !important;}&#8221; class=&#8221;sag-kolon&#8221;][vc_single_image image=&#8221;27639&#8243; img_size=&#8221;full&#8221; alignment=&#8221;center&#8221; css=&#8221;.vc_custom_1598558234372{margin-top: 15px !important;margin-bottom: 15px !important;}&#8221;][vc_empty_space][vc_custom_heading text=&#8221;Jitterbit&#8221; font_container=&#8221;tag:h4|text_align:left&#8221;][vc_separator style=&#8221;style-2&#8243; color=&#8221;#000000&#8243; border_width=&#8221;3&#8243;][vc_column_text]\n<p style=\"text-align: justify;\"><a href=\"https:\/\/www.jitterbit.com\/company\" target=\"_blank\" rel=\"noopener noreferrer\">Jitterbit<\/a> helps businesses make faster, more effective decisions by enabling them to unify and exploit data from all sources. Using the Jitterbit API integration platform companies can rapidly connect SaaS, on-premises and cloud applications and instantly infuse artificial intelligence into any business process. Jitterbit intuitive API creation technology enables companies to reuse business-critical applications and data to bring new offerings to market in days, not months.<\/p>\n[\/vc_column_text][vc_separator style=&#8221;style-4&#8243;][vc_single_image image=&#8221;27646&#8243; img_size=&#8221;full&#8221; alignment=&#8221;center&#8221; css=&#8221;.vc_custom_1598559279294{margin-top: 15px !important;margin-bottom: 15px !important;}&#8221;][vc_empty_space][vc_custom_heading text=&#8221;\u0130leti Y\u00f6netim Sistemi&#8221; font_container=&#8221;tag:h4|text_align:left&#8221;][vc_separator style=&#8221;style-2&#8243; color=&#8221;#000000&#8243; border_width=&#8221;3&#8243;][vc_column_text]\n<p style=\"text-align: justify;\">\u0130leti Y\u00f6netim Sistemi A.\u015e., T\u00fcrkiye Odalar ve Borsalar Birli\u011fi taraf\u0131ndan kurulmu\u015ftur. \u0130leti Y\u00f6netim Sistemi, Hizmet Sa\u011flay\u0131c\u0131lar&#8217;\u0131n arama, mesaj ve e-posta gibi farkl\u0131 tipte ileti izinlerini saklay\u0131p y\u00f6netebilecekleri, al\u0131c\u0131lar\u0131n verdikleri izinleri g\u00f6r\u00fcnt\u00fcleyip kald\u0131rabilecekleri, izinsiz g\u00f6nderimleri \u015fik\u00e2yet edebilecekleri, kamunun ise ileti \u015fik\u00e2yetlerini ve \u015fik\u00e2yete konu iznin durumunu g\u00f6r\u00fcnt\u00fcleyebilecekleri, web sitesi, k\u0131sa mesaj numaras\u0131 ve \u00e7a\u011fr\u0131 merkezi \u00fczerinden hizmet verecek, t\u00fcm izinleri zaman damgas\u0131yla kay\u0131t alt\u0131na al\u0131p g\u00fcvenli bi\u00e7imde saklayacak ulusal veri taban\u0131 sistemidir. Detayl\u0131 bilgi i\u00e7in \u0130YS sayfam\u0131za g\u00f6z atabilirsiniz.<\/p>\n[\/vc_column_text][vc_separator style=&#8221;style-4&#8243;][vc_single_image image=&#8221;22884&#8243; img_size=&#8221;full&#8221; alignment=&#8221;center&#8221; css=&#8221;.vc_custom_1522849503913{margin-top: 15px !important;margin-bottom: 15px !important;}&#8221;][vc_empty_space][vc_custom_heading text=&#8221;Google&#8221; font_container=&#8221;tag:h4|text_align:left&#8221;][vc_separator style=&#8221;style-2&#8243; color=&#8221;#000000&#8243; border_width=&#8221;3&#8243;][vc_column_text]\n<p style=\"text-align: justify;\"><strong>Google<\/strong>\u2019\u0131n misyonu, d\u00fcnyadaki t\u00fcm bilgileri organize etmek ve evrensel olarak eri\u015filebilir ve kullan\u0131\u015fl\u0131 k\u0131lmakt\u0131r.<\/p>\n<p style=\"text-align: justify;\">Google\u2019\u0131n kurucular\u0131, Larry Page ve Sergey Brin bu misyonu yerine getirirken ilk ad\u0131m olarak, Stanford University\u2019nin \u00f6\u011frenci yurdunda geli\u015ftirip ve b\u00fct\u00fcn d\u00fcnyada bilgi arayanlar aras\u0131nda h\u0131zla yay\u0131lan teknolojileriyle \u00e7evrimi\u00e7i aramaya yeni bir yakla\u015f\u0131m getirdiler. Saniyeler i\u00e7inde ilgili sonu\u00e7lar\u0131 g\u00f6steren kullan\u0131m\u0131 kolay ve \u00fccretsiz bir hizmet olan Google, bug\u00fcn art\u0131k geni\u015f kitleler taraf\u0131ndan d\u00fcnya \u00fczerindeki en b\u00fcy\u00fck arama motoru olarak biliniyor.<\/p>\n[\/vc_column_text][vc_separator style=&#8221;style-4&#8243;][vc_single_image image=&#8221;22917&#8243; img_size=&#8221;full&#8221; alignment=&#8221;center&#8221; css=&#8221;.vc_custom_1522851983891{margin-top: 15px !important;margin-bottom: 15px !important;}&#8221;][vc_empty_space][vc_custom_heading text=&#8221;Infor&#8221; font_container=&#8221;tag:h4|text_align:left&#8221;][vc_separator style=&#8221;style-2&#8243; color=&#8221;#000000&#8243; border_width=&#8221;3&#8243;][vc_column_text]\n<p style=\"text-align: justify;\"><strong>Infor<\/strong> D\u00fcnya\u2019n\u0131n 3. b\u00fcy\u00fck kurumsal yaz\u0131l\u0131m ve servis firmas\u0131d\u0131r. 194 \u00fclkede 70.000 firmaya operasyonlar\u0131n\u0131 iyile\u015ftirmeleri, b\u00fcy\u00fcmeleri ve h\u0131zl\u0131 de\u011fi\u015fime ayak uydurabilmeleri i\u00e7in yard\u0131m etmektedir. Infor, end\u00fcstri spesifik uygulamalar\u0131yla hem bulut hem de geleneksel yaz\u0131l\u0131m modeliyle \u00e7\u00f6z\u00fcm sunmaktad\u0131r.<\/p>\n<p style=\"text-align: justify;\">Inspark olarak Infor\u2019un FMS SunSystems \u00e7\u00f6z\u00fcm\u00fcn\u00fcn T\u00fcrkiye\u2019de i\u015f ortakl\u0131\u011f\u0131n\u0131 yapmaktay\u0131z. M\u00fc\u015fterilerimiz aras\u0131nda Peugeot, DHL Express, Shell ve Shell Gas, Regus gibi firmalar bulunmaktad\u0131r. T\u00fcrkiye\u2019de bir\u00e7ok otel SunSystems kullanmaktad\u0131r.<\/p>\n[\/vc_column_text][\/vc_column_inner][vc_column_inner width=&#8221;1\/12&#8243; rt_wrp_col_paddings=&#8221;false&#8221; rt_border_top=&#8221;&#8221; rt_border_bottom=&#8221;&#8221; rt_border_left=&#8221;&#8221; rt_border_right=&#8221;&#8221; rt_border_top_mobile=&#8221;&#8221; rt_border_bottom_mobile=&#8221;&#8221; rt_border_left_mobile=&#8221;&#8221; rt_border_right_mobile=&#8221;&#8221; rt_bg_image_repeat=&#8221;repeat&#8221; rt_bg_size=&#8221;auto auto&#8221; rt_bg_position=&#8221;right top&#8221; rt_bg_attachment=&#8221;scroll&#8221;][\/vc_column_inner][\/vc_row_inner][vc_empty_space height=&#8221;100px&#8221;][\/vc_column][\/vc_row][vc_row rt_row_background_width=&#8221;fullwidth&#8221; rt_row_content_width=&#8221;default&#8221; rt_row_style=&#8221;default-style&#8221; rt_column_placement=&#8221;middle&#8221; rt_row_borders=&#8221;&#8221; rt_row_paddings=&#8221;true&#8221; id=&#8221;home-section-8&#8243; rt_bg_effect=&#8221;classic&#8221; rt_bg_image_repeat=&#8221;repeat&#8221; rt_bg_size=&#8221;cover&#8221; rt_bg_position=&#8221;right top&#8221; rt_bg_attachment=&#8221;scroll&#8221; rt_bg_video_format=&#8221;self-hosted&#8221; type=&#8221;vc_default&#8221; full_width=&#8221;stretch_row_content_no_spaces&#8221; content_placement=&#8221;middle&#8221; class=&#8221;graback1&#8243;][vc_column rt_wrp_col_paddings=&#8221;false&#8221; rt_border_top=&#8221;&#8221; rt_border_bottom=&#8221;&#8221; rt_border_left=&#8221;&#8221; rt_border_right=&#8221;&#8221; rt_border_top_mobile=&#8221;&#8221; rt_border_bottom_mobile=&#8221;&#8221; rt_border_left_mobile=&#8221;&#8221; rt_border_right_mobile=&#8221;&#8221; rt_bg_image_repeat=&#8221;repeat&#8221; rt_bg_size=&#8221;auto auto&#8221; rt_bg_position=&#8221;right top&#8221; rt_bg_attachment=&#8221;scroll&#8221;][vc_custom_heading text=&#8221;LET&#8217;S SUCCEED<br \/>\nTOGETHER&#8221; font_container=&#8221;tag:h2|text_align:left|color:%23000000&#8243; use_theme_fonts=&#8221;yes&#8221;][vc_separator style=&#8221;style-2&#8243; color=&#8221;#000000&#8243; border_width=&#8221;3&#8243;][\/vc_column][\/vc_row]\n","protected":false},"excerpt":{"rendered":"<p>[vc_row rt_row_background_width=&#8221;fullwidth&#8221; rt_row_content_width=&#8221;fullwidth&#8221; rt_row_style=&#8221;default-style&#8221; rt_column_placement=&#8221;middle&#8221; rt_row_borders=&#8221;&#8221; rt_row_paddings=&#8221;false&#8221; rt_bg_image=&#8221;22620&#8243; rt_bg_effect=&#8221;classic&#8221; rt_bg_image_repeat=&#8221;no-repeat&#8221; rt_bg_size=&#8221;cover&#8221; rt_bg_position=&#8221;center center&#8221; rt_bg_attachment=&#8221;scroll&#8221; rt_bg_video_format=&#8221;self-hosted&#8221; margin_top=&#8221;0px&#8221; full_width=&#8221;&#8221; padding_left=&#8221;0&#8243; padding_right=&#8221;0&#8243; bg_position=&#8221;top&#8221; [&hellip;]<\/p>\n","protected":false},"author":11,"featured_media":0,"parent":0,"menu_order":0,"comment_status":"closed","ping_status":"closed","template":"","meta":{"footnotes":""},"class_list":["post-27650","page","type-page","status-publish","hentry"],"yoast_head":"<!-- This site is optimized with the Yoast SEO Premium plugin v20.9 (Yoast SEO v26.0) - https:\/\/yoast.com\/wordpress\/plugins\/seo\/ -->\n<title>\u0130\u015f Ortaklar\u0131m\u0131z<\/title>\n<meta name=\"robots\" content=\"index, follow, max-snippet:-1, max-image-preview:large, max-video-preview:-1\" \/>\n<link rel=\"canonical\" href=\"https:\/\/www.inspark.com\/en\/is-ortaklarimiz\/\" \/>\n<meta property=\"og:locale\" content=\"en_US\" \/>\n<meta property=\"og:type\" content=\"article\" \/>\n<meta property=\"og:title\" content=\"\u0130\u015f Ortaklar\u0131m\u0131z\" \/>\n<meta property=\"og:description\" content=\"[vc_row rt_row_background_width=&#8221;fullwidth&#8221; rt_row_content_width=&#8221;fullwidth&#8221; rt_row_style=&#8221;default-style&#8221; rt_column_placement=&#8221;middle&#8221; rt_row_borders=&#8221;&#8221; rt_row_paddings=&#8221;false&#8221; rt_bg_image=&#8221;22620&#8243; rt_bg_effect=&#8221;classic&#8221; rt_bg_image_repeat=&#8221;no-repeat&#8221; rt_bg_size=&#8221;cover&#8221; rt_bg_position=&#8221;center center&#8221; rt_bg_attachment=&#8221;scroll&#8221; rt_bg_video_format=&#8221;self-hosted&#8221; margin_top=&#8221;0px&#8221; full_width=&#8221;&#8221; padding_left=&#8221;0&#8243; padding_right=&#8221;0&#8243; bg_position=&#8221;top&#8221; [&hellip;]\" \/>\n<meta property=\"og:url\" content=\"https:\/\/www.inspark.com\/en\/is-ortaklarimiz\/\" \/>\n<meta property=\"og:site_name\" content=\"Salesforce T\u00fcrkiye Yetkili Sat\u0131c\u0131s\u0131 ve \u0130\u015f Orta\u011f\u0131\" \/>\n<meta property=\"article:modified_time\" content=\"2020-08-28T15:03:30+00:00\" \/>\n<meta name=\"twitter:card\" content=\"summary_large_image\" \/>\n<meta name=\"twitter:label1\" content=\"Est. reading time\" \/>\n\t<meta name=\"twitter:data1\" content=\"9 minutes\" \/>\n<script type=\"application\/ld+json\" class=\"yoast-schema-graph\">{\"@context\":\"https:\/\/schema.org\",\"@graph\":[{\"@type\":\"WebPage\",\"@id\":\"https:\/\/www.inspark.com\/en\/is-ortaklarimiz\/\",\"url\":\"https:\/\/www.inspark.com\/en\/is-ortaklarimiz\/\",\"name\":\"\u0130\u015f Ortaklar\u0131m\u0131z\",\"isPartOf\":{\"@id\":\"https:\/\/www.inspark.com\/en\/#website\"},\"datePublished\":\"2020-08-28T15:00:47+00:00\",\"dateModified\":\"2020-08-28T15:03:30+00:00\",\"breadcrumb\":{\"@id\":\"https:\/\/www.inspark.com\/en\/is-ortaklarimiz\/#breadcrumb\"},\"inLanguage\":\"en-US\",\"potentialAction\":[{\"@type\":\"ReadAction\",\"target\":[\"https:\/\/www.inspark.com\/en\/is-ortaklarimiz\/\"]}]},{\"@type\":\"BreadcrumbList\",\"@id\":\"https:\/\/www.inspark.com\/en\/is-ortaklarimiz\/#breadcrumb\",\"itemListElement\":[{\"@type\":\"ListItem\",\"position\":1,\"name\":\"Ana sayfa\",\"item\":\"https:\/\/www.inspark.com\/en\/\"},{\"@type\":\"ListItem\",\"position\":2,\"name\":\"\u0130\u015f Ortaklar\u0131m\u0131z\"}]},{\"@type\":\"WebSite\",\"@id\":\"https:\/\/www.inspark.com\/en\/#website\",\"url\":\"https:\/\/www.inspark.com\/en\/\",\"name\":\"Salesforce T\u00fcrkiye Yetkili Sat\u0131c\u0131s\u0131 ve \u0130\u015f Orta\u011f\u0131\",\"description\":\"&quot;Your Intelligent Partner&quot;\",\"potentialAction\":[{\"@type\":\"SearchAction\",\"target\":{\"@type\":\"EntryPoint\",\"urlTemplate\":\"https:\/\/www.inspark.com\/en\/?s={search_term_string}\"},\"query-input\":{\"@type\":\"PropertyValueSpecification\",\"valueRequired\":true,\"valueName\":\"search_term_string\"}}],\"inLanguage\":\"en-US\"}]}<\/script>\n<!-- \/ Yoast SEO Premium plugin. -->","yoast_head_json":{"title":"\u0130\u015f Ortaklar\u0131m\u0131z","robots":{"index":"index","follow":"follow","max-snippet":"max-snippet:-1","max-image-preview":"max-image-preview:large","max-video-preview":"max-video-preview:-1"},"canonical":"https:\/\/www.inspark.com\/en\/is-ortaklarimiz\/","og_locale":"en_US","og_type":"article","og_title":"\u0130\u015f Ortaklar\u0131m\u0131z","og_description":"[vc_row rt_row_background_width=&#8221;fullwidth&#8221; rt_row_content_width=&#8221;fullwidth&#8221; rt_row_style=&#8221;default-style&#8221; rt_column_placement=&#8221;middle&#8221; rt_row_borders=&#8221;&#8221; rt_row_paddings=&#8221;false&#8221; rt_bg_image=&#8221;22620&#8243; rt_bg_effect=&#8221;classic&#8221; rt_bg_image_repeat=&#8221;no-repeat&#8221; rt_bg_size=&#8221;cover&#8221; rt_bg_position=&#8221;center center&#8221; rt_bg_attachment=&#8221;scroll&#8221; rt_bg_video_format=&#8221;self-hosted&#8221; margin_top=&#8221;0px&#8221; full_width=&#8221;&#8221; padding_left=&#8221;0&#8243; padding_right=&#8221;0&#8243; bg_position=&#8221;top&#8221; [&hellip;]","og_url":"https:\/\/www.inspark.com\/en\/is-ortaklarimiz\/","og_site_name":"Salesforce T\u00fcrkiye Yetkili Sat\u0131c\u0131s\u0131 ve \u0130\u015f Orta\u011f\u0131","article_modified_time":"2020-08-28T15:03:30+00:00","twitter_card":"summary_large_image","twitter_misc":{"Est. reading time":"9 minutes"},"schema":{"@context":"https:\/\/schema.org","@graph":[{"@type":"WebPage","@id":"https:\/\/www.inspark.com\/en\/is-ortaklarimiz\/","url":"https:\/\/www.inspark.com\/en\/is-ortaklarimiz\/","name":"\u0130\u015f Ortaklar\u0131m\u0131z","isPartOf":{"@id":"https:\/\/www.inspark.com\/en\/#website"},"datePublished":"2020-08-28T15:00:47+00:00","dateModified":"2020-08-28T15:03:30+00:00","breadcrumb":{"@id":"https:\/\/www.inspark.com\/en\/is-ortaklarimiz\/#breadcrumb"},"inLanguage":"en-US","potentialAction":[{"@type":"ReadAction","target":["https:\/\/www.inspark.com\/en\/is-ortaklarimiz\/"]}]},{"@type":"BreadcrumbList","@id":"https:\/\/www.inspark.com\/en\/is-ortaklarimiz\/#breadcrumb","itemListElement":[{"@type":"ListItem","position":1,"name":"Ana sayfa","item":"https:\/\/www.inspark.com\/en\/"},{"@type":"ListItem","position":2,"name":"\u0130\u015f Ortaklar\u0131m\u0131z"}]},{"@type":"WebSite","@id":"https:\/\/www.inspark.com\/en\/#website","url":"https:\/\/www.inspark.com\/en\/","name":"Salesforce T\u00fcrkiye Yetkili Sat\u0131c\u0131s\u0131 ve \u0130\u015f Orta\u011f\u0131","description":"&quot;Your Intelligent Partner&quot;","potentialAction":[{"@type":"SearchAction","target":{"@type":"EntryPoint","urlTemplate":"https:\/\/www.inspark.com\/en\/?s={search_term_string}"},"query-input":{"@type":"PropertyValueSpecification","valueRequired":true,"valueName":"search_term_string"}}],"inLanguage":"en-US"}]}},"_links":{"self":[{"href":"https:\/\/www.inspark.com\/en\/wp-json\/wp\/v2\/pages\/27650","targetHints":{"allow":["GET"]}}],"collection":[{"href":"https:\/\/www.inspark.com\/en\/wp-json\/wp\/v2\/pages"}],"about":[{"href":"https:\/\/www.inspark.com\/en\/wp-json\/wp\/v2\/types\/page"}],"author":[{"embeddable":true,"href":"https:\/\/www.inspark.com\/en\/wp-json\/wp\/v2\/users\/11"}],"replies":[{"embeddable":true,"href":"https:\/\/www.inspark.com\/en\/wp-json\/wp\/v2\/comments?post=27650"}],"version-history":[{"count":4,"href":"https:\/\/www.inspark.com\/en\/wp-json\/wp\/v2\/pages\/27650\/revisions"}],"predecessor-version":[{"id":27655,"href":"https:\/\/www.inspark.com\/en\/wp-json\/wp\/v2\/pages\/27650\/revisions\/27655"}],"wp:attachment":[{"href":"https:\/\/www.inspark.com\/en\/wp-json\/wp\/v2\/media?parent=27650"}],"curies":[{"name":"wp","href":"https:\/\/api.w.org\/{rel}","templated":true}]}}