{"id":26195,"date":"2019-10-20T01:17:14","date_gmt":"2019-10-19T22:17:14","guid":{"rendered":"https:\/\/www.inspark.com\/?page_id=26195"},"modified":"2022-04-21T23:36:09","modified_gmt":"2022-04-21T20:36:09","slug":"iot-internet-of-objects","status":"publish","type":"page","link":"https:\/\/www.inspark.com\/en\/iot-internet-of-things","title":{"rendered":"IoT &#8211; Internet of Things"},"content":{"rendered":"[vc_row rt_row_background_width=&#8221;fullwidth&#8221; rt_row_content_width=&#8221;fullwidth&#8221; rt_row_style=&#8221;default-style&#8221; rt_column_placement=&#8221;middle&#8221; rt_row_borders=&#8221;&#8221; rt_row_paddings=&#8221;false&#8221; rt_bg_image=&#8221;22493&#8243; rt_bg_effect=&#8221;classic&#8221; rt_bg_image_repeat=&#8221;repeat&#8221; rt_bg_size=&#8221;cover&#8221; rt_bg_position=&#8221;right top&#8221; rt_bg_attachment=&#8221;scroll&#8221; rt_bg_video_format=&#8221;youtube&#8221; type=&#8221;vc_default&#8221; full_width=&#8221;stretch_row_content_no_spaces&#8221; content_placement=&#8221;middle&#8221; rt_row_height=&#8221;300px&#8221; rt_bg_video_youtube=&#8221;https:\/\/www.youtube.com\/watch?v=k7__fewx-ZM&#8221; rt_bg_overlay_color=&#8221;rgba(1,69,130,0.7)&#8221;][vc_column rt_wrp_col_paddings=&#8221;false&#8221; rt_border_top=&#8221;&#8221; rt_border_bottom=&#8221;&#8221; rt_border_left=&#8221;&#8221; rt_border_right=&#8221;&#8221; rt_border_top_mobile=&#8221;&#8221; rt_border_bottom_mobile=&#8221;&#8221; rt_border_left_mobile=&#8221;&#8221; rt_border_right_mobile=&#8221;&#8221; rt_bg_image_repeat=&#8221;repeat&#8221; rt_bg_size=&#8221;auto auto&#8221; rt_bg_position=&#8221;right top&#8221; rt_bg_attachment=&#8221;scroll&#8221;][\/vc_column][\/vc_row][vc_row rt_row_background_width=&#8221;fullwidth&#8221; rt_row_content_width=&#8221;fullwidth&#8221; rt_row_style=&#8221;default-style&#8221; rt_column_placement=&#8221;middle&#8221; rt_row_borders=&#8221;&#8221; rt_overlap=&#8221;true&#8221; rt_row_paddings=&#8221;false&#8221; rt_bg_image=&#8221;22581&#8243; rt_bg_effect=&#8221;classic&#8221; rt_bg_image_repeat=&#8221;no-repeat&#8221; rt_bg_size=&#8221;cover&#8221; rt_bg_position=&#8221;right top&#8221; rt_bg_attachment=&#8221;scroll&#8221; rt_bg_video_format=&#8221;youtube&#8221; type=&#8221;vc_default&#8221; full_width=&#8221;stretch_row_content_no_spaces&#8221; content_placement=&#8221;middle&#8221; class=&#8221;divoverlap&#8221;][vc_column rt_wrp_col_paddings=&#8221;false&#8221; rt_border_top=&#8221;&#8221; rt_border_bottom=&#8221;&#8221; rt_border_left=&#8221;&#8221; rt_border_right=&#8221;&#8221; rt_border_top_mobile=&#8221;&#8221; rt_border_bottom_mobile=&#8221;&#8221; rt_border_left_mobile=&#8221;&#8221; rt_border_right_mobile=&#8221;&#8221; rt_bg_image_repeat=&#8221;repeat&#8221; rt_bg_size=&#8221;auto auto&#8221; rt_bg_position=&#8221;right top&#8221; rt_bg_attachment=&#8221;scroll&#8221;][vc_row_inner rt_row_style=&#8221;global-style&#8221; rt_row_borders=&#8221;&#8221; rt_equal_heights=&#8221;true&#8221; rt_row_paddings=&#8221;false&#8221; rt_bg_effect=&#8221;classic&#8221; rt_bg_image_repeat=&#8221;repeat&#8221; rt_bg_size=&#8221;cover&#8221; rt_bg_position=&#8221;right top&#8221; rt_bg_attachment=&#8221;scroll&#8221; rt_bg_video_format=&#8221;self-hosted&#8221;][vc_column_inner width=&#8221;1\/12&#8243; rt_wrp_col_paddings=&#8221;false&#8221; rt_border_top=&#8221;&#8221; rt_border_bottom=&#8221;&#8221; rt_border_left=&#8221;&#8221; rt_border_right=&#8221;&#8221; rt_border_top_mobile=&#8221;&#8221; rt_border_bottom_mobile=&#8221;&#8221; rt_border_left_mobile=&#8221;&#8221; rt_border_right_mobile=&#8221;&#8221; rt_bg_image_repeat=&#8221;repeat&#8221; rt_bg_size=&#8221;auto auto&#8221; rt_bg_position=&#8221;right top&#8221; rt_bg_attachment=&#8221;scroll&#8221;][\/vc_column_inner][vc_column_inner width=&#8221;5\/12&#8243; rt_wrp_col_paddings=&#8221;false&#8221; rt_border_top=&#8221;&#8221; rt_border_bottom=&#8221;&#8221; rt_border_left=&#8221;&#8221; rt_border_right=&#8221;&#8221; rt_border_top_mobile=&#8221;&#8221; rt_border_bottom_mobile=&#8221;&#8221; rt_border_left_mobile=&#8221;&#8221; rt_border_right_mobile=&#8221;&#8221; rt_bg_image_repeat=&#8221;repeat&#8221; rt_bg_size=&#8221;auto auto&#8221; rt_bg_position=&#8221;right top&#8221; rt_bg_attachment=&#8221;scroll&#8221; css=&#8221;.vc_custom_1523978621906{background-color: #ffffff !important;}&#8221; class=&#8221;sol-kolon&#8221;][vc_custom_heading text=&#8221;IoT<br \/>\nINTERNET OF THINGS&#8221; font_container=&#8221;tag:h1|text_align:left|color:%23000000&#8243; use_theme_fonts=&#8221;yes&#8221;][vc_separator style=&#8221;style-2&#8243; color=&#8221;#000000&#8243; border_width=&#8221;3&#8243;][vc_custom_heading text=&#8221;Turn data into action with the Internet of Things and Salesforce.&#8221; font_container=&#8221;tag:h4|text_align:left|color:%23000000&#8243; use_theme_fonts=&#8221;yes&#8221;][vc_column_text css=&#8221;.vc_custom_1571523656075{padding-top: 20px !important;padding-bottom: 20px !important;}&#8221;]Salesforce offers solutions for integrating devices, products, websites with customer data and increasing interaction with your customers.<\/p>\n<p><strong>IoT Cloud &#8211; Internet of Things Cloud:<\/strong><\/p>\n<ul>\n<li>Combine the Internet of Things and customer data in your CRM<\/li>\n<li>Convert important information in big data into meaningful reports and take real-time actions<\/li>\n<li>Let your customers reach you before they call you<\/li>\n<\/ul>\n[\/vc_column_text][\/vc_column_inner][vc_column_inner width=&#8221;5\/12&#8243; rt_wrp_col_paddings=&#8221;false&#8221; rt_border_top=&#8221;&#8221; rt_border_bottom=&#8221;&#8221; rt_border_left=&#8221;&#8221; rt_border_right=&#8221;&#8221; rt_border_top_mobile=&#8221;&#8221; rt_border_bottom_mobile=&#8221;&#8221; rt_border_left_mobile=&#8221;&#8221; rt_border_right_mobile=&#8221;&#8221; rt_bg_image_repeat=&#8221;repeat&#8221; rt_bg_size=&#8221;auto auto&#8221; rt_bg_position=&#8221;right top&#8221; rt_bg_attachment=&#8221;scroll&#8221; css=&#8221;.vc_custom_1523978632055{background-color: #ffffff !important;}&#8221; class=&#8221;sag-kolon&#8221;][vc_single_image image=&#8221;22733&#8243; img_size=&#8221;350&#215;239&#8243;][vc_empty_space][vc_column_text css=&#8221;.vc_custom_1571523676040{padding-top: 20px !important;padding-bottom: 20px !important;}&#8221;]\n<blockquote>\n<p><strong>With Salesforce CRM, you can give your customer a great experience using personalized messages and customer preferred channels.<\/strong><\/p>\n<\/blockquote>\n[\/vc_column_text][vc_separator style=&#8221;style-4&#8243;][vc_btn title=&#8221;REQUEST A FREE DEMO&#8221; color=&#8221;white&#8221; align=&#8221;left&#8221; css_animation=&#8221;bottom-to-top&#8221; link=&#8221;url:https%3A%2F%2Fwww.inspark.com%2Fen%2Fsalesforce-crm-free-trial-for-30-days|||&#8221;][\/vc_column_inner][vc_column_inner width=&#8221;1\/12&#8243; rt_wrp_col_paddings=&#8221;false&#8221; rt_border_top=&#8221;&#8221; rt_border_bottom=&#8221;&#8221; rt_border_left=&#8221;&#8221; rt_border_right=&#8221;&#8221; rt_border_top_mobile=&#8221;&#8221; rt_border_bottom_mobile=&#8221;&#8221; rt_border_left_mobile=&#8221;&#8221; rt_border_right_mobile=&#8221;&#8221; rt_bg_image_repeat=&#8221;repeat&#8221; rt_bg_size=&#8221;auto auto&#8221; rt_bg_position=&#8221;right top&#8221; rt_bg_attachment=&#8221;scroll&#8221;][\/vc_column_inner][\/vc_row_inner][vc_row_inner rt_row_style=&#8221;global-style&#8221; rt_row_borders=&#8221;&#8221; rt_row_paddings=&#8221;true&#8221; rt_bg_effect=&#8221;classic&#8221; rt_bg_image_repeat=&#8221;repeat&#8221; rt_bg_size=&#8221;cover&#8221; rt_bg_position=&#8221;right top&#8221; rt_bg_attachment=&#8221;scroll&#8221; rt_bg_video_format=&#8221;self-hosted&#8221;][vc_column_inner width=&#8221;1\/12&#8243; rt_wrp_col_paddings=&#8221;false&#8221; rt_border_top=&#8221;&#8221; rt_border_bottom=&#8221;&#8221; rt_border_left=&#8221;&#8221; rt_border_right=&#8221;&#8221; rt_border_top_mobile=&#8221;&#8221; rt_border_bottom_mobile=&#8221;&#8221; rt_border_left_mobile=&#8221;&#8221; rt_border_right_mobile=&#8221;&#8221; rt_bg_image_repeat=&#8221;repeat&#8221; rt_bg_size=&#8221;auto auto&#8221; rt_bg_position=&#8221;right top&#8221; rt_bg_attachment=&#8221;scroll&#8221;][\/vc_column_inner][vc_column_inner width=&#8221;10\/12&#8243; rt_wrp_col_paddings=&#8221;false&#8221; rt_border_top=&#8221;&#8221; rt_border_bottom=&#8221;&#8221; rt_border_left=&#8221;&#8221; rt_border_right=&#8221;&#8221; rt_border_top_mobile=&#8221;&#8221; rt_border_bottom_mobile=&#8221;&#8221; rt_border_left_mobile=&#8221;&#8221; rt_border_right_mobile=&#8221;&#8221; rt_bg_image_repeat=&#8221;repeat&#8221; rt_bg_size=&#8221;auto auto&#8221; rt_bg_position=&#8221;right top&#8221; rt_bg_attachment=&#8221;scroll&#8221;][vc_empty_space height=&#8221;100px&#8221;][vc_video link=&#8221;https:\/\/www.youtube.com\/watch?v=k7__fewx-ZM&#8221;][vc_empty_space height=&#8221;100px&#8221;][vc_column_text el_class=&#8221;underline&#8221;]\n<h3 style=\"text-align: center;\"><span style=\"color: #ffffff;\">Give your customer an excellent experience with predictive analysis.<\/span><\/h3>\n[\/vc_column_text][\/vc_column_inner][vc_column_inner width=&#8221;1\/12&#8243; rt_wrp_col_paddings=&#8221;false&#8221; rt_border_top=&#8221;&#8221; rt_border_bottom=&#8221;&#8221; rt_border_left=&#8221;&#8221; rt_border_right=&#8221;&#8221; rt_border_top_mobile=&#8221;&#8221; rt_border_bottom_mobile=&#8221;&#8221; rt_border_left_mobile=&#8221;&#8221; rt_border_right_mobile=&#8221;&#8221; rt_bg_image_repeat=&#8221;repeat&#8221; rt_bg_size=&#8221;auto auto&#8221; rt_bg_position=&#8221;right top&#8221; rt_bg_attachment=&#8221;scroll&#8221;][\/vc_column_inner][\/vc_row_inner][vc_empty_space height=&#8221;100px&#8221;][vc_row_inner rt_row_style=&#8221;global-style&#8221; rt_column_placement=&#8221;middle&#8221; rt_row_borders=&#8221;&#8221; rt_equal_heights=&#8221;true&#8221; rt_row_paddings=&#8221;true&#8221; rt_bg_effect=&#8221;classic&#8221; rt_bg_image_repeat=&#8221;repeat&#8221; rt_bg_size=&#8221;cover&#8221; rt_bg_position=&#8221;right top&#8221; rt_bg_attachment=&#8221;scroll&#8221; rt_bg_video_format=&#8221;self-hosted&#8221; rt_padding_top=&#8221;65px&#8221; rt_padding_bottom=&#8221;65px&#8221; rt_padding_left=&#8221;0&#8243; rt_padding_right=&#8221;0&#8243; rt_bg_color=&#8221;#ffffff&#8221;][vc_column_inner width=&#8221;2\/12&#8243; rt_wrp_col_paddings=&#8221;false&#8221; rt_border_top=&#8221;&#8221; rt_border_bottom=&#8221;&#8221; rt_border_left=&#8221;&#8221; rt_border_right=&#8221;&#8221; rt_border_top_mobile=&#8221;&#8221; rt_border_bottom_mobile=&#8221;&#8221; rt_border_left_mobile=&#8221;&#8221; rt_border_right_mobile=&#8221;&#8221; rt_bg_image_repeat=&#8221;repeat&#8221; rt_bg_size=&#8221;auto auto&#8221; rt_bg_position=&#8221;right top&#8221; rt_bg_attachment=&#8221;scroll&#8221;][\/vc_column_inner][vc_column_inner width=&#8221;4\/12&#8243; rt_wrp_col_paddings=&#8221;false&#8221; rt_border_top=&#8221;&#8221; rt_border_bottom=&#8221;&#8221; rt_border_left=&#8221;&#8221; rt_border_right=&#8221;&#8221; rt_border_top_mobile=&#8221;&#8221; rt_border_bottom_mobile=&#8221;&#8221; rt_border_left_mobile=&#8221;&#8221; rt_border_right_mobile=&#8221;&#8221; rt_bg_image_repeat=&#8221;repeat&#8221; rt_bg_size=&#8221;auto auto&#8221; rt_bg_position=&#8221;right top&#8221; rt_bg_attachment=&#8221;scroll&#8221;][vc_custom_heading text=&#8221;SUCCESS STORY&#8221; font_container=&#8221;tag:h5|text_align:left&#8221; use_theme_fonts=&#8221;yes&#8221;][vc_separator style=&#8221;style-2&#8243; color=&#8221;#000000&#8243; border_width=&#8221;3&#8243;][vc_custom_heading text=&#8221;\u201cWe chose Salesforce because we care very much about the CRM culture in our business. We effectively manage our sales team and use sales and operation reports to ensure that senior management makes efficient and quick decisions.\u201d&#8221; font_container=&#8221;tag:h4|font_size:30px|text_align:left&#8221;][vc_column_text]\n<h5><strong>Jan Devrim<\/strong><br \/>\nChief Sales Officer, U.N. Ro-Ro<\/h5>\n[\/vc_column_text][vc_btn title=&#8221;SUCCESS STORIES&#8221; color=&#8221;white&#8221; css_animation=&#8221;bottom-to-top&#8221; link=&#8221;url:https%3A%2F%2Fwww.inspark.com%2Fen%2Finspark-salesforce-customers%2F|||&#8221;][\/vc_column_inner][vc_column_inner width=&#8221;1\/12&#8243; rt_wrp_col_paddings=&#8221;false&#8221; rt_border_top=&#8221;&#8221; rt_border_bottom=&#8221;&#8221; rt_border_left=&#8221;&#8221; rt_border_right=&#8221;&#8221; rt_border_top_mobile=&#8221;&#8221; rt_border_bottom_mobile=&#8221;&#8221; rt_border_left_mobile=&#8221;&#8221; rt_border_right_mobile=&#8221;&#8221; rt_bg_image_repeat=&#8221;repeat&#8221; rt_bg_size=&#8221;auto auto&#8221; rt_bg_position=&#8221;right top&#8221; rt_bg_attachment=&#8221;scroll&#8221;][\/vc_column_inner][vc_column_inner width=&#8221;5\/12&#8243; rt_wrp_col_paddings=&#8221;false&#8221; rt_border_top=&#8221;&#8221; rt_border_bottom=&#8221;&#8221; rt_border_left=&#8221;&#8221; rt_border_right=&#8221;&#8221; rt_border_top_mobile=&#8221;&#8221; rt_border_bottom_mobile=&#8221;&#8221; rt_border_left_mobile=&#8221;&#8221; rt_border_right_mobile=&#8221;&#8221; rt_bg_image_repeat=&#8221;repeat&#8221; rt_bg_size=&#8221;auto auto&#8221; rt_bg_position=&#8221;right top&#8221; rt_bg_attachment=&#8221;scroll&#8221;][vc_video link=&#8221;https:\/\/youtu.be\/aqjn0fQg9_8&#8243;][\/vc_column_inner][\/vc_row_inner][\/vc_column][\/vc_row][vc_row rt_row_background_width=&#8221;fullwidth&#8221; rt_row_content_width=&#8221;default&#8221; rt_row_style=&#8221;default-style&#8221; rt_row_borders=&#8221;&#8221; rt_row_paddings=&#8221;true&#8221; id=&#8221;home-section-8&#8243; rt_bg_effect=&#8221;classic&#8221; rt_bg_image_repeat=&#8221;repeat&#8221; rt_bg_size=&#8221;cover&#8221; rt_bg_position=&#8221;right top&#8221; rt_bg_attachment=&#8221;scroll&#8221; rt_bg_video_format=&#8221;self-hosted&#8221; class=&#8221;graback1&#8243;][vc_column rt_wrp_col_paddings=&#8221;false&#8221; rt_border_top=&#8221;&#8221; rt_border_bottom=&#8221;&#8221; rt_border_left=&#8221;&#8221; rt_border_right=&#8221;&#8221; rt_border_top_mobile=&#8221;&#8221; rt_border_bottom_mobile=&#8221;&#8221; rt_border_left_mobile=&#8221;&#8221; rt_border_right_mobile=&#8221;&#8221; rt_bg_image_repeat=&#8221;repeat&#8221; rt_bg_size=&#8221;auto auto&#8221; rt_bg_position=&#8221;right top&#8221; rt_bg_attachment=&#8221;scroll&#8221;][vc_custom_heading text=&#8221;LET&#8217;S TRANSFORM<br \/>\nTOGETHER&#8221; font_container=&#8221;tag:h2|text_align:left|color:%23000000&#8243; use_theme_fonts=&#8221;yes&#8221;][vc_separator style=&#8221;style-2&#8243; color=&#8221;#000000&#8243; border_width=&#8221;3&#8243;][\/vc_column][\/vc_row]\n","protected":false},"excerpt":{"rendered":"<p>[vc_row rt_row_background_width=&#8221;fullwidth&#8221; rt_row_content_width=&#8221;fullwidth&#8221; rt_row_style=&#8221;default-style&#8221; rt_column_placement=&#8221;middle&#8221; rt_row_borders=&#8221;&#8221; rt_row_paddings=&#8221;false&#8221; rt_bg_image=&#8221;22493&#8243; rt_bg_effect=&#8221;classic&#8221; rt_bg_image_repeat=&#8221;repeat&#8221; rt_bg_size=&#8221;cover&#8221; rt_bg_position=&#8221;right top&#8221; rt_bg_attachment=&#8221;scroll&#8221; rt_bg_video_format=&#8221;youtube&#8221; type=&#8221;vc_default&#8221; full_width=&#8221;stretch_row_content_no_spaces&#8221; content_placement=&#8221;middle&#8221; rt_row_height=&#8221;300px&#8221; rt_bg_video_youtube=&#8221;https:\/\/www.youtube.com\/watch?v=k7__fewx-ZM&#8221; [&hellip;]<\/p>\n","protected":false},"author":11,"featured_media":0,"parent":0,"menu_order":0,"comment_status":"closed","ping_status":"closed","template":"","meta":{"footnotes":""},"class_list":["post-26195","page","type-page","status-publish","hentry"],"yoast_head":"<!-- This site is optimized with the Yoast SEO Premium plugin v20.9 (Yoast SEO v26.0) - https:\/\/yoast.com\/wordpress\/plugins\/seo\/ -->\n<title>IoT - Internet of Things<\/title>\n<meta name=\"robots\" content=\"index, follow, max-snippet:-1, max-image-preview:large, max-video-preview:-1\" \/>\n<link rel=\"canonical\" href=\"https:\/\/www.inspark.com\/en\/iot-internet-of-things\/\" \/>\n<meta property=\"og:locale\" content=\"en_US\" \/>\n<meta property=\"og:type\" content=\"article\" \/>\n<meta property=\"og:title\" content=\"IoT - Internet of Things\" \/>\n<meta property=\"og:description\" content=\"[vc_row rt_row_background_width=&#8221;fullwidth&#8221; rt_row_content_width=&#8221;fullwidth&#8221; rt_row_style=&#8221;default-style&#8221; rt_column_placement=&#8221;middle&#8221; rt_row_borders=&#8221;&#8221; rt_row_paddings=&#8221;false&#8221; rt_bg_image=&#8221;22493&#8243; rt_bg_effect=&#8221;classic&#8221; rt_bg_image_repeat=&#8221;repeat&#8221; rt_bg_size=&#8221;cover&#8221; rt_bg_position=&#8221;right top&#8221; rt_bg_attachment=&#8221;scroll&#8221; rt_bg_video_format=&#8221;youtube&#8221; type=&#8221;vc_default&#8221; full_width=&#8221;stretch_row_content_no_spaces&#8221; content_placement=&#8221;middle&#8221; rt_row_height=&#8221;300px&#8221; rt_bg_video_youtube=&#8221;https:\/\/www.youtube.com\/watch?v=k7__fewx-ZM&#8221; [&hellip;]\" \/>\n<meta property=\"og:url\" content=\"https:\/\/www.inspark.com\/en\/iot-internet-of-things\" \/>\n<meta property=\"og:site_name\" content=\"Salesforce T\u00fcrkiye Yetkili Sat\u0131c\u0131s\u0131 ve \u0130\u015f Orta\u011f\u0131\" \/>\n<meta property=\"article:modified_time\" content=\"2022-04-21T20:36:09+00:00\" \/>\n<meta name=\"twitter:card\" content=\"summary_large_image\" \/>\n<meta name=\"twitter:label1\" content=\"Est. reading time\" \/>\n\t<meta name=\"twitter:data1\" content=\"8 minutes\" \/>\n<script type=\"application\/ld+json\" class=\"yoast-schema-graph\">{\"@context\":\"https:\/\/schema.org\",\"@graph\":[{\"@type\":\"WebPage\",\"@id\":\"https:\/\/www.inspark.com\/en\/iot-internet-of-things\",\"url\":\"https:\/\/www.inspark.com\/en\/iot-internet-of-things\",\"name\":\"IoT - Internet of Things\",\"isPartOf\":{\"@id\":\"https:\/\/www.inspark.com\/en\/#website\"},\"datePublished\":\"2019-10-19T22:17:14+00:00\",\"dateModified\":\"2022-04-21T20:36:09+00:00\",\"breadcrumb\":{\"@id\":\"https:\/\/www.inspark.com\/en\/iot-internet-of-things#breadcrumb\"},\"inLanguage\":\"en-US\",\"potentialAction\":[{\"@type\":\"ReadAction\",\"target\":[\"https:\/\/www.inspark.com\/en\/iot-internet-of-things\"]}]},{\"@type\":\"BreadcrumbList\",\"@id\":\"https:\/\/www.inspark.com\/en\/iot-internet-of-things#breadcrumb\",\"itemListElement\":[{\"@type\":\"ListItem\",\"position\":1,\"name\":\"Ana sayfa\",\"item\":\"https:\/\/www.inspark.com\/en\/\"},{\"@type\":\"ListItem\",\"position\":2,\"name\":\"IoT &#8211; Internet of Things\"}]},{\"@type\":\"WebSite\",\"@id\":\"https:\/\/www.inspark.com\/en\/#website\",\"url\":\"https:\/\/www.inspark.com\/en\/\",\"name\":\"Salesforce T\u00fcrkiye Yetkili Sat\u0131c\u0131s\u0131 ve \u0130\u015f Orta\u011f\u0131\",\"description\":\"&quot;Your Intelligent Partner&quot;\",\"potentialAction\":[{\"@type\":\"SearchAction\",\"target\":{\"@type\":\"EntryPoint\",\"urlTemplate\":\"https:\/\/www.inspark.com\/en\/?s={search_term_string}\"},\"query-input\":{\"@type\":\"PropertyValueSpecification\",\"valueRequired\":true,\"valueName\":\"search_term_string\"}}],\"inLanguage\":\"en-US\"}]}<\/script>\n<!-- \/ Yoast SEO Premium plugin. -->","yoast_head_json":{"title":"IoT - Internet of Things","robots":{"index":"index","follow":"follow","max-snippet":"max-snippet:-1","max-image-preview":"max-image-preview:large","max-video-preview":"max-video-preview:-1"},"canonical":"https:\/\/www.inspark.com\/en\/iot-internet-of-things\/","og_locale":"en_US","og_type":"article","og_title":"IoT - Internet of Things","og_description":"[vc_row rt_row_background_width=&#8221;fullwidth&#8221; rt_row_content_width=&#8221;fullwidth&#8221; rt_row_style=&#8221;default-style&#8221; rt_column_placement=&#8221;middle&#8221; rt_row_borders=&#8221;&#8221; rt_row_paddings=&#8221;false&#8221; rt_bg_image=&#8221;22493&#8243; rt_bg_effect=&#8221;classic&#8221; rt_bg_image_repeat=&#8221;repeat&#8221; rt_bg_size=&#8221;cover&#8221; rt_bg_position=&#8221;right top&#8221; rt_bg_attachment=&#8221;scroll&#8221; rt_bg_video_format=&#8221;youtube&#8221; type=&#8221;vc_default&#8221; full_width=&#8221;stretch_row_content_no_spaces&#8221; content_placement=&#8221;middle&#8221; rt_row_height=&#8221;300px&#8221; rt_bg_video_youtube=&#8221;https:\/\/www.youtube.com\/watch?v=k7__fewx-ZM&#8221; [&hellip;]","og_url":"https:\/\/www.inspark.com\/en\/iot-internet-of-things","og_site_name":"Salesforce T\u00fcrkiye Yetkili Sat\u0131c\u0131s\u0131 ve \u0130\u015f Orta\u011f\u0131","article_modified_time":"2022-04-21T20:36:09+00:00","twitter_card":"summary_large_image","twitter_misc":{"Est. reading time":"8 minutes"},"schema":{"@context":"https:\/\/schema.org","@graph":[{"@type":"WebPage","@id":"https:\/\/www.inspark.com\/en\/iot-internet-of-things","url":"https:\/\/www.inspark.com\/en\/iot-internet-of-things","name":"IoT - Internet of Things","isPartOf":{"@id":"https:\/\/www.inspark.com\/en\/#website"},"datePublished":"2019-10-19T22:17:14+00:00","dateModified":"2022-04-21T20:36:09+00:00","breadcrumb":{"@id":"https:\/\/www.inspark.com\/en\/iot-internet-of-things#breadcrumb"},"inLanguage":"en-US","potentialAction":[{"@type":"ReadAction","target":["https:\/\/www.inspark.com\/en\/iot-internet-of-things"]}]},{"@type":"BreadcrumbList","@id":"https:\/\/www.inspark.com\/en\/iot-internet-of-things#breadcrumb","itemListElement":[{"@type":"ListItem","position":1,"name":"Ana sayfa","item":"https:\/\/www.inspark.com\/en\/"},{"@type":"ListItem","position":2,"name":"IoT &#8211; Internet of Things"}]},{"@type":"WebSite","@id":"https:\/\/www.inspark.com\/en\/#website","url":"https:\/\/www.inspark.com\/en\/","name":"Salesforce T\u00fcrkiye Yetkili Sat\u0131c\u0131s\u0131 ve \u0130\u015f Orta\u011f\u0131","description":"&quot;Your Intelligent Partner&quot;","potentialAction":[{"@type":"SearchAction","target":{"@type":"EntryPoint","urlTemplate":"https:\/\/www.inspark.com\/en\/?s={search_term_string}"},"query-input":{"@type":"PropertyValueSpecification","valueRequired":true,"valueName":"search_term_string"}}],"inLanguage":"en-US"}]}},"_links":{"self":[{"href":"https:\/\/www.inspark.com\/en\/wp-json\/wp\/v2\/pages\/26195","targetHints":{"allow":["GET"]}}],"collection":[{"href":"https:\/\/www.inspark.com\/en\/wp-json\/wp\/v2\/pages"}],"about":[{"href":"https:\/\/www.inspark.com\/en\/wp-json\/wp\/v2\/types\/page"}],"author":[{"embeddable":true,"href":"https:\/\/www.inspark.com\/en\/wp-json\/wp\/v2\/users\/11"}],"replies":[{"embeddable":true,"href":"https:\/\/www.inspark.com\/en\/wp-json\/wp\/v2\/comments?post=26195"}],"version-history":[{"count":9,"href":"https:\/\/www.inspark.com\/en\/wp-json\/wp\/v2\/pages\/26195\/revisions"}],"predecessor-version":[{"id":26200,"href":"https:\/\/www.inspark.com\/en\/wp-json\/wp\/v2\/pages\/26195\/revisions\/26200"}],"wp:attachment":[{"href":"https:\/\/www.inspark.com\/en\/wp-json\/wp\/v2\/media?parent=26195"}],"curies":[{"name":"wp","href":"https:\/\/api.w.org\/{rel}","templated":true}]}}