{"id":25800,"date":"2018-12-13T00:08:21","date_gmt":"2018-12-12T21:08:21","guid":{"rendered":"https:\/\/www.inspark.com\/?page_id=25800"},"modified":"2025-10-06T18:42:27","modified_gmt":"2025-10-06T15:42:27","slug":"salesforce-crm-tum-fonksiyonlariyla-30-gun-ucretsiz","status":"publish","type":"page","link":"https:\/\/www.inspark.com\/en\/salesforce-crm-free-trial-for-30-days","title":{"rendered":"Salesforce CRM | 30 Day Free Trial with All Features"},"content":{"rendered":"[vc_row rt_row_background_width=&#8221;fullwidth&#8221; rt_row_content_width=&#8221;fullwidth&#8221; rt_row_style=&#8221;default-style&#8221; rt_row_borders=&#8221;&#8221; rt_overlap=&#8221;true&#8221; rt_equal_heights=&#8221;true&#8221; rt_row_paddings=&#8221;true&#8221; rt_bg_effect=&#8221;classic&#8221; rt_bg_image_repeat=&#8221;no-repeat&#8221; rt_bg_size=&#8221;cover&#8221; rt_bg_position=&#8221;right top&#8221; rt_bg_attachment=&#8221;scroll&#8221; rt_bg_video_format=&#8221;self-hosted&#8221; margin_top=&#8221;0px&#8221; margin_bottom=&#8221;0px&#8221; full_width=&#8221;&#8221; padding_left=&#8221;0&#8243; padding_right=&#8221;0&#8243; bg_position=&#8221;top&#8221; bg_repeat=&#8221;no-repeat&#8221; bg_cover=&#8221;false&#8221; bg_attachment=&#8221;false&#8221; padding_top=&#8221;0&#8243; padding_bottom=&#8221;0&#8243; enable_parallax=&#8221;&#8221; parallax_speed=&#8221;0.1&#8243; min_height=&#8221;300px&#8221; class=&#8221;divoverlap new-gradient&#8221; rt_padding_top=&#8221;0px&#8221; rt_padding_bottom=&#8221;50px&#8221; rt_padding_left=&#8221;50px&#8221; rt_padding_right=&#8221;50px&#8221; rt_bg_color=&#8221;#6abfe5&#8243;][vc_column width=&#8221;5\/12&#8243; rt_wrp_col_paddings=&#8221;false&#8221; rt_border_top=&#8221;&#8221; rt_border_bottom=&#8221;&#8221; rt_border_left=&#8221;&#8221; rt_border_right=&#8221;&#8221; rt_border_top_mobile=&#8221;&#8221; rt_border_bottom_mobile=&#8221;&#8221; rt_border_left_mobile=&#8221;&#8221; rt_border_right_mobile=&#8221;&#8221; rt_bg_image_repeat=&#8221;repeat&#8221; rt_bg_size=&#8221;auto auto&#8221; rt_bg_position=&#8221;right top&#8221; rt_bg_attachment=&#8221;scroll&#8221; css=&#8221;.vc_custom_1694211296546{padding-top: 50px !important;padding-bottom: 50px !important;background-color: #ffffff !important;}&#8221; rt_padding_top=&#8221;50px&#8221; rt_padding_bottom=&#8221;50px&#8221; rt_padding_left=&#8221;50px&#8221; rt_padding_right=&#8221;50px&#8221; class=&#8221;demo-col-left&#8221; offset=&#8221;vc_col-lg-offset-1 vc_col-lg-5 vc_col-md-offset-0 vc_col-md-6 vc_hidden-sm vc_col-xs-12 vc_hidden-xs&#8221;][vc_custom_heading text=&#8221;TRY THE COMPLETE<br \/>\nSALESFORCE CRM&#8221; font_container=&#8221;tag:h1|font_size:30px|text_align:left|color:%23000000&#8243; use_theme_fonts=&#8221;yes&#8221;][vc_custom_heading text=&#8221;FREE FOR 30 DAYS!&#8221; font_container=&#8221;tag:h2|font_size:50px|text_align:left|color:%23000000&#8243; use_theme_fonts=&#8221;yes&#8221;][vc_separator style=&#8221;style-2&#8243; border_width=&#8221;3&#8243; color=&#8221;#000000&#8243;][vc_custom_heading text=&#8221;Try the complete platform, free for 30 days with all the functions to join more than 150,000 satisfied customers using the world&#8217;s #1 CRM&#8221; font_container=&#8221;tag:h4|font_size:28px|text_align:left&#8221;][vc_empty_space][vc_custom_heading text=&#8221;150.000+ COMPANIES TRUST SALESFORCE&#8221; font_container=&#8221;tag:h1|font_size:24px|text_align:left&#8221;][vc_empty_space height=&#8221;16px&#8221;][vc_single_image image=&#8221;28773&#8243; img_size=&#8221;350&#215;204&#8243;][vc_empty_space][vc_custom_heading text=&#8221;CLOUD. MOBILE. INTELLIGENT&#8221; font_container=&#8221;tag:h4|text_align:left&#8221;][vc_column_text]Salesforce develops tools to help salespeople and managers focus on what&#8217;s important, more sales and less administration.<\/p>\n<p><strong>Now fill out the form and start using the 30-day trial version of Salesforce CRM for free with all its functions.<\/strong>[\/vc_column_text][vc_separator style=&#8221;style-4&#8243;][vc_row_inner rt_row_style=&#8221;global-style&#8221; rt_column_placement=&#8221;middle&#8221; rt_row_borders=&#8221;&#8221; rt_row_paddings=&#8221;true&#8221; rt_bg_effect=&#8221;classic&#8221; rt_bg_image_repeat=&#8221;repeat&#8221; rt_bg_size=&#8221;cover&#8221; rt_bg_position=&#8221;right top&#8221; rt_bg_attachment=&#8221;scroll&#8221; rt_bg_video_format=&#8221;self-hosted&#8221;][vc_column_inner width=&#8221;7\/12&#8243; rt_wrp_col_paddings=&#8221;false&#8221; rt_border_top=&#8221;&#8221; rt_border_bottom=&#8221;&#8221; rt_border_left=&#8221;&#8221; rt_border_right=&#8221;&#8221; rt_border_top_mobile=&#8221;&#8221; rt_border_bottom_mobile=&#8221;&#8221; rt_border_left_mobile=&#8221;&#8221; rt_border_right_mobile=&#8221;&#8221; rt_bg_image_repeat=&#8221;repeat&#8221; rt_bg_size=&#8221;auto auto&#8221; rt_bg_position=&#8221;right top&#8221; rt_bg_attachment=&#8221;scroll&#8221;][vc_column_text]\n<h4 style=\"color: #1d315f;\">ONE OF THE MOST EXPERIENCED <span style=\"font-family: 'Futura';\">SALESFORCE PARTNER<\/span><\/h4>\n[\/vc_column_text][\/vc_column_inner][vc_column_inner width=&#8221;5\/12&#8243; rt_wrp_col_paddings=&#8221;false&#8221; rt_border_top=&#8221;&#8221; rt_border_bottom=&#8221;&#8221; rt_border_left=&#8221;&#8221; rt_border_right=&#8221;&#8221; rt_border_top_mobile=&#8221;&#8221; rt_border_bottom_mobile=&#8221;&#8221; rt_border_left_mobile=&#8221;&#8221; rt_border_right_mobile=&#8221;&#8221; rt_bg_image_repeat=&#8221;repeat&#8221; rt_bg_size=&#8221;auto auto&#8221; rt_bg_position=&#8221;right top&#8221; rt_bg_attachment=&#8221;scroll&#8221;][vc_single_image image=&#8221;30364&#8243; img_size=&#8221;full&#8221; onclick=&#8221;custom_link&#8221; img_link_target=&#8221;_blank&#8221; css=&#8221;&#8221; link=&#8221;https:\/\/appexchange.salesforce.com\/appxConsultingListingDetail?listingId=a0N30000001gFc5EAE&#8221;][\/vc_column_inner][\/vc_row_inner][\/vc_column][vc_column width=&#8221;5\/12&#8243; rt_wrp_col_paddings=&#8221;false&#8221; rt_border_top=&#8221;&#8221; rt_border_bottom=&#8221;&#8221; rt_border_left=&#8221;&#8221; rt_border_right=&#8221;&#8221; rt_border_top_mobile=&#8221;&#8221; rt_border_bottom_mobile=&#8221;&#8221; rt_border_left_mobile=&#8221;&#8221; rt_border_right_mobile=&#8221;&#8221; rt_bg_image_repeat=&#8221;repeat&#8221; rt_bg_size=&#8221;auto auto&#8221; rt_bg_position=&#8221;right top&#8221; rt_bg_attachment=&#8221;scroll&#8221; css=&#8221;.vc_custom_1694206129202{padding-top: 50px !important;padding-bottom: 50px !important;background-color: #ffffff !important;}&#8221; rt_padding_top=&#8221;50px&#8221; rt_padding_bottom=&#8221;50px&#8221; rt_padding_left=&#8221;50px&#8221; rt_padding_right=&#8221;50px&#8221; class=&#8221;demo-col-right&#8221; offset=&#8221;vc_col-lg-5 vc_col-md-6 vc_col-xs-12&#8243;][vc_row_inner rt_row_style=&#8221;global-style&#8221; rt_row_borders=&#8221;&#8221; rt_row_paddings=&#8221;true&#8221; rt_bg_effect=&#8221;classic&#8221; rt_bg_image_repeat=&#8221;repeat&#8221; rt_bg_size=&#8221;cover&#8221; rt_bg_position=&#8221;right top&#8221; rt_bg_attachment=&#8221;scroll&#8221; rt_bg_video_format=&#8221;self-hosted&#8221; rt_bg_color=&#8221;#3f61b3&#8243; rt_padding_top=&#8221;30px&#8221; rt_padding_bottom=&#8221;30px&#8221; rt_padding_left=&#8221;30px&#8221; rt_padding_right=&#8221;30px&#8221;][vc_column_inner rt_wrp_col_paddings=&#8221;false&#8221; rt_border_top=&#8221;&#8221; rt_border_bottom=&#8221;&#8221; rt_border_left=&#8221;&#8221; rt_border_right=&#8221;&#8221; rt_border_top_mobile=&#8221;&#8221; rt_border_bottom_mobile=&#8221;&#8221; rt_border_left_mobile=&#8221;&#8221; rt_border_right_mobile=&#8221;&#8221; rt_bg_image_repeat=&#8221;repeat&#8221; rt_bg_size=&#8221;auto auto&#8221; rt_bg_position=&#8221;right top&#8221; rt_bg_attachment=&#8221;scroll&#8221;][vc_custom_heading text=&#8221;SALESFORCE CRM<br \/>\nSIGN UP NOW&#8221; font_container=&#8221;tag:h4|text_align:left|color:%23ffffff&#8221; use_theme_fonts=&#8221;yes&#8221;][vc_custom_heading text=&#8221;Please complete all fields.&#8221; font_container=&#8221;tag:h5|text_align:left|color:%23ffffff&#8221; use_theme_fonts=&#8221;yes&#8221;][vc_column_text]<span style=\"color: #ffffff;\">Questions? Talk to an expert <a style=\"color: #ffffff; text-decoration: none;\" href=\"tel:+971 (4) 4070563\">+971 (4) 4070563<\/a><br \/>\n<\/span>[\/vc_column_text][vc_raw_html]JTNDbm9zY3JpcHQlM0UlMEElM0NpZnJhbWUlMjBpZCUzRCUyMnNpemV0cmFja2VyJTIyJTIwc3R5bGUlM0QlMjJib3JkZXIlM0ElMjAwJTNCJTIyJTIwc3JjJTNEJTIyaHR0cHMlM0ElMkYlMkZ3d3cyLmluc3BhcmsuY29tJTJGbCUyRjM0MjI0MSUyRjIwMTgtMTItMTQlMkYyZnY3englMjIlMjB3aWR0aCUzRCUyMjEwMCUyNSUyMiUyMGhlaWdodCUzRCUyMjEwNTBweCUyMiUyMGZyYW1lYm9yZGVyJTNEJTIyMCUyMiUyMHNjcm9sbGluZyUzRCUyMm5vJTIyJTNFJTNDJTJGaWZyYW1lJTNFJTBBJTNDJTJGbm9zY3JpcHQlM0UlMEElM0NzY3JpcHQlM0UlMkYlMkYlMjAlM0MlMjElNUJDREFUQSU1QiUyMGlGcmFtZVJlc2l6ZSUyOCU3QmxvZyUzQWZhbHNlJTdEJTI5JTIwJTJGJTJGJTIwJTVEJTVEJTNFJTNDJTJGc2NyaXB0JTNF[\/vc_raw_html][vc_raw_js]JTNDc2NyaXB0JTIwdHlwZSUzRCUyMnRleHQlMkZqYXZhc2NyaXB0JTIyJTNFJTBBJTIwdmFyJTIwZm9ybSUyMCUzRCUyMCUyN2h0dHBzJTNBJTJGJTJGd3d3Mi5pbnNwYXJrLmNvbSUyRmwlMkYzNDIyNDElMkYyMDE4LTEyLTE0JTJGMmZ2N3p4JTI3JTNCJTBBJTIwdmFyJTIwcGFyYW1zJTIwJTNEJTIwd2luZG93LmxvY2F0aW9uLnNlYXJjaCUzQiUwQSUyMHZhciUyMHRoaXNTY3JpcHQlMjAlM0QlMjBkb2N1bWVudC5zY3JpcHRzJTVCZG9jdW1lbnQuc2NyaXB0cy5sZW5ndGglMjAtJTIwMSU1RCUzQiUwQSUyMHZhciUyMGlmcmFtZSUyMCUzRCUyMGRvY3VtZW50LmNyZWF0ZUVsZW1lbnQlMjglMjdpZnJhbWUlMjclMjklM0IlMEElMEElMjBpZnJhbWUuc2V0QXR0cmlidXRlJTI4JTI3c3JjJTI3JTJDJTIwZm9ybSUyMCUyQiUyMHBhcmFtcyUyOSUzQiUwQSUyMGlmcmFtZS5zZXRBdHRyaWJ1dGUlMjglMjd3aWR0aCUyNyUyQyUyMCUyNzEwMCUyNSUyNyUyOSUzQiUwQSUyMGlmcmFtZS5zZXRBdHRyaWJ1dGUlMjglMjdoZWlnaHQlMjclMkMlMjAxMDUwJTI5JTNCJTBBJTIwaWZyYW1lLnNldEF0dHJpYnV0ZSUyOCUyN3R5cGUlMjclMkMlMjAlMjd0ZXh0JTJGaHRtbCUyNyUyOSUzQiUwQSUyMGlmcmFtZS5zZXRBdHRyaWJ1dGUlMjglMjdmcmFtZWJvcmRlciUyNyUyQyUyMDAlMjklM0IlMEElMjBpZnJhbWUuc2V0QXR0cmlidXRlJTI4JTI3YWxsb3dUcmFuc3BhcmVuY3klMjclMkMlMjAlMjd0cnVlJTI3JTI5JTNCJTBBJTIwaWZyYW1lLnN0eWxlLmJvcmRlciUyMCUzRCUyMCUyNzAlMjclM0IlMEElMEElMjB0aGlzU2NyaXB0LnBhcmVudEVsZW1lbnQucmVwbGFjZUNoaWxkJTI4aWZyYW1lJTJDJTIwdGhpc1NjcmlwdCUyOSUzQiUwQSUzQyUyRnNjcmlwdCUzRQ==[\/vc_raw_js][\/vc_column_inner][\/vc_row_inner][\/vc_column][\/vc_row][vc_row rt_row_background_width=&#8221;fullwidth&#8221; rt_row_content_width=&#8221;fullwidth&#8221; rt_row_style=&#8221;default-style&#8221; rt_row_borders=&#8221;&#8221; rt_overlap=&#8221;true&#8221; rt_row_paddings=&#8221;true&#8221; rt_bg_effect=&#8221;classic&#8221; rt_bg_image_repeat=&#8221;no-repeat&#8221; rt_bg_size=&#8221;cover&#8221; rt_bg_position=&#8221;right top&#8221; rt_bg_attachment=&#8221;scroll&#8221; rt_bg_video_format=&#8221;self-hosted&#8221; margin_top=&#8221;0px&#8221; margin_bottom=&#8221;0px&#8221; full_width=&#8221;&#8221; padding_left=&#8221;0&#8243; padding_right=&#8221;0&#8243; bg_position=&#8221;top&#8221; bg_repeat=&#8221;no-repeat&#8221; bg_cover=&#8221;false&#8221; bg_attachment=&#8221;false&#8221; padding_top=&#8221;0&#8243; padding_bottom=&#8221;0&#8243; enable_parallax=&#8221;&#8221; parallax_speed=&#8221;0.1&#8243; min_height=&#8221;300px&#8221; class=&#8221;divoverlap new-gradient&#8221; rt_padding_top=&#8221;0px&#8221; rt_padding_bottom=&#8221;50px&#8221; rt_padding_left=&#8221;50px&#8221; rt_padding_right=&#8221;50px&#8221; rt_bg_color=&#8221;#6abfe5&#8243;][vc_column rt_wrp_col_paddings=&#8221;false&#8221; rt_border_top=&#8221;&#8221; rt_border_bottom=&#8221;&#8221; rt_border_left=&#8221;&#8221; rt_border_right=&#8221;&#8221; rt_border_top_mobile=&#8221;&#8221; rt_border_bottom_mobile=&#8221;&#8221; rt_border_left_mobile=&#8221;&#8221; rt_border_right_mobile=&#8221;&#8221; rt_bg_image_repeat=&#8221;repeat&#8221; rt_bg_size=&#8221;auto auto&#8221; rt_bg_position=&#8221;right top&#8221; rt_bg_attachment=&#8221;scroll&#8221; css=&#8221;.vc_custom_1694211337447{padding-top: 50px !important;padding-bottom: 50px !important;background-color: #ffffff !important;}&#8221; rt_padding_top=&#8221;50px&#8221; rt_padding_bottom=&#8221;50px&#8221; rt_padding_left=&#8221;50px&#8221; rt_padding_right=&#8221;50px&#8221; class=&#8221;demo-col-left&#8221; offset=&#8221;vc_hidden-lg vc_hidden-md&#8221;][vc_custom_heading text=&#8221;TRY THE COMPLETE<br \/>\nSALESFORCE CRM&#8221; font_container=&#8221;tag:h1|font_size:30px|text_align:left|color:%23000000&#8243; use_theme_fonts=&#8221;yes&#8221;][vc_custom_heading text=&#8221;FREE FOR 30 DAYS!&#8221; font_container=&#8221;tag:h2|font_size:50px|text_align:left|color:%23000000&#8243; use_theme_fonts=&#8221;yes&#8221;][vc_separator style=&#8221;style-2&#8243; border_width=&#8221;3&#8243; color=&#8221;#000000&#8243;][vc_custom_heading text=&#8221;Try the complete platform, free for 30 days with all the functions to join more than 150,000 satisfied customers using the world&#8217;s #1 CRM&#8221; font_container=&#8221;tag:h4|font_size:28px|text_align:left&#8221;][vc_empty_space][vc_custom_heading text=&#8221;150.000+ COMPANIES TRUST SALESFORCE&#8221; font_container=&#8221;tag:h1|font_size:24px|text_align:left&#8221;][vc_empty_space height=&#8221;16px&#8221;][vc_single_image image=&#8221;28773&#8243; img_size=&#8221;350&#215;204&#8243;][vc_empty_space][vc_custom_heading text=&#8221;CLOUD. MOBILE. INTELLIGENT&#8221; font_container=&#8221;tag:h4|text_align:left&#8221;][vc_column_text]Salesforce develops tools to help salespeople and managers focus on what&#8217;s important, more sales and less administration.<\/p>\n<p><strong>Now fill out the form and start using the 30-day trial version of Salesforce CRM for free with all its functions.<\/strong>[\/vc_column_text][vc_separator style=&#8221;style-4&#8243;][vc_row_inner rt_row_style=&#8221;global-style&#8221; rt_column_placement=&#8221;middle&#8221; rt_row_borders=&#8221;&#8221; rt_row_paddings=&#8221;true&#8221; rt_bg_effect=&#8221;classic&#8221; rt_bg_image_repeat=&#8221;repeat&#8221; rt_bg_size=&#8221;cover&#8221; rt_bg_position=&#8221;right top&#8221; rt_bg_attachment=&#8221;scroll&#8221; rt_bg_video_format=&#8221;self-hosted&#8221;][vc_column_inner width=&#8221;7\/12&#8243; rt_wrp_col_paddings=&#8221;false&#8221; rt_border_top=&#8221;&#8221; rt_border_bottom=&#8221;&#8221; rt_border_left=&#8221;&#8221; rt_border_right=&#8221;&#8221; rt_border_top_mobile=&#8221;&#8221; rt_border_bottom_mobile=&#8221;&#8221; rt_border_left_mobile=&#8221;&#8221; rt_border_right_mobile=&#8221;&#8221; rt_bg_image_repeat=&#8221;repeat&#8221; rt_bg_size=&#8221;auto auto&#8221; rt_bg_position=&#8221;right top&#8221; rt_bg_attachment=&#8221;scroll&#8221;][vc_column_text]\n<h4 style=\"color: #1d315f;\">THE FIRST &amp; THE MOST EXPERIENCED <span style=\"font-family: 'Futura';\">SALESFORCE PARTNER IN TURKEY<\/span><\/h4>\n[\/vc_column_text][\/vc_column_inner][vc_column_inner width=&#8221;5\/12&#8243; rt_wrp_col_paddings=&#8221;false&#8221; rt_border_top=&#8221;&#8221; rt_border_bottom=&#8221;&#8221; rt_border_left=&#8221;&#8221; rt_border_right=&#8221;&#8221; rt_border_top_mobile=&#8221;&#8221; rt_border_bottom_mobile=&#8221;&#8221; rt_border_left_mobile=&#8221;&#8221; rt_border_right_mobile=&#8221;&#8221; rt_bg_image_repeat=&#8221;repeat&#8221; rt_bg_size=&#8221;auto auto&#8221; rt_bg_position=&#8221;right top&#8221; rt_bg_attachment=&#8221;scroll&#8221;][vc_single_image image=&#8221;30364&#8243; img_size=&#8221;full&#8221;][\/vc_column_inner][\/vc_row_inner][\/vc_column][\/vc_row][vc_row rt_row_background_width=&#8221;fullwidth&#8221; rt_row_content_width=&#8221;default&#8221; rt_row_style=&#8221;default-style&#8221; rt_column_placement=&#8221;middle&#8221; rt_row_borders=&#8221;&#8221; rt_row_paddings=&#8221;true&#8221; id=&#8221;home-section-8&#8243; rt_bg_effect=&#8221;classic&#8221; rt_bg_image_repeat=&#8221;repeat&#8221; rt_bg_size=&#8221;cover&#8221; rt_bg_position=&#8221;right top&#8221; rt_bg_attachment=&#8221;scroll&#8221; rt_bg_video_format=&#8221;self-hosted&#8221; type=&#8221;vc_default&#8221; full_width=&#8221;stretch_row_content_no_spaces&#8221; content_placement=&#8221;middle&#8221; rt_padding_top=&#8221;50px&#8221; rt_padding_bottom=&#8221;50px&#8221; class=&#8221;graback1&#8243; rt_padding_left=&#8221;0&#8243; rt_padding_right=&#8221;0&#8243;][vc_column rt_wrp_col_paddings=&#8221;false&#8221; rt_border_top=&#8221;&#8221; rt_border_bottom=&#8221;&#8221; rt_border_left=&#8221;&#8221; rt_border_right=&#8221;&#8221; rt_border_top_mobile=&#8221;&#8221; rt_border_bottom_mobile=&#8221;&#8221; rt_border_left_mobile=&#8221;&#8221; rt_border_right_mobile=&#8221;&#8221; rt_bg_image_repeat=&#8221;repeat&#8221; rt_bg_size=&#8221;auto auto&#8221; rt_bg_position=&#8221;right top&#8221; rt_bg_attachment=&#8221;scroll&#8221;][vc_custom_heading text=&#8221;LET&#8217;S TRANSFORM<br \/>\nTOGETHER&#8221; font_container=&#8221;tag:h2|text_align:left|color:%23000000&#8243; use_theme_fonts=&#8221;yes&#8221;][vc_separator style=&#8221;style-2&#8243; color=&#8221;#000000&#8243; border_width=&#8221;3&#8243;][\/vc_column][\/vc_row]\n","protected":false},"excerpt":{"rendered":"<p>[vc_row rt_row_background_width=&#8221;fullwidth&#8221; rt_row_content_width=&#8221;fullwidth&#8221; rt_row_style=&#8221;default-style&#8221; rt_row_borders=&#8221;&#8221; rt_overlap=&#8221;true&#8221; rt_equal_heights=&#8221;true&#8221; rt_row_paddings=&#8221;true&#8221; rt_bg_effect=&#8221;classic&#8221; rt_bg_image_repeat=&#8221;no-repeat&#8221; rt_bg_size=&#8221;cover&#8221; rt_bg_position=&#8221;right top&#8221; rt_bg_attachment=&#8221;scroll&#8221; rt_bg_video_format=&#8221;self-hosted&#8221; margin_top=&#8221;0px&#8221; margin_bottom=&#8221;0px&#8221; full_width=&#8221;&#8221; padding_left=&#8221;0&#8243; padding_right=&#8221;0&#8243; [&hellip;]<\/p>\n","protected":false},"author":11,"featured_media":0,"parent":0,"menu_order":0,"comment_status":"closed","ping_status":"closed","template":"template-without-footer.php","meta":{"footnotes":""},"class_list":["post-25800","page","type-page","status-publish","hentry"],"yoast_head":"<!-- This site is optimized with the Yoast SEO Premium plugin v20.9 (Yoast SEO v26.0) - https:\/\/yoast.com\/wordpress\/plugins\/seo\/ -->\n<title>Salesforce CRM | 30 Day Free Trial with All Features<\/title>\n<meta name=\"description\" content=\"Salesforce CRM Free Trail | 30 Days Free Salesforce CRM | Salesforce Partner and Reseller Inspark | Istanbul\" \/>\n<meta name=\"robots\" content=\"index, follow, max-snippet:-1, max-image-preview:large, max-video-preview:-1\" \/>\n<link rel=\"canonical\" href=\"https:\/\/www.inspark.com\/en\/salesforce-crm-free-trial-for-30-days\/\" \/>\n<meta property=\"og:locale\" content=\"en_US\" \/>\n<meta property=\"og:type\" content=\"article\" \/>\n<meta property=\"og:title\" content=\"Salesforce CRM | 30 Day Free Trial with All Features\" \/>\n<meta property=\"og:description\" content=\"Salesforce CRM Free Trail | 30 Days Free Salesforce CRM | Salesforce Partner and Reseller Inspark | Istanbul\" \/>\n<meta property=\"og:url\" content=\"https:\/\/www.inspark.com\/en\/salesforce-crm-free-trial-for-30-days\" \/>\n<meta property=\"og:site_name\" content=\"Salesforce T\u00fcrkiye Yetkili Sat\u0131c\u0131s\u0131 ve \u0130\u015f Orta\u011f\u0131\" \/>\n<meta property=\"article:modified_time\" content=\"2025-10-06T15:42:27+00:00\" \/>\n<meta name=\"twitter:card\" content=\"summary_large_image\" \/>\n<meta name=\"twitter:label1\" content=\"Est. reading time\" \/>\n\t<meta name=\"twitter:data1\" content=\"5 minutes\" \/>\n<script type=\"application\/ld+json\" class=\"yoast-schema-graph\">{\"@context\":\"https:\/\/schema.org\",\"@graph\":[{\"@type\":\"WebPage\",\"@id\":\"https:\/\/www.inspark.com\/en\/salesforce-crm-free-trial-for-30-days\",\"url\":\"https:\/\/www.inspark.com\/en\/salesforce-crm-free-trial-for-30-days\",\"name\":\"Salesforce CRM | 30 Day Free Trial with All Features\",\"isPartOf\":{\"@id\":\"https:\/\/www.inspark.com\/en\/#website\"},\"datePublished\":\"2018-12-12T21:08:21+00:00\",\"dateModified\":\"2025-10-06T15:42:27+00:00\",\"description\":\"Salesforce CRM Free Trail | 30 Days Free Salesforce CRM | Salesforce Partner and Reseller Inspark | Istanbul\",\"breadcrumb\":{\"@id\":\"https:\/\/www.inspark.com\/en\/salesforce-crm-free-trial-for-30-days#breadcrumb\"},\"inLanguage\":\"en-US\",\"potentialAction\":[{\"@type\":\"ReadAction\",\"target\":[\"https:\/\/www.inspark.com\/en\/salesforce-crm-free-trial-for-30-days\"]}]},{\"@type\":\"BreadcrumbList\",\"@id\":\"https:\/\/www.inspark.com\/en\/salesforce-crm-free-trial-for-30-days#breadcrumb\",\"itemListElement\":[{\"@type\":\"ListItem\",\"position\":1,\"name\":\"Ana sayfa\",\"item\":\"https:\/\/www.inspark.com\/en\/\"},{\"@type\":\"ListItem\",\"position\":2,\"name\":\"Salesforce CRM | 30 Day Free Trial with All Features\"}]},{\"@type\":\"WebSite\",\"@id\":\"https:\/\/www.inspark.com\/en\/#website\",\"url\":\"https:\/\/www.inspark.com\/en\/\",\"name\":\"Salesforce T\u00fcrkiye Yetkili Sat\u0131c\u0131s\u0131 ve \u0130\u015f Orta\u011f\u0131\",\"description\":\"&quot;Your Intelligent Partner&quot;\",\"potentialAction\":[{\"@type\":\"SearchAction\",\"target\":{\"@type\":\"EntryPoint\",\"urlTemplate\":\"https:\/\/www.inspark.com\/en\/?s={search_term_string}\"},\"query-input\":{\"@type\":\"PropertyValueSpecification\",\"valueRequired\":true,\"valueName\":\"search_term_string\"}}],\"inLanguage\":\"en-US\"}]}<\/script>\n<!-- \/ Yoast SEO Premium plugin. -->","yoast_head_json":{"title":"Salesforce CRM | 30 Day Free Trial with All Features","description":"Salesforce CRM Free Trail | 30 Days Free Salesforce CRM | Salesforce Partner and Reseller Inspark | Istanbul","robots":{"index":"index","follow":"follow","max-snippet":"max-snippet:-1","max-image-preview":"max-image-preview:large","max-video-preview":"max-video-preview:-1"},"canonical":"https:\/\/www.inspark.com\/en\/salesforce-crm-free-trial-for-30-days\/","og_locale":"en_US","og_type":"article","og_title":"Salesforce CRM | 30 Day Free Trial with All Features","og_description":"Salesforce CRM Free Trail | 30 Days Free Salesforce CRM | Salesforce Partner and Reseller Inspark | Istanbul","og_url":"https:\/\/www.inspark.com\/en\/salesforce-crm-free-trial-for-30-days","og_site_name":"Salesforce T\u00fcrkiye Yetkili Sat\u0131c\u0131s\u0131 ve \u0130\u015f Orta\u011f\u0131","article_modified_time":"2025-10-06T15:42:27+00:00","twitter_card":"summary_large_image","twitter_misc":{"Est. reading time":"5 minutes"},"schema":{"@context":"https:\/\/schema.org","@graph":[{"@type":"WebPage","@id":"https:\/\/www.inspark.com\/en\/salesforce-crm-free-trial-for-30-days","url":"https:\/\/www.inspark.com\/en\/salesforce-crm-free-trial-for-30-days","name":"Salesforce CRM | 30 Day Free Trial with All Features","isPartOf":{"@id":"https:\/\/www.inspark.com\/en\/#website"},"datePublished":"2018-12-12T21:08:21+00:00","dateModified":"2025-10-06T15:42:27+00:00","description":"Salesforce CRM Free Trail | 30 Days Free Salesforce CRM | Salesforce Partner and Reseller Inspark | Istanbul","breadcrumb":{"@id":"https:\/\/www.inspark.com\/en\/salesforce-crm-free-trial-for-30-days#breadcrumb"},"inLanguage":"en-US","potentialAction":[{"@type":"ReadAction","target":["https:\/\/www.inspark.com\/en\/salesforce-crm-free-trial-for-30-days"]}]},{"@type":"BreadcrumbList","@id":"https:\/\/www.inspark.com\/en\/salesforce-crm-free-trial-for-30-days#breadcrumb","itemListElement":[{"@type":"ListItem","position":1,"name":"Ana sayfa","item":"https:\/\/www.inspark.com\/en\/"},{"@type":"ListItem","position":2,"name":"Salesforce CRM | 30 Day Free Trial with All Features"}]},{"@type":"WebSite","@id":"https:\/\/www.inspark.com\/en\/#website","url":"https:\/\/www.inspark.com\/en\/","name":"Salesforce T\u00fcrkiye Yetkili Sat\u0131c\u0131s\u0131 ve \u0130\u015f Orta\u011f\u0131","description":"&quot;Your Intelligent Partner&quot;","potentialAction":[{"@type":"SearchAction","target":{"@type":"EntryPoint","urlTemplate":"https:\/\/www.inspark.com\/en\/?s={search_term_string}"},"query-input":{"@type":"PropertyValueSpecification","valueRequired":true,"valueName":"search_term_string"}}],"inLanguage":"en-US"}]}},"_links":{"self":[{"href":"https:\/\/www.inspark.com\/en\/wp-json\/wp\/v2\/pages\/25800","targetHints":{"allow":["GET"]}}],"collection":[{"href":"https:\/\/www.inspark.com\/en\/wp-json\/wp\/v2\/pages"}],"about":[{"href":"https:\/\/www.inspark.com\/en\/wp-json\/wp\/v2\/types\/page"}],"author":[{"embeddable":true,"href":"https:\/\/www.inspark.com\/en\/wp-json\/wp\/v2\/users\/11"}],"replies":[{"embeddable":true,"href":"https:\/\/www.inspark.com\/en\/wp-json\/wp\/v2\/comments?post=25800"}],"version-history":[{"count":65,"href":"https:\/\/www.inspark.com\/en\/wp-json\/wp\/v2\/pages\/25800\/revisions"}],"predecessor-version":[{"id":31720,"href":"https:\/\/www.inspark.com\/en\/wp-json\/wp\/v2\/pages\/25800\/revisions\/31720"}],"wp:attachment":[{"href":"https:\/\/www.inspark.com\/en\/wp-json\/wp\/v2\/media?parent=25800"}],"curies":[{"name":"wp","href":"https:\/\/api.w.org\/{rel}","templated":true}]}}