{"id":20770,"date":"2017-05-07T18:45:49","date_gmt":"2017-05-07T15:45:49","guid":{"rendered":"https:\/\/www.inspark.com\/?page_id=20770\/"},"modified":"2025-10-06T00:03:59","modified_gmt":"2025-10-05T21:03:59","slug":"inspark-salesforce-support-services","status":"publish","type":"page","link":"https:\/\/www.inspark.com\/en\/inspark-salesforce-support-services\/","title":{"rendered":"Support"},"content":{"rendered":"[vc_row rt_row_background_width=&#8221;fullwidth&#8221; rt_row_content_width=&#8221;fullwidth&#8221; rt_row_style=&#8221;default-style&#8221; rt_column_placement=&#8221;middle&#8221; rt_row_borders=&#8221;&#8221; rt_row_paddings=&#8221;false&#8221; rt_bg_image=&#8221;24230&#8243; rt_bg_effect=&#8221;classic&#8221; rt_bg_image_repeat=&#8221;no-repeat&#8221; rt_bg_size=&#8221;cover&#8221; rt_bg_position=&#8221;center center&#8221; rt_bg_attachment=&#8221;scroll&#8221; rt_bg_video_format=&#8221;youtube&#8221; margin_top=&#8221;0px&#8221; full_width=&#8221;&#8221; padding_left=&#8221;0&#8243; padding_right=&#8221;0&#8243; bg_position=&#8221;top&#8221; bg_repeat=&#8221;no-repeat&#8221; bg_cover=&#8221;false&#8221; bg_attachment=&#8221;false&#8221; padding_top=&#8221;0&#8243; padding_bottom=&#8221;0&#8243; enable_parallax=&#8221;&#8221; parallax_speed=&#8221;0.1&#8243; min_height=&#8221;300px&#8221; rt_row_height=&#8221;300px&#8221; rt_bg_overlay_color=&#8221;rgba(1,69,130,0.7)&#8221;][vc_column rt_wrp_col_paddings=&#8221;false&#8221; rt_border_top=&#8221;&#8221; rt_border_bottom=&#8221;&#8221; rt_border_left=&#8221;&#8221; rt_border_right=&#8221;&#8221; rt_border_top_mobile=&#8221;&#8221; rt_border_bottom_mobile=&#8221;&#8221; rt_border_left_mobile=&#8221;&#8221; rt_border_right_mobile=&#8221;&#8221; rt_bg_image_repeat=&#8221;repeat&#8221; rt_bg_size=&#8221;auto auto&#8221; rt_bg_position=&#8221;right top&#8221; rt_bg_attachment=&#8221;scroll&#8221; animation=&#8221;&#8221; css=&#8221;.vc_custom_1522501066821{margin: 0px !important;border-width: 0px !important;padding: 0px !important;}&#8221;][\/vc_column][\/vc_row][vc_row rt_row_background_width=&#8221;fullwidth&#8221; rt_row_content_width=&#8221;fullwidth&#8221; rt_row_style=&#8221;default-style&#8221; rt_column_placement=&#8221;middle&#8221; rt_row_borders=&#8221;&#8221; rt_overlap=&#8221;true&#8221; rt_row_paddings=&#8221;false&#8221; rt_bg_image=&#8221;22581&#8243; rt_bg_effect=&#8221;classic&#8221; rt_bg_image_repeat=&#8221;no-repeat&#8221; rt_bg_size=&#8221;cover&#8221; rt_bg_position=&#8221;right top&#8221; rt_bg_attachment=&#8221;scroll&#8221; rt_bg_video_format=&#8221;youtube&#8221; margin_top=&#8221;0px&#8221; full_width=&#8221;&#8221; padding_left=&#8221;0&#8243; padding_right=&#8221;0&#8243; bg_position=&#8221;top&#8221; bg_repeat=&#8221;no-repeat&#8221; bg_cover=&#8221;false&#8221; bg_attachment=&#8221;false&#8221; padding_top=&#8221;0&#8243; padding_bottom=&#8221;0&#8243; enable_parallax=&#8221;&#8221; parallax_speed=&#8221;0.1&#8243; min_height=&#8221;300px&#8221; class=&#8221;divoverlap&#8221;][vc_column rt_wrp_col_paddings=&#8221;false&#8221; rt_border_top=&#8221;&#8221; rt_border_bottom=&#8221;&#8221; rt_border_left=&#8221;&#8221; rt_border_right=&#8221;&#8221; rt_border_top_mobile=&#8221;&#8221; rt_border_bottom_mobile=&#8221;&#8221; rt_border_left_mobile=&#8221;&#8221; rt_border_right_mobile=&#8221;&#8221; rt_bg_image_repeat=&#8221;repeat&#8221; rt_bg_size=&#8221;auto auto&#8221; rt_bg_position=&#8221;right top&#8221; rt_bg_attachment=&#8221;scroll&#8221; animation=&#8221;&#8221; css=&#8221;.vc_custom_1522501066821{margin: 0px !important;border-width: 0px !important;padding: 0px !important;}&#8221;][vc_row_inner rt_row_style=&#8221;global-style&#8221; rt_row_borders=&#8221;&#8221; rt_equal_heights=&#8221;true&#8221; rt_row_paddings=&#8221;true&#8221; rt_bg_effect=&#8221;classic&#8221; rt_bg_image_repeat=&#8221;repeat&#8221; rt_bg_size=&#8221;cover&#8221; rt_bg_position=&#8221;right top&#8221; rt_bg_attachment=&#8221;scroll&#8221; rt_bg_video_format=&#8221;self-hosted&#8221;][vc_column_inner width=&#8221;1\/12&#8243; rt_wrp_col_paddings=&#8221;false&#8221; rt_border_top=&#8221;&#8221; rt_border_bottom=&#8221;&#8221; rt_border_left=&#8221;&#8221; rt_border_right=&#8221;&#8221; rt_border_top_mobile=&#8221;&#8221; rt_border_bottom_mobile=&#8221;&#8221; rt_border_left_mobile=&#8221;&#8221; rt_border_right_mobile=&#8221;&#8221; rt_bg_image_repeat=&#8221;repeat&#8221; rt_bg_size=&#8221;auto auto&#8221; rt_bg_position=&#8221;right top&#8221; rt_bg_attachment=&#8221;scroll&#8221;][\/vc_column_inner][vc_column_inner width=&#8221;5\/12&#8243; rt_wrp_col_paddings=&#8221;false&#8221; rt_border_top=&#8221;&#8221; rt_border_bottom=&#8221;&#8221; rt_border_left=&#8221;&#8221; rt_border_right=&#8221;&#8221; rt_border_top_mobile=&#8221;&#8221; rt_border_bottom_mobile=&#8221;&#8221; rt_border_left_mobile=&#8221;&#8221; rt_border_right_mobile=&#8221;&#8221; rt_bg_image_repeat=&#8221;repeat&#8221; rt_bg_size=&#8221;auto auto&#8221; rt_bg_position=&#8221;right top&#8221; rt_bg_attachment=&#8221;scroll&#8221; css=&#8221;.vc_custom_1523997028638{background-color: #ffffff !important;}&#8221; class=&#8221;sol-kolon&#8221;][vc_custom_heading text=&#8221;SALESFORCE<br \/>\nSUPPORT<br \/>\nSERVICES&#8221; font_container=&#8221;tag:h1|text_align:left|color:%23000000&#8243; use_theme_fonts=&#8221;yes&#8221;][vc_separator style=&#8221;style-2&#8243; border_width=&#8221;3&#8243; color=&#8221;#000000&#8243;][vc_custom_heading text=&#8221;Excellent Salesforce Customer Support service for your different needs.&#8221; font_container=&#8221;tag:h4|text_align:left&#8221;][vc_separator style=&#8221;style-4&#8243;][vc_column_text]Our Customer Support Service plan includes all Salesforce solutions, Force.com applications, and solutions purchased from AppExchange. To meet your needs and answer your expectations, our experts will provide you an excellent service.<\/p>\n<p>We realize that each of Salesforce CRM user has different needs. Our CRM Customer Support team works closely with Salesforce Consulting and Salesforce Training groups. We designed our support services to help you streamline your business and keep you ahead of your competitors.<\/p>\n<h4>Customer Support Service Packages<\/h4>\n<p><strong>1. Basic Level Customer Support Plan<\/strong><\/p>\n<p>Our Basic Customer Support Package, which increases user productivity and ensures you get the most out of Salesforce CRM, including all Salesforce.com solutions and Force.com applications:<\/p>\n<ul>\n<li>Multi-channel CRM Customer Support Service via web, email and phone<\/li>\n<li>Weekdays from 09:00 to 18:00 hours CRM Customer Support Service<\/li>\n<\/ul>\n<p><strong>2. Standard Customer Support Plan<\/strong><\/p>\n<p>We designed our Top Customer Support package as a collaborative partnership effort for you to take full advantage of Salesforce CRM solutions through personalized communication channels.<\/p>\n<p>Our Senior Customer Support team of senior Salesforce Admins answers all kinds of questions including user problems and system configuration requirements.<\/p>\n<ul>\n<li>Guaranteed telephone support during from 09:00 to 18:00<\/li>\n<li>A team of assigned specialists<\/li>\n<li>CRM \u201chealth check\u201d reports to determine if the company is using CRM effectively<\/li>\n<\/ul>\n<p><strong>3. Premier Customer Support Plan<\/strong><\/p>\n<p>Use and configuration of Salesforce applications are incredibly easy, moreover, you can accelerate and increase your CRM success with a dedicated CRM support specialist. Our Premier Customer Support Service plan allows you to use your resources more effectively with the help of our CRM experts.<\/p>\n<ul>\n<li>Continuous application maintenance<\/li>\n<li>Restructuring the application when needed<\/li>\n<li>Configuration and customization<\/li>\n<li>New function design<\/li>\n<li>Advanced application optimization<\/li>\n<\/ul>\n<p><strong>Benefits of CRM Customer Support Services<\/strong><\/p>\n<ul>\n<li>Optimized workflows and business processes<\/li>\n<li>Quick implementation of plug-ins<\/li>\n<li>Lower spending<\/li>\n<\/ul>\n[\/vc_column_text][\/vc_column_inner][vc_column_inner width=&#8221;5\/12&#8243; rt_wrp_col_paddings=&#8221;false&#8221; rt_border_top=&#8221;&#8221; rt_border_bottom=&#8221;&#8221; rt_border_left=&#8221;&#8221; rt_border_right=&#8221;&#8221; rt_border_top_mobile=&#8221;&#8221; rt_border_bottom_mobile=&#8221;&#8221; rt_border_left_mobile=&#8221;&#8221; rt_border_right_mobile=&#8221;&#8221; rt_bg_image_repeat=&#8221;repeat&#8221; rt_bg_size=&#8221;auto auto&#8221; rt_bg_position=&#8221;right top&#8221; rt_bg_attachment=&#8221;scroll&#8221; css=&#8221;.vc_custom_1523997037903{background-color: #ffffff !important;}&#8221; class=&#8221;sag-kolon&#8221;][vc_custom_heading text=&#8221;SALESFORCE CRM&#8221; font_container=&#8221;tag:h4|text_align:center|color:%23000000&#8243; use_theme_fonts=&#8221;yes&#8221;][vc_empty_space][vc_single_image image=&#8221;22767&#8243; img_size=&#8221;512&#215;375&#8243; alignment=&#8221;center&#8221; onclick=&#8221;custom_link&#8221; css_animation=&#8221;none&#8221; css=&#8221;&#8221; link=&#8221;https:\/\/www.inspark.com\/salesforce-crm-ucretsiz-deneme-surumu&#8221;][vc_btn title=&#8221;SALESFORCE CRM DEMO&#8221; color=&#8221;white&#8221; align=&#8221;center&#8221; link=&#8221;url:https%3A%2F%2Fwww.inspark.com%2Fen%2Fsalesforce-crm-free-trial-for-30-days|||&#8221;][vc_separator style=&#8221;style-4&#8243;][vc_column_text]\n<blockquote>\n<p><strong>Salesforce.com | Consulting and Reseller Partner \u2013 INSPARK<\/strong><\/p>\n<\/blockquote>\n<p>INSPARK helps innovative companies differentiate their sales, marketing, and customer service experience with cloud application development. As Salesforce.com\u2019s consulting and reseller partner, INSPARK has expertise in solution design, custom app development on Force.com, Sales and Service Cloud, Customer and Partner Portals.<\/p>\n<p>To learn more about how we work with our clients, contact us to speak with a client advisor.<\/p>\n[\/vc_column_text][vc_separator style=&#8221;style-4&#8243;][vc_single_image image=&#8221;23420&#8243; img_size=&#8221;full&#8221; css_animation=&#8221;none&#8221; css=&#8221;&#8221;][\/vc_column_inner][vc_column_inner width=&#8221;1\/12&#8243; rt_wrp_col_paddings=&#8221;false&#8221; rt_border_top=&#8221;&#8221; rt_border_bottom=&#8221;&#8221; rt_border_left=&#8221;&#8221; rt_border_right=&#8221;&#8221; rt_border_top_mobile=&#8221;&#8221; rt_border_bottom_mobile=&#8221;&#8221; rt_border_left_mobile=&#8221;&#8221; rt_border_right_mobile=&#8221;&#8221; rt_bg_image_repeat=&#8221;repeat&#8221; rt_bg_size=&#8221;auto auto&#8221; rt_bg_position=&#8221;right top&#8221; rt_bg_attachment=&#8221;scroll&#8221;][\/vc_column_inner][\/vc_row_inner][vc_empty_space][\/vc_column][\/vc_row][vc_row disable_element=&#8221;yes&#8221; rt_row_background_width=&#8221;fullwidth&#8221; rt_row_content_width=&#8221;fullwidth&#8221; rt_row_style=&#8221;default-style&#8221; rt_column_placement=&#8221;middle&#8221; rt_row_borders=&#8221;&#8221; rt_row_paddings=&#8221;true&#8221; rt_bg_effect=&#8221;classic&#8221; rt_bg_image_repeat=&#8221;repeat&#8221; rt_bg_size=&#8221;cover&#8221; rt_bg_position=&#8221;right top&#8221; rt_bg_attachment=&#8221;scroll&#8221; rt_bg_video_format=&#8221;self-hosted&#8221; type=&#8221;vc_default&#8221; full_width=&#8221;stretch_row_content_no_spaces&#8221; content_placement=&#8221;middle&#8221; class=&#8221;graback1 one-video&#8221;][vc_column width=&#8221;1\/12&#8243; rt_wrp_col_paddings=&#8221;false&#8221; rt_border_top=&#8221;&#8221; rt_border_bottom=&#8221;&#8221; rt_border_left=&#8221;&#8221; rt_border_right=&#8221;&#8221; rt_border_top_mobile=&#8221;&#8221; rt_border_bottom_mobile=&#8221;&#8221; rt_border_left_mobile=&#8221;&#8221; rt_border_right_mobile=&#8221;&#8221; rt_bg_image_repeat=&#8221;repeat&#8221; rt_bg_size=&#8221;auto auto&#8221; rt_bg_position=&#8221;right top&#8221; rt_bg_attachment=&#8221;scroll&#8221;][\/vc_column][vc_column width=&#8221;10\/12&#8243; rt_wrp_col_paddings=&#8221;false&#8221; rt_border_top=&#8221;&#8221; rt_border_bottom=&#8221;&#8221; rt_border_left=&#8221;&#8221; rt_border_right=&#8221;&#8221; rt_border_top_mobile=&#8221;&#8221; rt_border_bottom_mobile=&#8221;&#8221; rt_border_left_mobile=&#8221;&#8221; rt_border_right_mobile=&#8221;&#8221; rt_bg_image_repeat=&#8221;repeat&#8221; rt_bg_size=&#8221;auto auto&#8221; rt_bg_position=&#8221;right top&#8221; rt_bg_attachment=&#8221;scroll&#8221;][vc_video link=&#8221;https:\/\/www.youtube.com\/watch?v=KW5lO34uOsM&#8221; align=&#8221;center&#8221;][\/vc_column][vc_column width=&#8221;1\/12&#8243; rt_wrp_col_paddings=&#8221;false&#8221; rt_border_top=&#8221;&#8221; rt_border_bottom=&#8221;&#8221; rt_border_left=&#8221;&#8221; rt_border_right=&#8221;&#8221; rt_border_top_mobile=&#8221;&#8221; rt_border_bottom_mobile=&#8221;&#8221; rt_border_left_mobile=&#8221;&#8221; rt_border_right_mobile=&#8221;&#8221; rt_bg_image_repeat=&#8221;repeat&#8221; rt_bg_size=&#8221;auto auto&#8221; rt_bg_position=&#8221;right top&#8221; rt_bg_attachment=&#8221;scroll&#8221;][\/vc_column][\/vc_row][vc_row rt_row_background_width=&#8221;fullwidth&#8221; rt_row_content_width=&#8221;default&#8221; rt_row_style=&#8221;default-style&#8221; rt_column_placement=&#8221;middle&#8221; rt_row_borders=&#8221;&#8221; rt_row_paddings=&#8221;true&#8221; id=&#8221;home-section-8&#8243; rt_bg_effect=&#8221;classic&#8221; rt_bg_image_repeat=&#8221;repeat&#8221; rt_bg_size=&#8221;cover&#8221; rt_bg_position=&#8221;right top&#8221; rt_bg_attachment=&#8221;scroll&#8221; rt_bg_video_format=&#8221;self-hosted&#8221; type=&#8221;vc_default&#8221; full_width=&#8221;stretch_row_content_no_spaces&#8221; content_placement=&#8221;middle&#8221; class=&#8221;graback1&#8243;][vc_column rt_wrp_col_paddings=&#8221;false&#8221; rt_border_top=&#8221;&#8221; rt_border_bottom=&#8221;&#8221; rt_border_left=&#8221;&#8221; rt_border_right=&#8221;&#8221; rt_border_top_mobile=&#8221;&#8221; rt_border_bottom_mobile=&#8221;&#8221; rt_border_left_mobile=&#8221;&#8221; rt_border_right_mobile=&#8221;&#8221; rt_bg_image_repeat=&#8221;repeat&#8221; rt_bg_size=&#8221;auto auto&#8221; rt_bg_position=&#8221;right top&#8221; rt_bg_attachment=&#8221;scroll&#8221;][vc_custom_heading text=&#8221;LET&#8217;S TRANSFORM<br \/>\nTOGETHER&#8221; font_container=&#8221;tag:h2|text_align:left|color:%23000000&#8243; use_theme_fonts=&#8221;yes&#8221;][vc_separator style=&#8221;style-2&#8243; color=&#8221;#000000&#8243; border_width=&#8221;3&#8243;][\/vc_column][\/vc_row]\n","protected":false},"excerpt":{"rendered":"<p>[vc_row rt_row_background_width=&#8221;fullwidth&#8221; rt_row_content_width=&#8221;fullwidth&#8221; rt_row_style=&#8221;default-style&#8221; rt_column_placement=&#8221;middle&#8221; rt_row_borders=&#8221;&#8221; rt_row_paddings=&#8221;false&#8221; rt_bg_image=&#8221;24230&#8243; rt_bg_effect=&#8221;classic&#8221; rt_bg_image_repeat=&#8221;no-repeat&#8221; rt_bg_size=&#8221;cover&#8221; rt_bg_position=&#8221;center center&#8221; rt_bg_attachment=&#8221;scroll&#8221; rt_bg_video_format=&#8221;youtube&#8221; margin_top=&#8221;0px&#8221; full_width=&#8221;&#8221; padding_left=&#8221;0&#8243; padding_right=&#8221;0&#8243; bg_position=&#8221;top&#8221; [&hellip;]<\/p>\n","protected":false},"author":2,"featured_media":0,"parent":0,"menu_order":0,"comment_status":"closed","ping_status":"closed","template":"","meta":{"footnotes":""},"class_list":["post-20770","page","type-page","status-publish","hentry"],"yoast_head":"<!-- This site is optimized with the Yoast SEO Premium plugin v20.9 (Yoast SEO v27.5) - https:\/\/yoast.com\/product\/yoast-seo-premium-wordpress\/ -->\n<title>Salesforce Support Services - INSPARK Intelligent Business Solutions<\/title>\n<meta name=\"description\" content=\"As Salesforce.com\u2019s gold consulting and reseller partner, INSPARK has expertise in solution design, custom app development and Salesforce Support Services\" \/>\n<meta name=\"robots\" content=\"index, follow, max-snippet:-1, max-image-preview:large, max-video-preview:-1\" \/>\n<link rel=\"canonical\" href=\"https:\/\/www.inspark.com\/en\/inspark-salesforce-support-services\/\" \/>\n<meta property=\"og:locale\" content=\"en_US\" \/>\n<meta property=\"og:type\" content=\"article\" \/>\n<meta property=\"og:title\" content=\"Support\" \/>\n<meta property=\"og:description\" content=\"As Salesforce.com\u2019s gold consulting and reseller partner, INSPARK has expertise in solution design, custom app development and Salesforce Support Services\" \/>\n<meta property=\"og:url\" content=\"https:\/\/www.inspark.com\/en\/inspark-salesforce-support-services\/\" \/>\n<meta property=\"og:site_name\" content=\"Salesforce T\u00fcrkiye Yetkili Sat\u0131c\u0131s\u0131 ve \u0130\u015f Orta\u011f\u0131\" \/>\n<meta property=\"article:modified_time\" content=\"2025-10-05T21:03:59+00:00\" \/>\n<meta name=\"twitter:card\" content=\"summary_large_image\" \/>\n<meta name=\"twitter:label1\" content=\"Est. reading time\" \/>\n\t<meta name=\"twitter:data1\" content=\"5 minutes\" \/>\n<script type=\"application\/ld+json\" class=\"yoast-schema-graph\">{\"@context\":\"https:\\\/\\\/schema.org\",\"@graph\":[{\"@type\":\"WebPage\",\"@id\":\"https:\\\/\\\/www.inspark.com\\\/en\\\/inspark-salesforce-support-services\\\/\",\"url\":\"https:\\\/\\\/www.inspark.com\\\/en\\\/inspark-salesforce-support-services\\\/\",\"name\":\"Salesforce Support Services - INSPARK Intelligent Business Solutions\",\"isPartOf\":{\"@id\":\"https:\\\/\\\/www.inspark.com\\\/en\\\/#website\"},\"datePublished\":\"2017-05-07T15:45:49+00:00\",\"dateModified\":\"2025-10-05T21:03:59+00:00\",\"description\":\"As Salesforce.com\u2019s gold consulting and reseller partner, INSPARK has expertise in solution design, custom app development and Salesforce Support Services\",\"breadcrumb\":{\"@id\":\"https:\\\/\\\/www.inspark.com\\\/en\\\/inspark-salesforce-support-services\\\/#breadcrumb\"},\"inLanguage\":\"en-US\",\"potentialAction\":[{\"@type\":\"ReadAction\",\"target\":[\"https:\\\/\\\/www.inspark.com\\\/en\\\/inspark-salesforce-support-services\\\/\"]}]},{\"@type\":\"BreadcrumbList\",\"@id\":\"https:\\\/\\\/www.inspark.com\\\/en\\\/inspark-salesforce-support-services\\\/#breadcrumb\",\"itemListElement\":[{\"@type\":\"ListItem\",\"position\":1,\"name\":\"Ana sayfa\",\"item\":\"https:\\\/\\\/www.inspark.com\\\/en\\\/\"},{\"@type\":\"ListItem\",\"position\":2,\"name\":\"Support\"}]},{\"@type\":\"WebSite\",\"@id\":\"https:\\\/\\\/www.inspark.com\\\/en\\\/#website\",\"url\":\"https:\\\/\\\/www.inspark.com\\\/en\\\/\",\"name\":\"Salesforce T\u00fcrkiye Yetkili Sat\u0131c\u0131s\u0131 ve \u0130\u015f Orta\u011f\u0131\",\"description\":\"&quot;Your Intelligent Partner&quot;\",\"potentialAction\":[{\"@type\":\"SearchAction\",\"target\":{\"@type\":\"EntryPoint\",\"urlTemplate\":\"https:\\\/\\\/www.inspark.com\\\/en\\\/?s={search_term_string}\"},\"query-input\":{\"@type\":\"PropertyValueSpecification\",\"valueRequired\":true,\"valueName\":\"search_term_string\"}}],\"inLanguage\":\"en-US\"}]}<\/script>\n<!-- \/ Yoast SEO Premium plugin. -->","yoast_head_json":{"title":"Salesforce Support Services - INSPARK Intelligent Business Solutions","description":"As Salesforce.com\u2019s gold consulting and reseller partner, INSPARK has expertise in solution design, custom app development and Salesforce Support Services","robots":{"index":"index","follow":"follow","max-snippet":"max-snippet:-1","max-image-preview":"max-image-preview:large","max-video-preview":"max-video-preview:-1"},"canonical":"https:\/\/www.inspark.com\/en\/inspark-salesforce-support-services\/","og_locale":"en_US","og_type":"article","og_title":"Support","og_description":"As Salesforce.com\u2019s gold consulting and reseller partner, INSPARK has expertise in solution design, custom app development and Salesforce Support Services","og_url":"https:\/\/www.inspark.com\/en\/inspark-salesforce-support-services\/","og_site_name":"Salesforce T\u00fcrkiye Yetkili Sat\u0131c\u0131s\u0131 ve \u0130\u015f Orta\u011f\u0131","article_modified_time":"2025-10-05T21:03:59+00:00","twitter_card":"summary_large_image","twitter_misc":{"Est. reading time":"5 minutes"},"schema":{"@context":"https:\/\/schema.org","@graph":[{"@type":"WebPage","@id":"https:\/\/www.inspark.com\/en\/inspark-salesforce-support-services\/","url":"https:\/\/www.inspark.com\/en\/inspark-salesforce-support-services\/","name":"Salesforce Support Services - INSPARK Intelligent Business Solutions","isPartOf":{"@id":"https:\/\/www.inspark.com\/en\/#website"},"datePublished":"2017-05-07T15:45:49+00:00","dateModified":"2025-10-05T21:03:59+00:00","description":"As Salesforce.com\u2019s gold consulting and reseller partner, INSPARK has expertise in solution design, custom app development and Salesforce Support Services","breadcrumb":{"@id":"https:\/\/www.inspark.com\/en\/inspark-salesforce-support-services\/#breadcrumb"},"inLanguage":"en-US","potentialAction":[{"@type":"ReadAction","target":["https:\/\/www.inspark.com\/en\/inspark-salesforce-support-services\/"]}]},{"@type":"BreadcrumbList","@id":"https:\/\/www.inspark.com\/en\/inspark-salesforce-support-services\/#breadcrumb","itemListElement":[{"@type":"ListItem","position":1,"name":"Ana sayfa","item":"https:\/\/www.inspark.com\/en\/"},{"@type":"ListItem","position":2,"name":"Support"}]},{"@type":"WebSite","@id":"https:\/\/www.inspark.com\/en\/#website","url":"https:\/\/www.inspark.com\/en\/","name":"Salesforce T\u00fcrkiye Yetkili Sat\u0131c\u0131s\u0131 ve \u0130\u015f Orta\u011f\u0131","description":"&quot;Your Intelligent Partner&quot;","potentialAction":[{"@type":"SearchAction","target":{"@type":"EntryPoint","urlTemplate":"https:\/\/www.inspark.com\/en\/?s={search_term_string}"},"query-input":{"@type":"PropertyValueSpecification","valueRequired":true,"valueName":"search_term_string"}}],"inLanguage":"en-US"}]}},"_links":{"self":[{"href":"https:\/\/www.inspark.com\/en\/wp-json\/wp\/v2\/pages\/20770","targetHints":{"allow":["GET"]}}],"collection":[{"href":"https:\/\/www.inspark.com\/en\/wp-json\/wp\/v2\/pages"}],"about":[{"href":"https:\/\/www.inspark.com\/en\/wp-json\/wp\/v2\/types\/page"}],"author":[{"embeddable":true,"href":"https:\/\/www.inspark.com\/en\/wp-json\/wp\/v2\/users\/2"}],"replies":[{"embeddable":true,"href":"https:\/\/www.inspark.com\/en\/wp-json\/wp\/v2\/comments?post=20770"}],"version-history":[{"count":9,"href":"https:\/\/www.inspark.com\/en\/wp-json\/wp\/v2\/pages\/20770\/revisions"}],"predecessor-version":[{"id":31571,"href":"https:\/\/www.inspark.com\/en\/wp-json\/wp\/v2\/pages\/20770\/revisions\/31571"}],"wp:attachment":[{"href":"https:\/\/www.inspark.com\/en\/wp-json\/wp\/v2\/media?parent=20770"}],"curies":[{"name":"wp","href":"https:\/\/api.w.org\/{rel}","templated":true}]}}